{"id":5922,"date":"2015-09-18T10:11:28","date_gmt":"2015-09-18T09:11:28","guid":{"rendered":"https:\/\/www.chateau-montrose.com\/?page_id=5922"},"modified":"2020-09-14T15:59:14","modified_gmt":"2020-09-14T14:59:14","slug":"an-exeptional-terroir","status":"publish","type":"page","link":"https:\/\/www.chateau-montrose.com\/en\/an-exeptional-terroir\/","title":{"rendered":"An exceptional terroir"},"content":{"rendered":"\n<style type=\"text\/css\" data-created_by=\"avia_inline_auto\" id=\"style-css-av-j9f1oy-3ce472280a352bbcc90066680d89c48a\">\n.avia-section.av-j9f1oy-3ce472280a352bbcc90066680d89c48a{\nbackground-color:#f7f4ef;\nbackground-image:url(https:\/\/www.chateau-montrose.com\/wp-content\/uploads\/2015\/03\/UN-TERROIR-EXCEPTIONNEL2.jpg);\nbackground-repeat:no-repeat;\nbackground-position:50% 0%;\nbackground-attachment:scroll;\n}\n<\/style>\n<div id='av_section_1'  class='avia-section av-j9f1oy-3ce472280a352bbcc90066680d89c48a main_color avia-section-default avia-no-shadow  avia-builder-el-0  el_before_av_section  avia-builder-el-first  avia-bg-style-scroll av-minimum-height av-minimum-height-custom av-height-custom  container_wrap fullsize'  data-section-bg-repeat='no-repeat' data-av_minimum_height_px='330'><div class='container av-section-cont-open' style='height:330px'><main  role=\"main\" itemprop=\"mainContentOfPage\"  class='template-page content  av-content-full alpha units'><div class='post-entry post-entry-type-page post-entry-5922'><div class='entry-content-wrapper clearfix'>\n<\/div><\/div><\/main><!-- close content main element --><\/div><\/div>\n<style type=\"text\/css\" data-created_by=\"avia_inline_auto\" id=\"style-css-av-gznswi-3077053f8f75d9452fa75ecb1537ea93\">\n.avia-section.av-gznswi-3077053f8f75d9452fa75ecb1537ea93{\nbackground-color:#f7f4ef;\nbackground-image:unset;\n}\n<\/style>\n<div id='av_section_2'  class='avia-section av-gznswi-3077053f8f75d9452fa75ecb1537ea93 main_color avia-section-small avia-no-border-styling  avia-builder-el-1  el_after_av_section  el_before_av_section  avia-bg-style-scroll av-minimum-height av-minimum-height-custom av-height-custom  container_wrap fullsize'   data-av_minimum_height_px='260'><div class='container av-section-cont-open' style='height:260px'><div class='template-page content  av-content-full alpha units'><div class='post-entry post-entry-type-page post-entry-5922'><div class='entry-content-wrapper clearfix'>\n\n<style type=\"text\/css\" data-created_by=\"avia_inline_auto\" id=\"style-css-av-fd53uq-e739f42c5c78180f435b8f1689c28c6a\">\n#top .av-special-heading.av-fd53uq-e739f42c5c78180f435b8f1689c28c6a{\npadding-bottom:10px;\ncolor:#2b2b2b;\nfont-size:50px;\n}\nbody .av-special-heading.av-fd53uq-e739f42c5c78180f435b8f1689c28c6a .av-special-heading-tag .heading-char{\nfont-size:25px;\n}\n#top #wrap_all .av-special-heading.av-fd53uq-e739f42c5c78180f435b8f1689c28c6a .av-special-heading-tag{\nfont-size:50px;\n}\n.av-special-heading.av-fd53uq-e739f42c5c78180f435b8f1689c28c6a .special-heading-inner-border{\nborder-color:#2b2b2b;\n}\n.av-special-heading.av-fd53uq-e739f42c5c78180f435b8f1689c28c6a .av-subheading{\nfont-size:15px;\n}\n\n@media only screen and (min-width: 480px) and (max-width: 767px){ \n#top #wrap_all .av-special-heading.av-fd53uq-e739f42c5c78180f435b8f1689c28c6a .av-special-heading-tag{\nfont-size:0.8em;\n}\n}\n\n@media only screen and (max-width: 479px){ \n#top #wrap_all .av-special-heading.av-fd53uq-e739f42c5c78180f435b8f1689c28c6a .av-special-heading-tag{\nfont-size:0.8em;\n}\n}\n<\/style>\n<div  class='av-special-heading av-fd53uq-e739f42c5c78180f435b8f1689c28c6a av-special-heading-h2 custom-color-heading blockquote modern-quote modern-centered  avia-builder-el-2  el_before_av_font_icon  avia-builder-el-first  av-inherit-size'><h2 class='av-special-heading-tag '  itemprop=\"headline\"  >AN EXCEPTIONAL TERROIR<\/h2><div class=\"special-heading-border\"><div class=\"special-heading-inner-border\"><\/div><\/div><\/div>\n\n<style type=\"text\/css\" data-created_by=\"avia_inline_auto\" id=\"style-css-av-dnuyk2-d56a37f5253b37e8f5577b87d2fc5465\">\n.av_font_icon.av-dnuyk2-d56a37f5253b37e8f5577b87d2fc5465{\ncolor:#b88a3a;\nborder-color:#b88a3a;\n}\n.avia-svg-icon.av-dnuyk2-d56a37f5253b37e8f5577b87d2fc5465 svg:first-child{\nstroke:#b88a3a;\nfill:#b88a3a;\n}\n.av_font_icon.av-dnuyk2-d56a37f5253b37e8f5577b87d2fc5465 .av-icon-char{\nfont-size:40px;\nline-height:40px;\n}\n<\/style>\n<span  class='av_font_icon av-dnuyk2-d56a37f5253b37e8f5577b87d2fc5465 avia_animate_when_visible av-icon-style- avia-icon-pos-center avia-iconfont avia-font-entypo-fontello avia-icon-animate'><span class='av-icon-char' data-av_icon='\ue819' data-av_iconfont='entypo-fontello' aria-hidden=\"true\" ><\/span><\/span>\n<div  class='flex_column av-chce8y-85e9f8595407b5d45cdc8368f2741efd av_one_half  avia-builder-el-4  el_after_av_font_icon  el_before_av_one_half  first flex_column_div  '     ><section  class='av_textblock_section av-kdaceb96-81baadb3aa9724e1bc15e3bc00db95be '   itemscope=\"itemscope\" itemtype=\"https:\/\/schema.org\/CreativeWork\" ><div class='avia_textblock'  itemprop=\"text\" ><p><span lang=\"en-GB\">Blessed with undisputed natural assets combined with advantages nurtured over the centuries, Ch\u00e2teau Montrose has one of the region\u2019s most privileged winegrowing terroirs.<\/span><\/p>\n<p><span lang=\"en-GB\">The 95-hectare (234-acres) vineyard surrounds the ch\u00e2teau, the winery and the outbuildings in a single continuous sweep, an exceptional and historically very rare feature. As well as making the vineyard easier to work, this unity means that it can be treated as a single entity, providing ideal conditions for efficient organisation and for monitoring the condition of each parcel.<\/span><\/p>\n<p><span lang=\"en-GB\">The Montrose terroir corresponds to what geologists call \u201celite cores\u201d. Over millions of years, a complex process of geological layering resulted in the\u00a0creation of outcrops, ideal for making fine wines\u00a0and ensuring natural drainage towards the estuary.<br \/>\n<\/span><\/p>\n<\/div><\/section><\/div>\n<style type=\"text\/css\" data-created_by=\"avia_inline_auto\" id=\"style-css-av-1300oy-29dacf9f783de8f9a84ce9731344ea80\">\n.flex_column.av-1300oy-29dacf9f783de8f9a84ce9731344ea80{\nborder-radius:0px 0px 0px 0px;\npadding:0px 0px 0px 0px;\n}\n<\/style>\n<div  class='flex_column av-1300oy-29dacf9f783de8f9a84ce9731344ea80 av_one_half  avia-builder-el-6  el_after_av_one_half  avia-builder-el-last  flex_column_div av-zero-column-padding  '     ><section  class='av_textblock_section av-zcugy-7149c7850f005a1987917f1b0b2e1387 '   itemscope=\"itemscope\" itemtype=\"https:\/\/schema.org\/CreativeWork\" ><div class='avia_textblock'  itemprop=\"text\" ><p><span lang=\"en-GB\">The soil on these terraces consists of gravel mixed with sand on the surface over a clay-rich subsoil in which natural reserves form at depth, providing the vines with the water they need.<\/span><\/p>\n<p><span lang=\"en-GB\">At Ch\u00e2teau Montrose, the largest parcel is two hectares (five acres), the smallest only a few hundred square metres, but each has its own personality, its own particular soil or subsoil, and vines whose age, yield, variety or rootstock are different from those of its neighbour. In the end it is the wine itself which, in its own way, brings this amazing patchwork together, since it is both the result and the synthesis of each micro-terroir.<\/span><\/p>\n<p style=\"text-align: justify;\">\n<\/div><\/section><\/div>\n\n<\/div><\/div><\/div><!-- close content main div --><\/div><\/div>\n<style type=\"text\/css\" data-created_by=\"avia_inline_auto\" id=\"style-css-av-7je58y-80e94ce52c6bb3f6b7af208e2f3dbaf1\">\n.avia-section.av-7je58y-80e94ce52c6bb3f6b7af208e2f3dbaf1 .av-parallax .av-parallax-inner{\nbackground-color:#f7f4ef;\nbackground-image:url(https:\/\/www.chateau-montrose.com\/wp-content\/uploads\/2015\/03\/CM_082681.jpg);\nbackground-repeat:no-repeat;\nbackground-position:0% 0%;\nbackground-attachment:scroll;\n}\n<\/style>\n<div id='av_section_3'  class='avia-section av-7je58y-80e94ce52c6bb3f6b7af208e2f3dbaf1 main_color avia-section-default avia-no-border-styling  avia-builder-el-8  el_after_av_section  el_before_avia_so_triple_grid  av-parallax-section avia-bg-style-parallax av-minimum-height av-minimum-height-custom av-height-custom  container_wrap fullsize'  data-section-bg-repeat='no-repeat' data-av_minimum_height_px='600'><div class='av-parallax' data-avia-parallax-ratio='0.3' ><div class='av-parallax-inner main_color avia-full-stretch'><\/div><\/div><div class='container av-section-cont-open' style='height:600px'><div class='template-page content  av-content-full alpha units'><div class='post-entry post-entry-type-page post-entry-5922'><div class='entry-content-wrapper clearfix'>\n<\/div><\/div><\/div><!-- close content main div --><\/div><\/div><div   class='main_color avia-no-border-styling container_wrap fullsize'  ><div class='sotg-zones_wrapper clearfix '><div class='av_section sotg-zone clearfix sotg-zone_1 sotb_responsive_bg_image' style=\"width: 50%; padding: 4% 5% 10% 5%; background-color: #f7f4ef; background-image: url('https:\/\/www.chateau-montrose.com\/wp-content\/uploads\/2015\/09\/CM_00489.jpg'); background-position: top center; background-size: 100% auto;\">\n<style type=\"text\/css\" data-created_by=\"avia_inline_auto\" id=\"style-css-av-kf2nkjhg-0b236d0fef1fa7439c4ef9c7032d8d0b\">\n#top .av-special-heading.av-kf2nkjhg-0b236d0fef1fa7439c4ef9c7032d8d0b{\npadding-bottom:40px;\ncolor:#ffffff;\n}\nbody .av-special-heading.av-kf2nkjhg-0b236d0fef1fa7439c4ef9c7032d8d0b .av-special-heading-tag .heading-char{\nfont-size:25px;\n}\n.av-special-heading.av-kf2nkjhg-0b236d0fef1fa7439c4ef9c7032d8d0b .special-heading-inner-border{\nborder-color:#ffffff;\n}\n.av-special-heading.av-kf2nkjhg-0b236d0fef1fa7439c4ef9c7032d8d0b .av-subheading{\nfont-size:15px;\n}\n<\/style>\n<div  class='av-special-heading av-kf2nkjhg-0b236d0fef1fa7439c4ef9c7032d8d0b av-special-heading-h5 custom-color-heading blockquote modern-quote modern-centered  avia-builder-el-10  el_before_av_image  avia-builder-el-first '><h5 class='av-special-heading-tag '  itemprop=\"headline\"  >\u00ab We are intermediaries, we are here to reveal a terroir, to support and respect it. \u00bb.<\/h5><div class=\"special-heading-border\"><div class=\"special-heading-inner-border\"><\/div><\/div><\/div>\n<\/div><div class='av_section sotg-zone clearfix sotg-zone_2 ' style=\"width: 50%; background-position: top left; background-size: auto auto;\">\n<style type=\"text\/css\" data-created_by=\"avia_inline_auto\" id=\"style-css-av-388spu-deb5c7257780e0ab4e9bc9267f5d76f9\">\n.avia-image-container.av-388spu-deb5c7257780e0ab4e9bc9267f5d76f9 img.avia_image{\nbox-shadow:none;\n}\n.avia-image-container.av-388spu-deb5c7257780e0ab4e9bc9267f5d76f9 .av-image-caption-overlay-center{\ncolor:#ffffff;\n}\n<\/style>\n<div  class='avia-image-container av-388spu-deb5c7257780e0ab4e9bc9267f5d76f9 av-styling- avia-align-center  avia-builder-el-11  el_after_av_heading  avia-builder-el-last '   itemprop=\"image\" itemscope=\"itemscope\" itemtype=\"https:\/\/schema.org\/ImageObject\" ><div class=\"avia-image-container-inner\"><div class=\"avia-image-overlay-wrap\"><img decoding=\"async\" fetchpriority=\"high\" class='wp-image-4424 avia-img-lazy-loading-not-4424 avia_image ' src=\"https:\/\/www.chateau-montrose.com\/wp-content\/uploads\/2015\/06\/Vendanges-Montrose164-Herv\u00e9-Fabre.jpg\" alt='' title='Vendanges-Montrose164-Herv\u00e9-Fabre'  height=\"1000\" width=\"1000\"  itemprop=\"thumbnailUrl\" srcset=\"https:\/\/www.chateau-montrose.com\/wp-content\/uploads\/2015\/06\/Vendanges-Montrose164-Herv\u00e9-Fabre.jpg 1000w, https:\/\/www.chateau-montrose.com\/wp-content\/uploads\/2015\/06\/Vendanges-Montrose164-Herv\u00e9-Fabre-80x80.jpg 80w, https:\/\/www.chateau-montrose.com\/wp-content\/uploads\/2015\/06\/Vendanges-Montrose164-Herv\u00e9-Fabre-300x300.jpg 300w, https:\/\/www.chateau-montrose.com\/wp-content\/uploads\/2015\/06\/Vendanges-Montrose164-Herv\u00e9-Fabre-36x36.jpg 36w, https:\/\/www.chateau-montrose.com\/wp-content\/uploads\/2015\/06\/Vendanges-Montrose164-Herv\u00e9-Fabre-180x180.jpg 180w, https:\/\/www.chateau-montrose.com\/wp-content\/uploads\/2015\/06\/Vendanges-Montrose164-Herv\u00e9-Fabre-705x705.jpg 705w, https:\/\/www.chateau-montrose.com\/wp-content\/uploads\/2015\/06\/Vendanges-Montrose164-Herv\u00e9-Fabre-120x120.jpg 120w, https:\/\/www.chateau-montrose.com\/wp-content\/uploads\/2015\/06\/Vendanges-Montrose164-Herv\u00e9-Fabre-450x450.jpg 450w\" sizes=\"(max-width: 1000px) 100vw, 1000px\" \/><\/div><\/div><\/div>\n<\/div><\/div><\/div>\n","protected":false},"excerpt":{"rendered":"","protected":false},"author":1,"featured_media":0,"parent":0,"menu_order":0,"comment_status":"open","ping_status":"closed","template":"","meta":{"footnotes":""},"class_list":["post-5922","page","type-page","status-publish","hentry"],"yoast_head":"<!-- This site is optimized with the Yoast SEO plugin v26.7 - https:\/\/yoast.com\/wordpress\/plugins\/seo\/ -->\n<title>An exceptional terroir - Ch\u00e2teau Montrose<\/title>\n<meta name=\"description\" content=\"Discover the exceptional terroir of the Ch\u00e2teau Montrose, in Saint-Est\u00e8phe.\" \/>\n<meta name=\"robots\" content=\"index, follow, max-snippet:-1, max-image-preview:large, max-video-preview:-1\" \/>\n<link rel=\"canonical\" href=\"https:\/\/www.chateau-montrose.com\/en\/an-exeptional-terroir\/\" \/>\n<meta property=\"og:locale\" content=\"en_US\" \/>\n<meta property=\"og:type\" content=\"article\" \/>\n<meta property=\"og:title\" content=\"An exceptional terroir - Ch\u00e2teau Montrose\" \/>\n<meta property=\"og:description\" content=\"Discover the exceptional terroir of the Ch\u00e2teau Montrose, in Saint-Est\u00e8phe.\" \/>\n<meta property=\"og:url\" content=\"https:\/\/www.chateau-montrose.com\/en\/an-exeptional-terroir\/\" \/>\n<meta property=\"og:site_name\" content=\"Ch\u00e2teau Montrose\" \/>\n<meta property=\"article:modified_time\" content=\"2020-09-14T14:59:14+00:00\" \/>\n<meta name=\"twitter:card\" content=\"summary_large_image\" \/>\n<meta name=\"twitter:label1\" content=\"Est. reading time\" \/>\n\t<meta name=\"twitter:data1\" content=\"5 minutes\" \/>\n<script type=\"application\/ld+json\" class=\"yoast-schema-graph\">{\"@context\":\"https:\/\/schema.org\",\"@graph\":[{\"@type\":\"WebPage\",\"@id\":\"https:\/\/www.chateau-montrose.com\/en\/an-exeptional-terroir\/\",\"url\":\"https:\/\/www.chateau-montrose.com\/en\/an-exeptional-terroir\/\",\"name\":\"An exceptional terroir - Ch\u00e2teau Montrose\",\"isPartOf\":{\"@id\":\"https:\/\/www.chateau-montrose.com\/#website\"},\"datePublished\":\"2015-09-18T09:11:28+00:00\",\"dateModified\":\"2020-09-14T14:59:14+00:00\",\"description\":\"Discover the exceptional terroir of the Ch\u00e2teau Montrose, in Saint-Est\u00e8phe.\",\"breadcrumb\":{\"@id\":\"https:\/\/www.chateau-montrose.com\/en\/an-exeptional-terroir\/#breadcrumb\"},\"inLanguage\":\"en-US\",\"potentialAction\":[{\"@type\":\"ReadAction\",\"target\":[\"https:\/\/www.chateau-montrose.com\/en\/an-exeptional-terroir\/\"]}]},{\"@type\":\"BreadcrumbList\",\"@id\":\"https:\/\/www.chateau-montrose.com\/en\/an-exeptional-terroir\/#breadcrumb\",\"itemListElement\":[{\"@type\":\"ListItem\",\"position\":1,\"name\":\"Accueil\",\"item\":\"https:\/\/www.chateau-montrose.com\/en\/\"},{\"@type\":\"ListItem\",\"position\":2,\"name\":\"An exceptional terroir\"}]},{\"@type\":\"WebSite\",\"@id\":\"https:\/\/www.chateau-montrose.com\/#website\",\"url\":\"https:\/\/www.chateau-montrose.com\/\",\"name\":\"Ch\u00e2teau Montrose\",\"description\":\"Un site utilisant WordPress\",\"potentialAction\":[{\"@type\":\"SearchAction\",\"target\":{\"@type\":\"EntryPoint\",\"urlTemplate\":\"https:\/\/www.chateau-montrose.com\/?s={search_term_string}\"},\"query-input\":{\"@type\":\"PropertyValueSpecification\",\"valueRequired\":true,\"valueName\":\"search_term_string\"}}],\"inLanguage\":\"en-US\"}]}<\/script>\n<!-- \/ Yoast SEO plugin. -->","yoast_head_json":{"title":"An exceptional terroir - Ch\u00e2teau Montrose","description":"Discover the exceptional terroir of the Ch\u00e2teau Montrose, in Saint-Est\u00e8phe.","robots":{"index":"index","follow":"follow","max-snippet":"max-snippet:-1","max-image-preview":"max-image-preview:large","max-video-preview":"max-video-preview:-1"},"canonical":"https:\/\/www.chateau-montrose.com\/en\/an-exeptional-terroir\/","og_locale":"en_US","og_type":"article","og_title":"An exceptional terroir - Ch\u00e2teau Montrose","og_description":"Discover the exceptional terroir of the Ch\u00e2teau Montrose, in Saint-Est\u00e8phe.","og_url":"https:\/\/www.chateau-montrose.com\/en\/an-exeptional-terroir\/","og_site_name":"Ch\u00e2teau Montrose","article_modified_time":"2020-09-14T14:59:14+00:00","twitter_card":"summary_large_image","twitter_misc":{"Est. reading time":"5 minutes"},"schema":{"@context":"https:\/\/schema.org","@graph":[{"@type":"WebPage","@id":"https:\/\/www.chateau-montrose.com\/en\/an-exeptional-terroir\/","url":"https:\/\/www.chateau-montrose.com\/en\/an-exeptional-terroir\/","name":"An exceptional terroir - Ch\u00e2teau Montrose","isPartOf":{"@id":"https:\/\/www.chateau-montrose.com\/#website"},"datePublished":"2015-09-18T09:11:28+00:00","dateModified":"2020-09-14T14:59:14+00:00","description":"Discover the exceptional terroir of the Ch\u00e2teau Montrose, in Saint-Est\u00e8phe.","breadcrumb":{"@id":"https:\/\/www.chateau-montrose.com\/en\/an-exeptional-terroir\/#breadcrumb"},"inLanguage":"en-US","potentialAction":[{"@type":"ReadAction","target":["https:\/\/www.chateau-montrose.com\/en\/an-exeptional-terroir\/"]}]},{"@type":"BreadcrumbList","@id":"https:\/\/www.chateau-montrose.com\/en\/an-exeptional-terroir\/#breadcrumb","itemListElement":[{"@type":"ListItem","position":1,"name":"Accueil","item":"https:\/\/www.chateau-montrose.com\/en\/"},{"@type":"ListItem","position":2,"name":"An exceptional terroir"}]},{"@type":"WebSite","@id":"https:\/\/www.chateau-montrose.com\/#website","url":"https:\/\/www.chateau-montrose.com\/","name":"Ch\u00e2teau Montrose","description":"Un site utilisant WordPress","potentialAction":[{"@type":"SearchAction","target":{"@type":"EntryPoint","urlTemplate":"https:\/\/www.chateau-montrose.com\/?s={search_term_string}"},"query-input":{"@type":"PropertyValueSpecification","valueRequired":true,"valueName":"search_term_string"}}],"inLanguage":"en-US"}]}},"_links":{"self":[{"href":"https:\/\/www.chateau-montrose.com\/en\/wp-json\/wp\/v2\/pages\/5922","targetHints":{"allow":["GET"]}}],"collection":[{"href":"https:\/\/www.chateau-montrose.com\/en\/wp-json\/wp\/v2\/pages"}],"about":[{"href":"https:\/\/www.chateau-montrose.com\/en\/wp-json\/wp\/v2\/types\/page"}],"author":[{"embeddable":true,"href":"https:\/\/www.chateau-montrose.com\/en\/wp-json\/wp\/v2\/users\/1"}],"replies":[{"embeddable":true,"href":"https:\/\/www.chateau-montrose.com\/en\/wp-json\/wp\/v2\/comments?post=5922"}],"version-history":[{"count":12,"href":"https:\/\/www.chateau-montrose.com\/en\/wp-json\/wp\/v2\/pages\/5922\/revisions"}],"predecessor-version":[{"id":9153,"href":"https:\/\/www.chateau-montrose.com\/en\/wp-json\/wp\/v2\/pages\/5922\/revisions\/9153"}],"wp:attachment":[{"href":"https:\/\/www.chateau-montrose.com\/en\/wp-json\/wp\/v2\/media?parent=5922"}],"curies":[{"name":"wp","href":"https:\/\/api.w.org\/{rel}","templated":true}]}}