{"id":5927,"date":"2015-09-18T10:18:14","date_gmt":"2015-09-18T09:18:14","guid":{"rendered":"https:\/\/www.chateau-montrose.com\/?page_id=5927"},"modified":"2015-12-04T09:40:05","modified_gmt":"2015-12-04T08:40:05","slug":"an-ideal-situation","status":"publish","type":"page","link":"https:\/\/www.chateau-montrose.com\/en\/an-ideal-situation\/","title":{"rendered":"An ideal situation"},"content":{"rendered":"\n<style type=\"text\/css\" data-created_by=\"avia_inline_auto\" id=\"style-css-av-av_section-7531e945ec692aa04d41b6d832eebed7\">\n.avia-section.av-av_section-7531e945ec692aa04d41b6d832eebed7{\nbackground-color:#f7f4ef;\nbackground-image:url(https:\/\/www.chateau-montrose.com\/wp-content\/uploads\/2015\/03\/une-situation-ide\u0301ale.jpg);\nbackground-repeat:no-repeat;\nbackground-position:50% 0%;\nbackground-attachment:scroll;\n}\n<\/style>\n<div id='av_section_1'  class='avia-section av-av_section-7531e945ec692aa04d41b6d832eebed7 main_color avia-section-small avia-no-border-styling  avia-builder-el-0  el_before_av_section  avia-builder-el-first  avia-bg-style-scroll av-minimum-height av-minimum-height-custom av-height-custom  container_wrap fullsize'  data-section-bg-repeat='no-repeat' data-av_minimum_height_px='330'><div class='container av-section-cont-open' style='height:330px'><main  role=\"main\" itemprop=\"mainContentOfPage\"  class='template-page content  av-content-full alpha units'><div class='post-entry post-entry-type-page post-entry-5927'><div class='entry-content-wrapper clearfix'>\n<\/div><\/div><\/main><!-- close content main element --><\/div><\/div>\n<style type=\"text\/css\" data-created_by=\"avia_inline_auto\" id=\"style-css-av-av_section-5fee8e7868947f5c780363e0d594a7be\">\n.avia-section.av-av_section-5fee8e7868947f5c780363e0d594a7be{\nbackground-color:#f7f4ef;\nbackground-image:unset;\n}\n<\/style>\n<div id='av_section_2'  class='avia-section av-av_section-5fee8e7868947f5c780363e0d594a7be main_color avia-section-default avia-no-border-styling  avia-builder-el-1  el_after_av_section  el_before_av_section  avia-bg-style-scroll container_wrap fullsize'  ><div class='container av-section-cont-open' ><div class='template-page content  av-content-full alpha units'><div class='post-entry post-entry-type-page post-entry-5927'><div class='entry-content-wrapper clearfix'>\n\n<style type=\"text\/css\" data-created_by=\"avia_inline_auto\" id=\"style-css-av-av_heading-04a73ae4f90d281c624e819daed2f021\">\n#top .av-special-heading.av-av_heading-04a73ae4f90d281c624e819daed2f021{\npadding-bottom:10px;\ncolor:#2b2b2b;\nfont-size:50px;\n}\nbody .av-special-heading.av-av_heading-04a73ae4f90d281c624e819daed2f021 .av-special-heading-tag .heading-char{\nfont-size:25px;\n}\n#top #wrap_all .av-special-heading.av-av_heading-04a73ae4f90d281c624e819daed2f021 .av-special-heading-tag{\nfont-size:50px;\n}\n.av-special-heading.av-av_heading-04a73ae4f90d281c624e819daed2f021 .special-heading-inner-border{\nborder-color:#2b2b2b;\n}\n.av-special-heading.av-av_heading-04a73ae4f90d281c624e819daed2f021 .av-subheading{\nfont-size:15px;\n}\n\n@media only screen and (min-width: 480px) and (max-width: 767px){ \n#top #wrap_all .av-special-heading.av-av_heading-04a73ae4f90d281c624e819daed2f021 .av-special-heading-tag{\nfont-size:0.8em;\n}\n}\n\n@media only screen and (max-width: 479px){ \n#top #wrap_all .av-special-heading.av-av_heading-04a73ae4f90d281c624e819daed2f021 .av-special-heading-tag{\nfont-size:0.8em;\n}\n}\n<\/style>\n<div  class='av-special-heading av-av_heading-04a73ae4f90d281c624e819daed2f021 av-special-heading-h2 custom-color-heading blockquote modern-quote modern-centered  avia-builder-el-2  el_before_av_font_icon  avia-builder-el-first  av-inherit-size'><h2 class='av-special-heading-tag '  itemprop=\"headline\"  >AN IDEAL SITUATION <\/h2><div class=\"special-heading-border\"><div class=\"special-heading-inner-border\"><\/div><\/div><\/div>\n\n<style type=\"text\/css\" data-created_by=\"avia_inline_auto\" id=\"style-css-av-av_font_icon-9eac329b87a1405f90dc1245edfa228b\">\n.av_font_icon.av-av_font_icon-9eac329b87a1405f90dc1245edfa228b{\ncolor:#b88a3a;\nborder-color:#b88a3a;\n}\n.avia-svg-icon.av-av_font_icon-9eac329b87a1405f90dc1245edfa228b svg:first-child{\nstroke:#b88a3a;\nfill:#b88a3a;\n}\n.av_font_icon.av-av_font_icon-9eac329b87a1405f90dc1245edfa228b .av-icon-char{\nfont-size:40px;\nline-height:40px;\n}\n<\/style>\n<span  class='av_font_icon av-av_font_icon-9eac329b87a1405f90dc1245edfa228b avia_animate_when_visible av-icon-style- avia-icon-pos-center avia-iconfont avia-font-entypo-fontello avia-icon-animate'><span class='av-icon-char' data-av_icon='\ue819' data-av_iconfont='entypo-fontello' aria-hidden=\"true\" ><\/span><\/span>\n<div  class='flex_column av-av_one_half-2a9015ff38129c418a3f2eafba3e9512 av_one_half  avia-builder-el-4  el_after_av_font_icon  el_before_av_one_half  first flex_column_div  '     ><section  class='av_textblock_section av-av_textblock-0366cc7376be6c9e82a3e9cc8987b64f '   itemscope=\"itemscope\" itemtype=\"https:\/\/schema.org\/CreativeWork\" ><div class='avia_textblock'  itemprop=\"text\" ><p style=\"text-align: justify;\">Five kilometres north of Pauillac in Saint-Est\u00e8phe, the northernmost appellation in the M\u00e9doc, Ch\u00e2teau Montrose is situated on a very well-drained and ideally exposed gravelly outcrop which runs for over a kilometre along the Gironde estuary.<\/p>\n<p style=\"text-align: justify;\">The presence of a broad estuary, the largest in Europe, has a decisive effect on the local microclimate. Montrose is one of the few estates to enjoy such a highly privileged situation.<\/p>\n<p style=\"text-align: justify;\">The proximity of this vast water mass acts as a natural regulator. It attenuates the excessive cold which can be so devastating in the form of spring frosts,<\/p>\n<\/div><\/section><\/div>\n<style type=\"text\/css\" data-created_by=\"avia_inline_auto\" id=\"style-css-av-av_one_half-2a64de42b738552fe666ca889af77e28\">\n.flex_column.av-av_one_half-2a64de42b738552fe666ca889af77e28{\nborder-radius:0px 0px 0px 0px;\npadding:0px 0px 0px 0px;\n}\n<\/style>\n<div  class='flex_column av-av_one_half-2a64de42b738552fe666ca889af77e28 av_one_half  avia-builder-el-6  el_after_av_one_half  el_before_av_hr  flex_column_div av-zero-column-padding  '     ><section  class='av_textblock_section av-av_textblock-0366cc7376be6c9e82a3e9cc8987b64f '   itemscope=\"itemscope\" itemtype=\"https:\/\/schema.org\/CreativeWork\" ><div class='avia_textblock'  itemprop=\"text\" ><p style=\"text-align: justify;\">and it tempers the destructive effect of heatwaves which starve the vines and grapes of water in the height of summer. That is why the Montrose vineyard escaped the frost in 1991 and the development of botrytis during the 2013 harvest.<\/p>\n<p style=\"text-align: justify;\">Montrose\u2019s situation, on an outcrop overlooking the estuary, is precious to the vineyard because of its exposure to wind and sun. The rows of vines are planted north-south, enabling the grapes to take full advantage of the sun throughout the day. The dominant north-west winds dispel excessive humidity when it rains.<\/p>\n<\/div><\/section><\/div>\n<style type=\"text\/css\" data-created_by=\"avia_inline_auto\" id=\"style-css-av-av_hr-0688d0b0b6ed2f8b057db7a8270206df\">\n#top .hr.hr-invisible.av-av_hr-0688d0b0b6ed2f8b057db7a8270206df{\nheight:50px;\n}\n<\/style>\n<div  class='hr av-av_hr-0688d0b0b6ed2f8b057db7a8270206df hr-invisible  avia-builder-el-8  el_after_av_one_half  avia-builder-el-last '><span class='hr-inner '><span class=\"hr-inner-style\"><\/span><\/span><\/div>\n\n<\/div><\/div><\/div><!-- close content main div --><\/div><\/div>\n<style type=\"text\/css\" data-created_by=\"avia_inline_auto\" id=\"style-css-av-av_section-aadcfc2283248e82ef249120473a4030\">\n.avia-section.av-av_section-aadcfc2283248e82ef249120473a4030 .av-parallax .av-parallax-inner{\nbackground-repeat:no-repeat;\nbackground-image:url(https:\/\/www.chateau-montrose.com\/wp-content\/uploads\/2015\/03\/Montrose.jpg);\nbackground-position:0% 0%;\nbackground-attachment:scroll;\n}\n<\/style>\n<div id='av_section_3'  class='avia-section av-av_section-aadcfc2283248e82ef249120473a4030 main_color avia-section-default avia-no-shadow  avia-builder-el-9  el_after_av_section  el_before_avia_so_triple_grid  av-parallax-section avia-bg-style-parallax av-minimum-height av-minimum-height-custom av-height-custom  container_wrap fullsize'  data-section-bg-repeat='no-repeat' data-av_minimum_height_px='600'><div class='av-parallax' data-avia-parallax-ratio='0.3' ><div class='av-parallax-inner main_color avia-full-stretch'><\/div><\/div><div class='container av-section-cont-open' style='height:600px'><div class='template-page content  av-content-full alpha units'><div class='post-entry post-entry-type-page post-entry-5927'><div class='entry-content-wrapper clearfix'>\n<\/div><\/div><\/div><!-- close content main div --><\/div><\/div><div   class='main_color avia-no-border-styling container_wrap fullsize'  ><div class='sotg-zones_wrapper clearfix  sotg-model-2'><div class='av_section sotg-zone clearfix sotg-zone_1 ' style=\"width: 50%; padding: 10% 5% 10% 5%; background-color: #6a9dd5; background-image: url('https:\/\/www.chateau-montrose.com\/wp-content\/uploads\/2015\/03\/une-situation-ideale_221.jpg'); background-position: bottom left; background-size: 100% auto;\">\n<style type=\"text\/css\" data-created_by=\"avia_inline_auto\" id=\"style-css-av-av_heading-5a7a7b08551b0dd19c7ce4798df00a8c\">\n#top .av-special-heading.av-av_heading-5a7a7b08551b0dd19c7ce4798df00a8c{\npadding-bottom:10px;\ncolor:#ffffff;\nfont-size:35px;\n}\nbody .av-special-heading.av-av_heading-5a7a7b08551b0dd19c7ce4798df00a8c .av-special-heading-tag .heading-char{\nfont-size:25px;\n}\n#top #wrap_all .av-special-heading.av-av_heading-5a7a7b08551b0dd19c7ce4798df00a8c .av-special-heading-tag{\nfont-size:35px;\n}\n.av-special-heading.av-av_heading-5a7a7b08551b0dd19c7ce4798df00a8c .special-heading-inner-border{\nborder-color:#ffffff;\n}\n.av-special-heading.av-av_heading-5a7a7b08551b0dd19c7ce4798df00a8c .av-subheading{\nfont-size:15px;\n}\n\n@media only screen and (min-width: 480px) and (max-width: 767px){ \n#top #wrap_all .av-special-heading.av-av_heading-5a7a7b08551b0dd19c7ce4798df00a8c .av-special-heading-tag{\nfont-size:0.8em;\n}\n}\n\n@media only screen and (max-width: 479px){ \n#top #wrap_all .av-special-heading.av-av_heading-5a7a7b08551b0dd19c7ce4798df00a8c .av-special-heading-tag{\nfont-size:0.8em;\n}\n}\n<\/style>\n<div  class='av-special-heading av-av_heading-5a7a7b08551b0dd19c7ce4798df00a8c av-special-heading-h5 custom-color-heading blockquote modern-quote modern-centered  avia-builder-el-11  el_before_av_image  avia-builder-el-first  av-inherit-size'><h5 class='av-special-heading-tag '  itemprop=\"headline\"  >\u00ab No vineyard could better look to the river than this one. It is on a slope where the water runs off towards the Gironde in a form of natural drainage.\u00bb<\/h5><div class=\"special-heading-border\"><div class=\"special-heading-inner-border\"><\/div><\/div><\/div>\n<\/div><div class='av_section sotg-zone clearfix sotg-zone_2 ' style=\"width: 50%; background-color: #f7f4ef; background-position: top left; background-size: auto auto;\">\n<style type=\"text\/css\" data-created_by=\"avia_inline_auto\" id=\"style-css-av-av_image-a9ffddd7bf0f3c164e880dbbf8c144a9\">\n.avia-image-container.av-av_image-a9ffddd7bf0f3c164e880dbbf8c144a9 img.avia_image{\nbox-shadow:none;\n}\n.avia-image-container.av-av_image-a9ffddd7bf0f3c164e880dbbf8c144a9 .av-image-caption-overlay-center{\ncolor:#ffffff;\n}\n<\/style>\n<div  class='avia-image-container av-av_image-a9ffddd7bf0f3c164e880dbbf8c144a9 av-styling- av-hover-grow avia-align-center  avia-builder-el-12  el_after_av_heading  el_before_av_image '   itemprop=\"image\" itemscope=\"itemscope\" itemtype=\"https:\/\/schema.org\/ImageObject\" ><div class=\"avia-image-container-inner\"><div class=\"avia-image-overlay-wrap\"><img decoding=\"async\" fetchpriority=\"high\" class='wp-image-5536 avia-img-lazy-loading-not-5536 avia_image ' src=\"https:\/\/www.chateau-montrose.com\/wp-content\/uploads\/2015\/03\/CARTE2.jpg\" alt='' title='CARTE'  height=\"1000\" width=\"1000\"  itemprop=\"thumbnailUrl\" srcset=\"https:\/\/www.chateau-montrose.com\/wp-content\/uploads\/2015\/03\/CARTE2.jpg 1000w, https:\/\/www.chateau-montrose.com\/wp-content\/uploads\/2015\/03\/CARTE2-80x80.jpg 80w, https:\/\/www.chateau-montrose.com\/wp-content\/uploads\/2015\/03\/CARTE2-300x300.jpg 300w, https:\/\/www.chateau-montrose.com\/wp-content\/uploads\/2015\/03\/CARTE2-36x36.jpg 36w, https:\/\/www.chateau-montrose.com\/wp-content\/uploads\/2015\/03\/CARTE2-180x180.jpg 180w, https:\/\/www.chateau-montrose.com\/wp-content\/uploads\/2015\/03\/CARTE2-705x705.jpg 705w, https:\/\/www.chateau-montrose.com\/wp-content\/uploads\/2015\/03\/CARTE2-120x120.jpg 120w, https:\/\/www.chateau-montrose.com\/wp-content\/uploads\/2015\/03\/CARTE2-450x450.jpg 450w\" sizes=\"(max-width: 1000px) 100vw, 1000px\" \/><\/div><\/div><\/div>\n<\/div><div class='av_section sotg-zone clearfix sotg-zone_3 ' style=\"width: 50%; background-color: #f7f4ef; background-position: top left; background-size: auto auto;\">\n<style type=\"text\/css\" data-created_by=\"avia_inline_auto\" id=\"style-css-av-av_image-874f3f5dd44323378c2b923802aed14a\">\n.avia-image-container.av-av_image-874f3f5dd44323378c2b923802aed14a img.avia_image{\nbox-shadow:none;\n}\n.avia-image-container.av-av_image-874f3f5dd44323378c2b923802aed14a .av-image-caption-overlay-center{\ncolor:#ffffff;\n}\n<\/style>\n<div  class='avia-image-container av-av_image-874f3f5dd44323378c2b923802aed14a av-styling- av-hover-grow avia-align-center  avia-builder-el-13  el_after_av_image  avia-builder-el-last '   itemprop=\"image\" itemscope=\"itemscope\" itemtype=\"https:\/\/schema.org\/ImageObject\" ><div class=\"avia-image-container-inner\"><div class=\"avia-image-overlay-wrap\"><img decoding=\"async\" fetchpriority=\"high\" class='wp-image-6680 avia-img-lazy-loading-not-6680 avia_image ' src=\"https:\/\/www.chateau-montrose.com\/wp-content\/uploads\/2015\/03\/Carrelet1.jpg\" alt='' title='Carrelet'  height=\"1078\" width=\"1936\"  itemprop=\"thumbnailUrl\" srcset=\"https:\/\/www.chateau-montrose.com\/wp-content\/uploads\/2015\/03\/Carrelet1.jpg 1936w, https:\/\/www.chateau-montrose.com\/wp-content\/uploads\/2015\/03\/Carrelet1-300x167.jpg 300w, https:\/\/www.chateau-montrose.com\/wp-content\/uploads\/2015\/03\/Carrelet1-1030x574.jpg 1030w, https:\/\/www.chateau-montrose.com\/wp-content\/uploads\/2015\/03\/Carrelet1-1500x835.jpg 1500w, https:\/\/www.chateau-montrose.com\/wp-content\/uploads\/2015\/03\/Carrelet1-705x393.jpg 705w, https:\/\/www.chateau-montrose.com\/wp-content\/uploads\/2015\/03\/Carrelet1-450x251.jpg 450w\" sizes=\"(max-width: 1936px) 100vw, 1936px\" \/><\/div><\/div><\/div>\n<\/div><\/div><\/div>\n","protected":false},"excerpt":{"rendered":"<p>This is a Page excerpt. It will be displayed for search results<\/p>\n","protected":false},"author":1,"featured_media":0,"parent":0,"menu_order":0,"comment_status":"open","ping_status":"open","template":"","meta":{"footnotes":""},"class_list":["post-5927","page","type-page","status-publish","hentry"],"yoast_head":"<!-- This site is optimized with the Yoast SEO plugin v26.7 - https:\/\/yoast.com\/wordpress\/plugins\/seo\/ -->\n<title>An ideal situation - Ch\u00e2teau Montrose<\/title>\n<meta name=\"robots\" content=\"index, follow, max-snippet:-1, max-image-preview:large, max-video-preview:-1\" \/>\n<link rel=\"canonical\" href=\"https:\/\/www.chateau-montrose.com\/en\/an-ideal-situation\/\" \/>\n<meta property=\"og:locale\" content=\"en_US\" \/>\n<meta property=\"og:type\" content=\"article\" \/>\n<meta property=\"og:title\" content=\"An ideal situation - Ch\u00e2teau Montrose\" \/>\n<meta property=\"og:description\" content=\"This is a Page excerpt. It will be displayed for search results\" \/>\n<meta property=\"og:url\" content=\"https:\/\/www.chateau-montrose.com\/en\/an-ideal-situation\/\" \/>\n<meta property=\"og:site_name\" content=\"Ch\u00e2teau Montrose\" \/>\n<meta property=\"article:modified_time\" content=\"2015-12-04T08:40:05+00:00\" \/>\n<meta name=\"twitter:card\" content=\"summary_large_image\" \/>\n<meta name=\"twitter:label1\" content=\"Est. reading time\" \/>\n\t<meta name=\"twitter:data1\" content=\"4 minutes\" \/>\n<script type=\"application\/ld+json\" class=\"yoast-schema-graph\">{\"@context\":\"https:\/\/schema.org\",\"@graph\":[{\"@type\":\"WebPage\",\"@id\":\"https:\/\/www.chateau-montrose.com\/en\/an-ideal-situation\/\",\"url\":\"https:\/\/www.chateau-montrose.com\/en\/an-ideal-situation\/\",\"name\":\"An ideal situation - Ch\u00e2teau Montrose\",\"isPartOf\":{\"@id\":\"https:\/\/www.chateau-montrose.com\/#website\"},\"datePublished\":\"2015-09-18T09:18:14+00:00\",\"dateModified\":\"2015-12-04T08:40:05+00:00\",\"breadcrumb\":{\"@id\":\"https:\/\/www.chateau-montrose.com\/en\/an-ideal-situation\/#breadcrumb\"},\"inLanguage\":\"en-US\",\"potentialAction\":[{\"@type\":\"ReadAction\",\"target\":[\"https:\/\/www.chateau-montrose.com\/en\/an-ideal-situation\/\"]}]},{\"@type\":\"BreadcrumbList\",\"@id\":\"https:\/\/www.chateau-montrose.com\/en\/an-ideal-situation\/#breadcrumb\",\"itemListElement\":[{\"@type\":\"ListItem\",\"position\":1,\"name\":\"Accueil\",\"item\":\"https:\/\/www.chateau-montrose.com\/en\/\"},{\"@type\":\"ListItem\",\"position\":2,\"name\":\"An ideal situation\"}]},{\"@type\":\"WebSite\",\"@id\":\"https:\/\/www.chateau-montrose.com\/#website\",\"url\":\"https:\/\/www.chateau-montrose.com\/\",\"name\":\"Ch\u00e2teau Montrose\",\"description\":\"Un site utilisant WordPress\",\"potentialAction\":[{\"@type\":\"SearchAction\",\"target\":{\"@type\":\"EntryPoint\",\"urlTemplate\":\"https:\/\/www.chateau-montrose.com\/?s={search_term_string}\"},\"query-input\":{\"@type\":\"PropertyValueSpecification\",\"valueRequired\":true,\"valueName\":\"search_term_string\"}}],\"inLanguage\":\"en-US\"}]}<\/script>\n<!-- \/ Yoast SEO plugin. -->","yoast_head_json":{"title":"An ideal situation - Ch\u00e2teau Montrose","robots":{"index":"index","follow":"follow","max-snippet":"max-snippet:-1","max-image-preview":"max-image-preview:large","max-video-preview":"max-video-preview:-1"},"canonical":"https:\/\/www.chateau-montrose.com\/en\/an-ideal-situation\/","og_locale":"en_US","og_type":"article","og_title":"An ideal situation - Ch\u00e2teau Montrose","og_description":"This is a Page excerpt. It will be displayed for search results","og_url":"https:\/\/www.chateau-montrose.com\/en\/an-ideal-situation\/","og_site_name":"Ch\u00e2teau Montrose","article_modified_time":"2015-12-04T08:40:05+00:00","twitter_card":"summary_large_image","twitter_misc":{"Est. reading time":"4 minutes"},"schema":{"@context":"https:\/\/schema.org","@graph":[{"@type":"WebPage","@id":"https:\/\/www.chateau-montrose.com\/en\/an-ideal-situation\/","url":"https:\/\/www.chateau-montrose.com\/en\/an-ideal-situation\/","name":"An ideal situation - Ch\u00e2teau Montrose","isPartOf":{"@id":"https:\/\/www.chateau-montrose.com\/#website"},"datePublished":"2015-09-18T09:18:14+00:00","dateModified":"2015-12-04T08:40:05+00:00","breadcrumb":{"@id":"https:\/\/www.chateau-montrose.com\/en\/an-ideal-situation\/#breadcrumb"},"inLanguage":"en-US","potentialAction":[{"@type":"ReadAction","target":["https:\/\/www.chateau-montrose.com\/en\/an-ideal-situation\/"]}]},{"@type":"BreadcrumbList","@id":"https:\/\/www.chateau-montrose.com\/en\/an-ideal-situation\/#breadcrumb","itemListElement":[{"@type":"ListItem","position":1,"name":"Accueil","item":"https:\/\/www.chateau-montrose.com\/en\/"},{"@type":"ListItem","position":2,"name":"An ideal situation"}]},{"@type":"WebSite","@id":"https:\/\/www.chateau-montrose.com\/#website","url":"https:\/\/www.chateau-montrose.com\/","name":"Ch\u00e2teau Montrose","description":"Un site utilisant WordPress","potentialAction":[{"@type":"SearchAction","target":{"@type":"EntryPoint","urlTemplate":"https:\/\/www.chateau-montrose.com\/?s={search_term_string}"},"query-input":{"@type":"PropertyValueSpecification","valueRequired":true,"valueName":"search_term_string"}}],"inLanguage":"en-US"}]}},"_links":{"self":[{"href":"https:\/\/www.chateau-montrose.com\/en\/wp-json\/wp\/v2\/pages\/5927","targetHints":{"allow":["GET"]}}],"collection":[{"href":"https:\/\/www.chateau-montrose.com\/en\/wp-json\/wp\/v2\/pages"}],"about":[{"href":"https:\/\/www.chateau-montrose.com\/en\/wp-json\/wp\/v2\/types\/page"}],"author":[{"embeddable":true,"href":"https:\/\/www.chateau-montrose.com\/en\/wp-json\/wp\/v2\/users\/1"}],"replies":[{"embeddable":true,"href":"https:\/\/www.chateau-montrose.com\/en\/wp-json\/wp\/v2\/comments?post=5927"}],"version-history":[{"count":17,"href":"https:\/\/www.chateau-montrose.com\/en\/wp-json\/wp\/v2\/pages\/5927\/revisions"}],"predecessor-version":[{"id":7481,"href":"https:\/\/www.chateau-montrose.com\/en\/wp-json\/wp\/v2\/pages\/5927\/revisions\/7481"}],"wp:attachment":[{"href":"https:\/\/www.chateau-montrose.com\/en\/wp-json\/wp\/v2\/media?parent=5927"}],"curies":[{"name":"wp","href":"https:\/\/api.w.org\/{rel}","templated":true}]}}