{"id":5933,"date":"2015-09-18T10:25:24","date_gmt":"2015-09-18T09:25:24","guid":{"rendered":"https:\/\/www.chateau-montrose.com\/?page_id=5933"},"modified":"2020-09-14T13:59:00","modified_gmt":"2020-09-14T12:59:00","slug":"une-renovation-historique","status":"publish","type":"page","link":"https:\/\/www.chateau-montrose.com\/en\/une-renovation-historique\/","title":{"rendered":"A historic renovation"},"content":{"rendered":"\n<style type=\"text\/css\" data-created_by=\"avia_inline_auto\" id=\"style-css-av-av_section-e2a456667ff77bcbace8f20c3a779721\">\n.avia-section.av-av_section-e2a456667ff77bcbace8f20c3a779721{\nbackground-color:#f7f4ef;\nbackground-image:url(https:\/\/www.chateau-montrose.com\/wp-content\/uploads\/2015\/03\/une-renovation-historique1.jpg);\nbackground-repeat:no-repeat;\nbackground-position:50% 0%;\nbackground-attachment:scroll;\n}\n<\/style>\n<div id='av_section_1'  class='avia-section av-av_section-e2a456667ff77bcbace8f20c3a779721 main_color avia-section-small avia-no-border-styling  avia-builder-el-0  el_before_av_section  avia-builder-el-first  avia-bg-style-scroll av-minimum-height av-minimum-height-custom av-height-custom  container_wrap fullsize'  data-section-bg-repeat='no-repeat' data-av_minimum_height_px='330'><div class='container av-section-cont-open' style='height:330px'><main  role=\"main\" itemprop=\"mainContentOfPage\"  class='template-page content  av-content-full alpha units'><div class='post-entry post-entry-type-page post-entry-5933'><div class='entry-content-wrapper clearfix'>\n<\/div><\/div><\/main><!-- close content main element --><\/div><\/div>\n<style type=\"text\/css\" data-created_by=\"avia_inline_auto\" id=\"style-css-av-av_section-5fee8e7868947f5c780363e0d594a7be\">\n.avia-section.av-av_section-5fee8e7868947f5c780363e0d594a7be{\nbackground-color:#f7f4ef;\nbackground-image:unset;\n}\n<\/style>\n<div id='av_section_2'  class='avia-section av-av_section-5fee8e7868947f5c780363e0d594a7be main_color avia-section-default avia-no-border-styling  avia-builder-el-1  el_after_av_section  el_before_av_section  avia-bg-style-scroll container_wrap fullsize'  ><div class='container av-section-cont-open' ><div class='template-page content  av-content-full alpha units'><div class='post-entry post-entry-type-page post-entry-5933'><div class='entry-content-wrapper clearfix'>\n\n<style type=\"text\/css\" data-created_by=\"avia_inline_auto\" id=\"style-css-av-av_heading-bad7214b46aabe0f964d6d7bcff785b1\">\n#top .av-special-heading.av-av_heading-bad7214b46aabe0f964d6d7bcff785b1{\npadding-bottom:10px;\ncolor:#2b2b2b;\nfont-size:48px;\n}\nbody .av-special-heading.av-av_heading-bad7214b46aabe0f964d6d7bcff785b1 .av-special-heading-tag .heading-char{\nfont-size:25px;\n}\n#top #wrap_all .av-special-heading.av-av_heading-bad7214b46aabe0f964d6d7bcff785b1 .av-special-heading-tag{\nfont-size:48px;\n}\n.av-special-heading.av-av_heading-bad7214b46aabe0f964d6d7bcff785b1 .special-heading-inner-border{\nborder-color:#2b2b2b;\n}\n.av-special-heading.av-av_heading-bad7214b46aabe0f964d6d7bcff785b1 .av-subheading{\nfont-size:15px;\n}\n\n@media only screen and (min-width: 480px) and (max-width: 767px){ \n#top #wrap_all .av-special-heading.av-av_heading-bad7214b46aabe0f964d6d7bcff785b1 .av-special-heading-tag{\nfont-size:0.8em;\n}\n}\n\n@media only screen and (max-width: 479px){ \n#top #wrap_all .av-special-heading.av-av_heading-bad7214b46aabe0f964d6d7bcff785b1 .av-special-heading-tag{\nfont-size:0.8em;\n}\n}\n<\/style>\n<div  class='av-special-heading av-av_heading-bad7214b46aabe0f964d6d7bcff785b1 av-special-heading-h2 custom-color-heading blockquote modern-quote modern-centered  avia-builder-el-2  el_before_av_font_icon  avia-builder-el-first  av-inherit-size'><h2 class='av-special-heading-tag '  itemprop=\"headline\"  >A HISTORIC RENOVATION<\/h2><div class=\"special-heading-border\"><div class=\"special-heading-inner-border\"><\/div><\/div><\/div>\n\n<style type=\"text\/css\" data-created_by=\"avia_inline_auto\" id=\"style-css-av-av_font_icon-9eac329b87a1405f90dc1245edfa228b\">\n.av_font_icon.av-av_font_icon-9eac329b87a1405f90dc1245edfa228b{\ncolor:#b88a3a;\nborder-color:#b88a3a;\n}\n.avia-svg-icon.av-av_font_icon-9eac329b87a1405f90dc1245edfa228b svg:first-child{\nstroke:#b88a3a;\nfill:#b88a3a;\n}\n.av_font_icon.av-av_font_icon-9eac329b87a1405f90dc1245edfa228b .av-icon-char{\nfont-size:40px;\nline-height:40px;\n}\n<\/style>\n<span  class='av_font_icon av-av_font_icon-9eac329b87a1405f90dc1245edfa228b avia_animate_when_visible av-icon-style- avia-icon-pos-center avia-iconfont avia-font-entypo-fontello avia-icon-animate'><span class='av-icon-char' data-av_icon='\ue819' data-av_iconfont='entypo-fontello' aria-hidden=\"true\" ><\/span><\/span>\n<div  class='flex_column av-av_one_half-2a9015ff38129c418a3f2eafba3e9512 av_one_half  avia-builder-el-4  el_after_av_font_icon  el_before_av_one_half  first flex_column_div  '     ><section  class='av_textblock_section av-kf2j9akj-10bb36a430e1ae2594a9e16b762f5bfd '   itemscope=\"itemscope\" itemtype=\"https:\/\/schema.org\/CreativeWork\" ><div class='avia_textblock'  itemprop=\"text\" ><p>Under Martin Bouygues\u2019 impetus, Ch\u00e2teau Montrose entered the 21st century with a spectacular rehabilitation project combining construction and renovation, traditional architecture and high-tech facilities.<\/p>\n<p>After seven years of works, Ch\u00e2teau Montrose has:<\/p>\n<p>&#8211; a standard-setting winery in terms of sustainable development,<br \/>\n&#8211; buildings redesigned in order to optimise the conditions for making and maturing wine,<br \/>\n&#8211; a harmonious combination of cutting-edge environmental and winemaking technology and architectural beauty.<\/p>\n<p>The interior decoration, inspired by the colour of the local stone and with pure lines and mineral floors, was overseen by Melissa Bouygues, Chairwoman of Ch\u00e2teau Montrose, with interior decorator Corine Baudron-Servonnat of Studio I\u00e9na.<\/p>\n<\/div><\/section><\/div>\n<style type=\"text\/css\" data-created_by=\"avia_inline_auto\" id=\"style-css-av-av_one_half-2a64de42b738552fe666ca889af77e28\">\n.flex_column.av-av_one_half-2a64de42b738552fe666ca889af77e28{\nborder-radius:0px 0px 0px 0px;\npadding:0px 0px 0px 0px;\n}\n<\/style>\n<div  class='flex_column av-av_one_half-2a64de42b738552fe666ca889af77e28 av_one_half  avia-builder-el-6  el_after_av_one_half  el_before_av_hr  flex_column_div av-zero-column-padding  '     ><section  class='av_textblock_section av-av_textblock-0366cc7376be6c9e82a3e9cc8987b64f '   itemscope=\"itemscope\" itemtype=\"https:\/\/schema.org\/CreativeWork\" ><div class='avia_textblock'  itemprop=\"text\" ><p><span lang=\"en-GB\">The project was overseen by Bouygues R\u00e9novation Priv\u00e9e, experts in very high-end renovation projects, such as the Ritz and Shangri-La hotels in Paris, and Yves Gr\u00e9mont, an official French heritage architect. It was carried out by Atelier Bernard Mazi\u00e8res, a Bordeaux firm specialising in winery renovation. In accordance with Martin Bouygues\u2019 wish to support the local economy, local firms carried out most of the works.<\/span><\/p>\n<p style=\"text-align: justify;\" align=\"JUSTIFY\"><span lang=\"en-GB\">The main barrel hall, where Montrose\u2019s first wine is matured, is the centrepiece of the project, combining cutting-edge technology with traditional 18<\/span><sup><span lang=\"en-GB\">th<\/span><\/sup><span lang=\"en-GB\"> century architecture. Under an 11-metre-high ceiling, with very precisely controlled humidity and temperature and in an atmosphere of almost monastic silence, the 1,000-m\u00b2 hall welcomed its first vintage, Ch\u00e2teau Montrose 2013, in 2014.<\/span><\/p>\n<\/div><\/section><\/div>\n<style type=\"text\/css\" data-created_by=\"avia_inline_auto\" id=\"style-css-av-av_hr-0688d0b0b6ed2f8b057db7a8270206df\">\n#top .hr.hr-invisible.av-av_hr-0688d0b0b6ed2f8b057db7a8270206df{\nheight:50px;\n}\n<\/style>\n<div  class='hr av-av_hr-0688d0b0b6ed2f8b057db7a8270206df hr-invisible  avia-builder-el-8  el_after_av_one_half  avia-builder-el-last '><span class='hr-inner '><span class=\"hr-inner-style\"><\/span><\/span><\/div>\n<\/div><\/div><\/div><!-- close content main div --><\/div><\/div>\n<style type=\"text\/css\" data-created_by=\"avia_inline_auto\" id=\"style-css-av-av_section-23c97ec30f23d3ddcd0a0eb97827445d\">\n.avia-section.av-av_section-23c97ec30f23d3ddcd0a0eb97827445d .av-parallax .av-parallax-inner{\nbackground-repeat:no-repeat;\nbackground-image:url(https:\/\/www.chateau-montrose.com\/wp-content\/uploads\/2015\/03\/CM_00114.jpg);\nbackground-position:50% 50%;\nbackground-attachment:scroll;\n}\n<\/style>\n<div id='av_section_3'  class='avia-section av-av_section-23c97ec30f23d3ddcd0a0eb97827445d main_color avia-section-default avia-no-shadow  avia-builder-el-9  el_after_av_section  el_before_avia_so_triple_grid  av-parallax-section avia-bg-style-parallax av-minimum-height av-minimum-height-75 av-height-75  container_wrap fullsize'  data-section-bg-repeat='no-repeat' data-av_minimum_height_pc='75' data-av_min_height_opt='75'><div class='av-parallax' data-avia-parallax-ratio='0.3' ><div class='av-parallax-inner main_color avia-full-stretch'><\/div><\/div><div class='container av-section-cont-open' ><div class='template-page content  av-content-full alpha units'><div class='post-entry post-entry-type-page post-entry-5933'><div class='entry-content-wrapper clearfix'><\/p>\n<\/div><\/div><\/div><!-- close content main div --><\/div><\/div><div   class='main_color avia-no-border-styling container_wrap fullsize'  ><div class='sotg-zones_wrapper clearfix '><div class='av_section sotg-zone clearfix sotg-zone_1 ' style=\"width: 50%; padding: 150px ; background-image: url('https:\/\/www.chateau-montrose.com\/wp-content\/uploads\/2015\/03\/Salle-de-degustation3.jpg'); background-position: top center; background-size: auto auto;\">\n<style type=\"text\/css\" data-created_by=\"avia_inline_auto\" id=\"style-css-av-av_heading-aa75466e11791fb8456602b35ea7b946\">\n#top .av-special-heading.av-av_heading-aa75466e11791fb8456602b35ea7b946{\npadding-bottom:10px;\ncolor:#ffffff;\nfont-size:28px;\n}\nbody .av-special-heading.av-av_heading-aa75466e11791fb8456602b35ea7b946 .av-special-heading-tag .heading-char{\nfont-size:25px;\n}\n#top #wrap_all .av-special-heading.av-av_heading-aa75466e11791fb8456602b35ea7b946 .av-special-heading-tag{\nfont-size:28px;\n}\n.av-special-heading.av-av_heading-aa75466e11791fb8456602b35ea7b946 .special-heading-inner-border{\nborder-color:#ffffff;\n}\n.av-special-heading.av-av_heading-aa75466e11791fb8456602b35ea7b946 .av-subheading{\nfont-size:15px;\n}\n\n@media only screen and (min-width: 480px) and (max-width: 767px){ \n#top #wrap_all .av-special-heading.av-av_heading-aa75466e11791fb8456602b35ea7b946 .av-special-heading-tag{\nfont-size:0.8em;\n}\n}\n\n@media only screen and (max-width: 479px){ \n#top #wrap_all .av-special-heading.av-av_heading-aa75466e11791fb8456602b35ea7b946 .av-special-heading-tag{\nfont-size:0.8em;\n}\n}\n<\/style>\n<div  class='av-special-heading av-av_heading-aa75466e11791fb8456602b35ea7b946 av-special-heading-h5 custom-color-heading blockquote modern-quote modern-centered  avia-builder-el-11  el_before_av_image  avia-builder-el-first  av-inherit-size'><h5 class='av-special-heading-tag '  itemprop=\"headline\"  >\u00ab An all-embracing vision was needed, a comprehensive project to bring the estate into the 21st century while respecting traditional Bordeaux architecture \u00bb.<\/h5><div class=\"special-heading-border\"><div class=\"special-heading-inner-border\"><\/div><\/div><\/div>\n<\/div><div class='av_section sotg-zone clearfix sotg-zone_2 ' style=\"width: 50%; background-position: top left; background-size: auto auto;\">\n<style type=\"text\/css\" data-created_by=\"avia_inline_auto\" id=\"style-css-av-av_image-8c54f8032b5553839abcdf24d58700a1\">\n.avia-image-container.av-av_image-8c54f8032b5553839abcdf24d58700a1 img.avia_image{\nbox-shadow:none;\n}\n.avia-image-container.av-av_image-8c54f8032b5553839abcdf24d58700a1 .av-image-caption-overlay-center{\ncolor:#ffffff;\n}\n<\/style>\n<div  class='avia-image-container av-av_image-8c54f8032b5553839abcdf24d58700a1 av-styling- av-hover-grow avia-align-center  avia-builder-el-12  el_after_av_heading  el_before_av_image '   itemprop=\"image\" itemscope=\"itemscope\" itemtype=\"https:\/\/schema.org\/ImageObject\" ><div class=\"avia-image-container-inner\"><div class=\"avia-image-overlay-wrap\"><img decoding=\"async\" fetchpriority=\"high\" class='wp-image-4875 avia-img-lazy-loading-not-4875 avia_image ' src=\"https:\/\/www.chateau-montrose.com\/wp-content\/uploads\/2015\/03\/MTR_140312_020.jpg\" alt='' title='MTR_140312_020'  height=\"1151\" width=\"2000\"  itemprop=\"thumbnailUrl\" srcset=\"https:\/\/www.chateau-montrose.com\/wp-content\/uploads\/2015\/03\/MTR_140312_020.jpg 2000w, https:\/\/www.chateau-montrose.com\/wp-content\/uploads\/2015\/03\/MTR_140312_020-300x173.jpg 300w, https:\/\/www.chateau-montrose.com\/wp-content\/uploads\/2015\/03\/MTR_140312_020-1030x593.jpg 1030w, https:\/\/www.chateau-montrose.com\/wp-content\/uploads\/2015\/03\/MTR_140312_020-1500x863.jpg 1500w, https:\/\/www.chateau-montrose.com\/wp-content\/uploads\/2015\/03\/MTR_140312_020-705x406.jpg 705w, https:\/\/www.chateau-montrose.com\/wp-content\/uploads\/2015\/03\/MTR_140312_020-450x259.jpg 450w\" sizes=\"(max-width: 2000px) 100vw, 2000px\" \/><\/div><\/div><\/div>\n<\/div><div class='av_section sotg-zone clearfix sotg-zone_3 ' style=\"width: 50%; background-color: #f7f4ef; background-position: top left; background-size: auto auto;\">\n<style type=\"text\/css\" data-created_by=\"avia_inline_auto\" id=\"style-css-av-av_image-3672bb93b3a6b416897f07848bd54204\">\n.avia-image-container.av-av_image-3672bb93b3a6b416897f07848bd54204 img.avia_image{\nbox-shadow:none;\n}\n.avia-image-container.av-av_image-3672bb93b3a6b416897f07848bd54204 .av-image-caption-overlay-center{\ncolor:#ffffff;\n}\n<\/style>\n<div  class='avia-image-container av-av_image-3672bb93b3a6b416897f07848bd54204 av-styling- av-hover-grow avia-align-center  avia-builder-el-13  el_after_av_image  avia-builder-el-last '   itemprop=\"image\" itemscope=\"itemscope\" itemtype=\"https:\/\/schema.org\/ImageObject\" ><div class=\"avia-image-container-inner\"><div class=\"avia-image-overlay-wrap\"><img decoding=\"async\" fetchpriority=\"high\" class='wp-image-6174 avia-img-lazy-loading-not-6174 avia_image ' src=\"https:\/\/www.chateau-montrose.com\/wp-content\/uploads\/2015\/03\/Facade-Chai1.jpg\" alt='' title='Facade-Chai'  height=\"1804\" width=\"1500\"  itemprop=\"thumbnailUrl\" srcset=\"https:\/\/www.chateau-montrose.com\/wp-content\/uploads\/2015\/03\/Facade-Chai1.jpg 1500w, https:\/\/www.chateau-montrose.com\/wp-content\/uploads\/2015\/03\/Facade-Chai1-249x300.jpg 249w, https:\/\/www.chateau-montrose.com\/wp-content\/uploads\/2015\/03\/Facade-Chai1-856x1030.jpg 856w, https:\/\/www.chateau-montrose.com\/wp-content\/uploads\/2015\/03\/Facade-Chai1-1247x1500.jpg 1247w, https:\/\/www.chateau-montrose.com\/wp-content\/uploads\/2015\/03\/Facade-Chai1-586x705.jpg 586w, https:\/\/www.chateau-montrose.com\/wp-content\/uploads\/2015\/03\/Facade-Chai1-450x541.jpg 450w\" sizes=\"(max-width: 1500px) 100vw, 1500px\" \/><\/div><\/div><\/div>\n<\/div><\/div><\/div>\n","protected":false},"excerpt":{"rendered":"<p>This is a Page excerpt. It will be displayed for search results<\/p>\n","protected":false},"author":1,"featured_media":0,"parent":0,"menu_order":0,"comment_status":"open","ping_status":"closed","template":"","meta":{"footnotes":""},"class_list":["post-5933","page","type-page","status-publish","hentry"],"yoast_head":"<!-- This site is optimized with the Yoast SEO plugin v26.7 - https:\/\/yoast.com\/wordpress\/plugins\/seo\/ -->\n<title>A historic renovation - Ch\u00e2teau Montrose<\/title>\n<meta name=\"robots\" content=\"index, follow, max-snippet:-1, max-image-preview:large, max-video-preview:-1\" \/>\n<link rel=\"canonical\" href=\"https:\/\/www.chateau-montrose.com\/en\/une-renovation-historique\/\" \/>\n<meta property=\"og:locale\" content=\"en_US\" \/>\n<meta property=\"og:type\" content=\"article\" \/>\n<meta property=\"og:title\" content=\"A historic renovation - Ch\u00e2teau Montrose\" \/>\n<meta property=\"og:description\" content=\"This is a Page excerpt. It will be displayed for search results\" \/>\n<meta property=\"og:url\" content=\"https:\/\/www.chateau-montrose.com\/en\/une-renovation-historique\/\" \/>\n<meta property=\"og:site_name\" content=\"Ch\u00e2teau Montrose\" \/>\n<meta property=\"article:modified_time\" content=\"2020-09-14T12:59:00+00:00\" \/>\n<meta name=\"twitter:card\" content=\"summary_large_image\" \/>\n<meta name=\"twitter:label1\" content=\"Est. reading time\" \/>\n\t<meta name=\"twitter:data1\" content=\"5 minutes\" \/>\n<script type=\"application\/ld+json\" class=\"yoast-schema-graph\">{\"@context\":\"https:\/\/schema.org\",\"@graph\":[{\"@type\":\"WebPage\",\"@id\":\"https:\/\/www.chateau-montrose.com\/en\/une-renovation-historique\/\",\"url\":\"https:\/\/www.chateau-montrose.com\/en\/une-renovation-historique\/\",\"name\":\"A historic renovation - Ch\u00e2teau Montrose\",\"isPartOf\":{\"@id\":\"https:\/\/www.chateau-montrose.com\/#website\"},\"datePublished\":\"2015-09-18T09:25:24+00:00\",\"dateModified\":\"2020-09-14T12:59:00+00:00\",\"breadcrumb\":{\"@id\":\"https:\/\/www.chateau-montrose.com\/en\/une-renovation-historique\/#breadcrumb\"},\"inLanguage\":\"en-US\",\"potentialAction\":[{\"@type\":\"ReadAction\",\"target\":[\"https:\/\/www.chateau-montrose.com\/en\/une-renovation-historique\/\"]}]},{\"@type\":\"BreadcrumbList\",\"@id\":\"https:\/\/www.chateau-montrose.com\/en\/une-renovation-historique\/#breadcrumb\",\"itemListElement\":[{\"@type\":\"ListItem\",\"position\":1,\"name\":\"Accueil\",\"item\":\"https:\/\/www.chateau-montrose.com\/en\/\"},{\"@type\":\"ListItem\",\"position\":2,\"name\":\"A historic renovation\"}]},{\"@type\":\"WebSite\",\"@id\":\"https:\/\/www.chateau-montrose.com\/#website\",\"url\":\"https:\/\/www.chateau-montrose.com\/\",\"name\":\"Ch\u00e2teau Montrose\",\"description\":\"Un site utilisant WordPress\",\"potentialAction\":[{\"@type\":\"SearchAction\",\"target\":{\"@type\":\"EntryPoint\",\"urlTemplate\":\"https:\/\/www.chateau-montrose.com\/?s={search_term_string}\"},\"query-input\":{\"@type\":\"PropertyValueSpecification\",\"valueRequired\":true,\"valueName\":\"search_term_string\"}}],\"inLanguage\":\"en-US\"}]}<\/script>\n<!-- \/ Yoast SEO plugin. -->","yoast_head_json":{"title":"A historic renovation - Ch\u00e2teau Montrose","robots":{"index":"index","follow":"follow","max-snippet":"max-snippet:-1","max-image-preview":"max-image-preview:large","max-video-preview":"max-video-preview:-1"},"canonical":"https:\/\/www.chateau-montrose.com\/en\/une-renovation-historique\/","og_locale":"en_US","og_type":"article","og_title":"A historic renovation - Ch\u00e2teau Montrose","og_description":"This is a Page excerpt. It will be displayed for search results","og_url":"https:\/\/www.chateau-montrose.com\/en\/une-renovation-historique\/","og_site_name":"Ch\u00e2teau Montrose","article_modified_time":"2020-09-14T12:59:00+00:00","twitter_card":"summary_large_image","twitter_misc":{"Est. reading time":"5 minutes"},"schema":{"@context":"https:\/\/schema.org","@graph":[{"@type":"WebPage","@id":"https:\/\/www.chateau-montrose.com\/en\/une-renovation-historique\/","url":"https:\/\/www.chateau-montrose.com\/en\/une-renovation-historique\/","name":"A historic renovation - Ch\u00e2teau Montrose","isPartOf":{"@id":"https:\/\/www.chateau-montrose.com\/#website"},"datePublished":"2015-09-18T09:25:24+00:00","dateModified":"2020-09-14T12:59:00+00:00","breadcrumb":{"@id":"https:\/\/www.chateau-montrose.com\/en\/une-renovation-historique\/#breadcrumb"},"inLanguage":"en-US","potentialAction":[{"@type":"ReadAction","target":["https:\/\/www.chateau-montrose.com\/en\/une-renovation-historique\/"]}]},{"@type":"BreadcrumbList","@id":"https:\/\/www.chateau-montrose.com\/en\/une-renovation-historique\/#breadcrumb","itemListElement":[{"@type":"ListItem","position":1,"name":"Accueil","item":"https:\/\/www.chateau-montrose.com\/en\/"},{"@type":"ListItem","position":2,"name":"A historic renovation"}]},{"@type":"WebSite","@id":"https:\/\/www.chateau-montrose.com\/#website","url":"https:\/\/www.chateau-montrose.com\/","name":"Ch\u00e2teau Montrose","description":"Un site utilisant WordPress","potentialAction":[{"@type":"SearchAction","target":{"@type":"EntryPoint","urlTemplate":"https:\/\/www.chateau-montrose.com\/?s={search_term_string}"},"query-input":{"@type":"PropertyValueSpecification","valueRequired":true,"valueName":"search_term_string"}}],"inLanguage":"en-US"}]}},"_links":{"self":[{"href":"https:\/\/www.chateau-montrose.com\/en\/wp-json\/wp\/v2\/pages\/5933","targetHints":{"allow":["GET"]}}],"collection":[{"href":"https:\/\/www.chateau-montrose.com\/en\/wp-json\/wp\/v2\/pages"}],"about":[{"href":"https:\/\/www.chateau-montrose.com\/en\/wp-json\/wp\/v2\/types\/page"}],"author":[{"embeddable":true,"href":"https:\/\/www.chateau-montrose.com\/en\/wp-json\/wp\/v2\/users\/1"}],"replies":[{"embeddable":true,"href":"https:\/\/www.chateau-montrose.com\/en\/wp-json\/wp\/v2\/comments?post=5933"}],"version-history":[{"count":11,"href":"https:\/\/www.chateau-montrose.com\/en\/wp-json\/wp\/v2\/pages\/5933\/revisions"}],"predecessor-version":[{"id":9131,"href":"https:\/\/www.chateau-montrose.com\/en\/wp-json\/wp\/v2\/pages\/5933\/revisions\/9131"}],"wp:attachment":[{"href":"https:\/\/www.chateau-montrose.com\/en\/wp-json\/wp\/v2\/media?parent=5933"}],"curies":[{"name":"wp","href":"https:\/\/api.w.org\/{rel}","templated":true}]}}