{"id":5974,"date":"2015-09-18T11:24:25","date_gmt":"2015-09-18T10:24:25","guid":{"rendered":"https:\/\/www.chateau-montrose.com\/?page_id=5974"},"modified":"2021-02-22T14:12:09","modified_gmt":"2021-02-22T13:12:09","slug":"chateau-montrose-en","status":"publish","type":"page","link":"https:\/\/www.chateau-montrose.com\/en\/chateau-montrose-en\/","title":{"rendered":"Ch\u00e2teau Montrose"},"content":{"rendered":"\n<style type=\"text\/css\" data-created_by=\"avia_inline_auto\" id=\"style-css-av-plf7k6-ebd7e04a43538b183c511e826befda5c\">\n.avia-section.av-plf7k6-ebd7e04a43538b183c511e826befda5c{\nbackground-color:#f7f4ef;\nbackground-image:url(https:\/\/www.chateau-montrose.com\/wp-content\/uploads\/2015\/05\/chateau-montrose.jpg);\nbackground-repeat:no-repeat;\nbackground-position:50% 0%;\nbackground-attachment:scroll;\n}\n<\/style>\n<div id='av_section_1'  class='avia-section av-plf7k6-ebd7e04a43538b183c511e826befda5c main_color avia-section-small avia-no-border-styling  avia-builder-el-0  el_before_av_section  avia-builder-el-first  avia-bg-style-scroll av-minimum-height av-minimum-height-custom av-height-custom  container_wrap fullsize'  data-section-bg-repeat='no-repeat' data-av_minimum_height_px='330'><div class='container av-section-cont-open' style='height:330px'><main  role=\"main\" itemprop=\"mainContentOfPage\"  class='template-page content  av-content-full alpha units'><div class='post-entry post-entry-type-page post-entry-5974'><div class='entry-content-wrapper clearfix'>\n<\/div><\/div><\/main><!-- close content main element --><\/div><\/div>\n<style type=\"text\/css\" data-created_by=\"avia_inline_auto\" id=\"style-css-av-o6inc6-4cc9ba801812191f1733f3c141e06b6d\">\n.avia-section.av-o6inc6-4cc9ba801812191f1733f3c141e06b6d{\nbackground-color:#f7f4ef;\nbackground-image:unset;\n}\n<\/style>\n<div id='av_section_2'  class='avia-section av-o6inc6-4cc9ba801812191f1733f3c141e06b6d main_color avia-section-default avia-no-border-styling  avia-builder-el-1  el_after_av_section  avia-builder-el-last  avia-bg-style-scroll container_wrap fullsize'  ><div class='container av-section-cont-open' ><div class='template-page content  av-content-full alpha units'><div class='post-entry post-entry-type-page post-entry-5974'><div class='entry-content-wrapper clearfix'>\n\n<style type=\"text\/css\" data-created_by=\"avia_inline_auto\" id=\"style-css-av-av_heading-0c9b46bfa6e3dbf7e92724c1628739de\">\n#top .av-special-heading.av-av_heading-0c9b46bfa6e3dbf7e92724c1628739de{\npadding-bottom:10px;\nfont-size:50px;\n}\nbody .av-special-heading.av-av_heading-0c9b46bfa6e3dbf7e92724c1628739de .av-special-heading-tag .heading-char{\nfont-size:25px;\n}\n#top #wrap_all .av-special-heading.av-av_heading-0c9b46bfa6e3dbf7e92724c1628739de .av-special-heading-tag{\nfont-size:50px;\n}\n.av-special-heading.av-av_heading-0c9b46bfa6e3dbf7e92724c1628739de .av-subheading{\nfont-size:15px;\n}\n\n@media only screen and (min-width: 480px) and (max-width: 767px){ \n#top #wrap_all .av-special-heading.av-av_heading-0c9b46bfa6e3dbf7e92724c1628739de .av-special-heading-tag{\nfont-size:0.8em;\n}\n}\n\n@media only screen and (max-width: 479px){ \n#top #wrap_all .av-special-heading.av-av_heading-0c9b46bfa6e3dbf7e92724c1628739de .av-special-heading-tag{\nfont-size:0.8em;\n}\n}\n<\/style>\n<div  class='av-special-heading av-av_heading-0c9b46bfa6e3dbf7e92724c1628739de av-special-heading-h2 blockquote modern-quote modern-centered  avia-builder-el-2  el_before_av_font_icon  avia-builder-el-first  av-inherit-size'><h2 class='av-special-heading-tag '  itemprop=\"headline\"  >Ch\u00e2teau Montrose<\/h2><div class=\"special-heading-border\"><div class=\"special-heading-inner-border\"><\/div><\/div><\/div>\n\n<style type=\"text\/css\" data-created_by=\"avia_inline_auto\" id=\"style-css-av-k87mbq-36d660a1ff0b7ac93e54b82554608502\">\n.av_font_icon.av-k87mbq-36d660a1ff0b7ac93e54b82554608502{\ncolor:#b88a3a;\nborder-color:#b88a3a;\n}\n.avia-svg-icon.av-k87mbq-36d660a1ff0b7ac93e54b82554608502 svg:first-child{\nstroke:#b88a3a;\nfill:#b88a3a;\n}\n.av_font_icon.av-k87mbq-36d660a1ff0b7ac93e54b82554608502 .av-icon-char{\nfont-size:40px;\nline-height:40px;\n}\n<\/style>\n<span  class='av_font_icon av-k87mbq-36d660a1ff0b7ac93e54b82554608502 avia_animate_when_visible av-icon-style- avia-icon-pos-center avia-iconfont avia-font-entypo-fontello avia-icon-animate'><span class='av-icon-char' data-av_icon='\ue819' data-av_iconfont='entypo-fontello' aria-hidden=\"true\" ><\/span><\/span>\n\n<style type=\"text\/css\" data-created_by=\"avia_inline_auto\" id=\"style-css-av-ir9r7q-0e9e00694ca6af043e36d05790af374f\">\n#top .hr.hr-invisible.av-ir9r7q-0e9e00694ca6af043e36d05790af374f{\nheight:50px;\n}\n<\/style>\n<div  class='hr av-ir9r7q-0e9e00694ca6af043e36d05790af374f hr-invisible  avia-builder-el-4  el_after_av_font_icon  el_before_av_one_full '><span class='hr-inner '><span class=\"hr-inner-style\"><\/span><\/span><\/div>\n\n<style type=\"text\/css\" data-created_by=\"avia_inline_auto\" id=\"style-css-av-gs2yeu-b2f7cbad0d208502fbfbf1a0f081bde6\">\n.flex_column.av-gs2yeu-b2f7cbad0d208502fbfbf1a0f081bde6{\nborder-radius:0px 0px 0px 0px;\npadding:0px 0px 0px 0px;\nbackground:url(https:\/\/www.chateau-montrose.com\/wp-content\/uploads\/2015\/05\/fond-CM.png) 50% 0% no-repeat scroll ;\n}\n<\/style>\n<div  class='flex_column av-gs2yeu-b2f7cbad0d208502fbfbf1a0f081bde6 av_one_full  avia-builder-el-5  el_after_av_hr  el_before_av_hr  first flex_column_div av-zero-column-padding  '     ><p>\n<style type=\"text\/css\" data-created_by=\"avia_inline_auto\" id=\"style-css-av-gegk3a-8a5a17e6b6339986074c0b7937989af5\">\n#top .hr.hr-invisible.av-gegk3a-8a5a17e6b6339986074c0b7937989af5{\nheight:50px;\n}\n<\/style>\n<div  class='hr av-gegk3a-8a5a17e6b6339986074c0b7937989af5 hr-invisible  avia-builder-el-6  el_before_av_image  avia-builder-el-first '><span class='hr-inner '><span class=\"hr-inner-style\"><\/span><\/span><\/div><br \/>\n\n<style type=\"text\/css\" data-created_by=\"avia_inline_auto\" id=\"style-css-av-dubasm-81750fb129e0481441ebee3c90c3fe9e\">\n.avia-image-container.av-dubasm-81750fb129e0481441ebee3c90c3fe9e img.avia_image{\nbox-shadow:none;\n}\n.avia-image-container.av-dubasm-81750fb129e0481441ebee3c90c3fe9e .av-image-caption-overlay-center{\ncolor:#ffffff;\n}\n<\/style>\n<div  class='avia-image-container av-dubasm-81750fb129e0481441ebee3c90c3fe9e av-styling- avia-align-center  avia-builder-el-7  el_after_av_hr  avia-builder-el-last '   itemprop=\"image\" itemscope=\"itemscope\" itemtype=\"https:\/\/schema.org\/ImageObject\" ><div class=\"avia-image-container-inner\"><div class=\"avia-image-overlay-wrap\"><img decoding=\"async\" fetchpriority=\"high\" class='wp-image-9335 avia-img-lazy-loading-not-9335 avia_image ' src=\"https:\/\/www.chateau-montrose.com\/wp-content\/uploads\/2020\/09\/MO-sans-mill\u00e9sime-PS-d\u00e9tour\u00e9-686x1030.png\" alt='' title='MO-sans mill\u00e9sime - PS d\u00e9tour\u00e9'  height=\"1030\" width=\"686\"  itemprop=\"thumbnailUrl\" srcset=\"https:\/\/www.chateau-montrose.com\/wp-content\/uploads\/2020\/09\/MO-sans-mill\u00e9sime-PS-d\u00e9tour\u00e9-686x1030.png 686w, https:\/\/www.chateau-montrose.com\/wp-content\/uploads\/2020\/09\/MO-sans-mill\u00e9sime-PS-d\u00e9tour\u00e9-200x300.png 200w, https:\/\/www.chateau-montrose.com\/wp-content\/uploads\/2020\/09\/MO-sans-mill\u00e9sime-PS-d\u00e9tour\u00e9-768x1152.png 768w, https:\/\/www.chateau-montrose.com\/wp-content\/uploads\/2020\/09\/MO-sans-mill\u00e9sime-PS-d\u00e9tour\u00e9-470x705.png 470w, https:\/\/www.chateau-montrose.com\/wp-content\/uploads\/2020\/09\/MO-sans-mill\u00e9sime-PS-d\u00e9tour\u00e9.png 853w\" sizes=\"(max-width: 686px) 100vw, 686px\" \/><\/div><\/div><\/div><\/p><\/div>\n<style type=\"text\/css\" data-created_by=\"avia_inline_auto\" id=\"style-css-av-18wn1y-a6387bcdd0c11446386b5d9fcde9f8d4\">\n#top .hr.hr-invisible.av-18wn1y-a6387bcdd0c11446386b5d9fcde9f8d4{\nheight:50px;\n}\n<\/style>\n<div  class='hr av-18wn1y-a6387bcdd0c11446386b5d9fcde9f8d4 hr-invisible  avia-builder-el-8  el_after_av_one_full  el_before_av_one_half '><span class='hr-inner '><span class=\"hr-inner-style\"><\/span><\/span><\/div>\n<div  class='flex_column av-14612u-83993e13ce320e4f707667da5f2a4ae4 av_one_half  avia-builder-el-9  el_after_av_hr  el_before_av_one_half  first flex_column_div  '     ><section  class='av_textblock_section av-ur606-1dc14a21d6e4cb69697cd04d8e9a0e80 '   itemscope=\"itemscope\" itemtype=\"https:\/\/schema.org\/CreativeWork\" ><div class='avia_textblock'  itemprop=\"text\" ><p style=\"text-align: justify;\" align=\"JUSTIFY\"><span lang=\"en-GB\">The result of rigorous selection at each stage of production, in both the vineyard and the winery, this great, predominantly Cabernet Sauvignon wine is typical of the Saint-Est\u00e8phe appellation. Structured and tannic but with all the elegance and refinement of a Grand Cru Class\u00e9, with time it develops a delicate and complex bouquet.<br \/>\n<\/span><\/p>\n<\/div><\/section><\/div>\n<style type=\"text\/css\" data-created_by=\"avia_inline_auto\" id=\"style-css-av-6wio86-ef9dac5feb4ce03b4d000faf85a65771\">\n.flex_column.av-6wio86-ef9dac5feb4ce03b4d000faf85a65771{\nborder-radius:0px 0px 0px 0px;\npadding:0px 0px 0px 0px;\n}\n<\/style>\n<div  class='flex_column av-6wio86-ef9dac5feb4ce03b4d000faf85a65771 av_one_half  avia-builder-el-11  el_after_av_one_half  el_before_av_hr  flex_column_div av-zero-column-padding  '     ><section  class='av_textblock_section av-kf2laee3-d3093ab088e7415d215c31ed0cc32983 '   itemscope=\"itemscope\" itemtype=\"https:\/\/schema.org\/CreativeWork\" ><div class='avia_textblock'  itemprop=\"text\" ><p style=\"text-align: justify;\" align=\"JUSTIFY\"><span lang=\"en-GB\">The wines have considerable ageing potential and are exceptionally long-lived. Certain vintages (1921, 1929, 1982, 1990, 2009) are considered legendary. <\/span><\/p>\n<p>Matured for 18 months in 60% new French oak barrels, the premium wine accounts from 35 to 40% of the total production of Ch\u00e2teau Montrose.<\/p>\n<\/div><\/section><\/div>\n<style type=\"text\/css\" data-created_by=\"avia_inline_auto\" id=\"style-css-av-5l3a6e-90f8830e6740c528bce438e8b56c44a4\">\n#top .hr.hr-invisible.av-5l3a6e-90f8830e6740c528bce438e8b56c44a4{\nheight:50px;\n}\n<\/style>\n<div  class='hr av-5l3a6e-90f8830e6740c528bce438e8b56c44a4 hr-invisible  avia-builder-el-13  el_after_av_one_half  el_before_avia_so_vintages_browser '><span class='hr-inner '><span class=\"hr-inner-style\"><\/span><\/span><\/div>\n<div class=\"so_vintages_browser_widget\" data-load-mode=\"redirection\">\n    <div class=\"swiper-container\">\n\n        <ul class=\"swiper-wrapper\" data-slide-amount=\"10\">\n            <li class=\"swiper-slide empty-slide\"><\/li>\n            <li class='swiper-slide'><a href='#' class='vintage_wrapper'><span class='vintage_year'>1970<\/span><\/a><\/li><li class='swiper-slide'><a href='#' class='vintage_wrapper'><span class='vintage_year'>1971<\/span><\/a><\/li><li class='swiper-slide'><a href='#' class='vintage_wrapper'><span class='vintage_year'>1972<\/span><\/a><\/li><li class='swiper-slide'><a href='#' class='vintage_wrapper'><span class='vintage_year'>1973<\/span><\/a><\/li><li class='swiper-slide'><a href='#' class='vintage_wrapper'><span class='vintage_year'>1974<\/span><\/a><\/li><li class='swiper-slide'><a href='#' class='vintage_wrapper'><span class='vintage_year'>1975<\/span><\/a><\/li><li class='swiper-slide'><a href='#' class='vintage_wrapper'><span class='vintage_year'>1976<\/span><\/a><\/li><li class='swiper-slide'><a href='#' class='vintage_wrapper'><span class='vintage_year'>1977<\/span><\/a><\/li><li class='swiper-slide'><a href='#' class='vintage_wrapper'><span class='vintage_year'>1978<\/span><\/a><\/li><li class='swiper-slide'><a href='#' class='vintage_wrapper'><span class='vintage_year'>1979<\/span><\/a><\/li><li class='swiper-slide'><a href='#' class='vintage_wrapper'><span class='vintage_year'>1980<\/span><\/a><\/li><li class='swiper-slide'><a href='#' class='vintage_wrapper'><span class='vintage_year'>1981<\/span><\/a><\/li><li class='swiper-slide'><a href='#' class='vintage_wrapper'><span class='vintage_year'>1982<\/span><\/a><\/li><li class='swiper-slide'><a href='#' class='vintage_wrapper'><span class='vintage_year'>1983<\/span><\/a><\/li><li class='swiper-slide'><a href='#' class='vintage_wrapper'><span class='vintage_year'>1984<\/span><\/a><\/li><li class='swiper-slide'><a href='#' class='vintage_wrapper'><span class='vintage_year'>1985<\/span><\/a><\/li><li class='swiper-slide'><a href='#' class='vintage_wrapper'><span class='vintage_year'>1986<\/span><\/a><\/li><li class='swiper-slide'><a href='#' class='vintage_wrapper'><span class='vintage_year'>1987<\/span><\/a><\/li><li class='swiper-slide'><a href='#' class='vintage_wrapper'><span class='vintage_year'>1988<\/span><\/a><\/li><li class='swiper-slide'><a href='#' class='vintage_wrapper'><span class='vintage_year'>1989<\/span><\/a><\/li><li class='swiper-slide'><a href='#' class='vintage_wrapper'><span class='vintage_year'>1990<\/span><\/a><\/li><li class='swiper-slide'><a href='#' class='vintage_wrapper'><span class='vintage_year'>1991<\/span><\/a><\/li><li class='swiper-slide'><a href='#' class='vintage_wrapper'><span class='vintage_year'>1992<\/span><\/a><\/li><li class='swiper-slide'><a href='#' class='vintage_wrapper'><span class='vintage_year'>1993<\/span><\/a><\/li><li class='swiper-slide'><a href='#' class='vintage_wrapper'><span class='vintage_year'>1994<\/span><\/a><\/li><li class='swiper-slide'><a href='#' class='vintage_wrapper'><span class='vintage_year'>1995<\/span><\/a><\/li><li class='swiper-slide'><a href='#' class='vintage_wrapper'><span class='vintage_year'>1996<\/span><\/a><\/li><li class='swiper-slide'><a href='#' class='vintage_wrapper'><span class='vintage_year'>1997<\/span><\/a><\/li><li class='swiper-slide'><a href='#' class='vintage_wrapper'><span class='vintage_year'>1998<\/span><\/a><\/li><li class='swiper-slide'><a href='#' class='vintage_wrapper'><span class='vintage_year'>1999<\/span><\/a><\/li><li class='swiper-slide'><a href='#' class='vintage_wrapper'><span class='vintage_year'>2000<\/span><\/a><\/li><li class='swiper-slide'><a href='#' class='vintage_wrapper'><span class='vintage_year'>2001<\/span><\/a><\/li><li class='swiper-slide'><a href='#' class='vintage_wrapper'><span class='vintage_year'>2002<\/span><\/a><\/li><li class='swiper-slide'><a href='#' class='vintage_wrapper'><span class='vintage_year'>2003<\/span><\/a><\/li><li class='swiper-slide'><a href='#' class='vintage_wrapper'><span class='vintage_year'>2004<\/span><\/a><\/li><li class='swiper-slide'><a href='#' class='vintage_wrapper'><span class='vintage_year'>2005<\/span><\/a><\/li><li class='swiper-slide'><a href='#' class='vintage_wrapper'><span class='vintage_year'>2006<\/span><\/a><\/li><li class='swiper-slide'><a href='#' class='vintage_wrapper'><span class='vintage_year'>2007<\/span><\/a><\/li><li class='swiper-slide'><a href='#' class='vintage_wrapper'><span class='vintage_year'>2008<\/span><\/a><\/li><li class='swiper-slide'><a href='#' class='vintage_wrapper'><span class='vintage_year'>2009<\/span><\/a><\/li><li class='swiper-slide'><a href='#' class='vintage_wrapper'><span class='vintage_year'>2010<\/span><\/a><\/li><li class='swiper-slide'><a href='#' class='vintage_wrapper'><span class='vintage_year'>2011<\/span><\/a><\/li><li class='swiper-slide'><a href='#' class='vintage_wrapper'><span class='vintage_year'>2012<\/span><\/a><\/li><li class='swiper-slide'><a href='#' class='vintage_wrapper'><span class='vintage_year'>2013<\/span><\/a><\/li><li class='swiper-slide'><a href='#' class='vintage_wrapper'><span class='vintage_year'>2014<\/span><\/a><\/li><li class='swiper-slide'><a href='#' class='vintage_wrapper'><span class='vintage_year'>2015<\/span><\/a><\/li><li class='swiper-slide'><a href='#' class='vintage_wrapper'><span class='vintage_year'>2016<\/span><\/a><\/li><li class='swiper-slide'><a href='#' class='vintage_wrapper'><span class='vintage_year'>2017<\/span><\/a><\/li><li class='swiper-slide'><a href='#' class='vintage_wrapper'><span class='vintage_year'>2018<\/span><\/a><\/li><li class='swiper-slide'><a href='#' class='vintage_wrapper'><span class='vintage_year'>2019<\/span><\/a><\/li><li class='swiper-slide'><a href='#' class='vintage_wrapper'><span class='vintage_year'>2020<\/span><\/a><\/li><li class='swiper-slide'><a href='#' class='vintage_wrapper'><span class='vintage_year'>2021<\/span><\/a><\/li><li class='swiper-slide'><a href='#' class='vintage_wrapper'><span class='vintage_year'>2022<\/span><\/a><\/li><li class='swiper-slide'><a href='https:\/\/www.chateau-montrose.com\/en\/millesimes\/chateau-montrose-2018-2-2-2-2-2-2\/' class='vintage_wrapper active'><span class='vintage_title_wrapper'><span class='vintage_title'>Ch\u00e2teau Montrose 2023<\/span><\/span><span class='vintage_year'>2023<\/span><\/a><\/li><li class='swiper-slide'><a href='#' class='vintage_wrapper'><span class='vintage_year'>2024<\/span><\/a><\/li><li class='swiper-slide'><a href='#' class='vintage_wrapper'><span class='vintage_year'>2025<\/span><\/a><\/li>            <li class=\"swiper-slide empty-slide\"><\/li>\n        <\/ul>\n    <\/div>\n\n    <div class=\"swiper-button-prev\"><\/div>\n    <div class=\"swiper-button-next\"><\/div>\n<\/div>\n\n<div class=\"so_vintages_browser_widget_mobile\">\n    <label for=\"vintages\">Vintages<\/label>\n    <select class=\"vintages\">\n        <option value=\"\">- Select -<\/option>\n        <option value='https:\/\/www.chateau-montrose.com\/en\/millesimes\/chateau-montrose-2018-2-2-2-2-2-2\/'>2023<\/option>    <\/select>\n<\/div>\n\n<style type=\"text\/css\" data-created_by=\"avia_inline_auto\" id=\"style-css-av-236bg6-a88089a6714933ec32f55a8ae8c57742\">\n#top .hr.hr-invisible.av-236bg6-a88089a6714933ec32f55a8ae8c57742{\nheight:50px;\n}\n<\/style>\n<div  class='hr av-236bg6-a88089a6714933ec32f55a8ae8c57742 hr-invisible  avia-builder-el-15  el_after_avia_so_vintages_browser  avia-builder-el-last '><span class='hr-inner '><span class=\"hr-inner-style\"><\/span><\/span><\/div>\n\n","protected":false},"excerpt":{"rendered":"","protected":false},"author":1,"featured_media":9341,"parent":0,"menu_order":0,"comment_status":"open","ping_status":"open","template":"","meta":{"footnotes":""},"class_list":["post-5974","page","type-page","status-publish","has-post-thumbnail","hentry"],"yoast_head":"<!-- This site is optimized with the Yoast SEO plugin v26.7 - https:\/\/yoast.com\/wordpress\/plugins\/seo\/ -->\n<title>Ch\u00e2teau Montrose Grand Cru Class\u00e9 in 1855 - Saint-Est\u00e8phe appellation<\/title>\n<meta name=\"description\" content=\"Ch\u00e2teau Montrose Grand Cru Class\u00e9 in 1855 - Saint-Est\u00e8phe appellation. Composed mainly from the greatest Cabernet Sauvignons...\" \/>\n<meta name=\"robots\" content=\"index, follow, max-snippet:-1, max-image-preview:large, max-video-preview:-1\" \/>\n<link rel=\"canonical\" href=\"https:\/\/www.chateau-montrose.com\/en\/chateau-montrose-en\/\" \/>\n<meta property=\"og:locale\" content=\"en_US\" \/>\n<meta property=\"og:type\" content=\"article\" \/>\n<meta property=\"og:title\" content=\"Ch\u00e2teau Montrose Grand Cru Class\u00e9 in 1855 - Saint-Est\u00e8phe appellation\" \/>\n<meta property=\"og:description\" content=\"Ch\u00e2teau Montrose Grand Cru Class\u00e9 in 1855 - Saint-Est\u00e8phe appellation. Composed mainly from the greatest Cabernet Sauvignons...\" \/>\n<meta property=\"og:url\" content=\"https:\/\/www.chateau-montrose.com\/en\/chateau-montrose-en\/\" \/>\n<meta property=\"og:site_name\" content=\"Ch\u00e2teau Montrose\" \/>\n<meta property=\"article:modified_time\" content=\"2021-02-22T13:12:09+00:00\" \/>\n<meta property=\"og:image\" content=\"https:\/\/www.chateau-montrose.com\/wp-content\/uploads\/2020\/09\/MO-sans-mill\u00e9sime-PS-d\u00e9tour\u00e9-1.png\" \/>\n\t<meta property=\"og:image:width\" content=\"853\" \/>\n\t<meta property=\"og:image:height\" content=\"1280\" \/>\n\t<meta property=\"og:image:type\" content=\"image\/png\" \/>\n<meta name=\"twitter:card\" content=\"summary_large_image\" \/>\n<meta name=\"twitter:label1\" content=\"Est. reading time\" \/>\n\t<meta name=\"twitter:data1\" content=\"2 minutes\" \/>\n<script type=\"application\/ld+json\" class=\"yoast-schema-graph\">{\"@context\":\"https:\/\/schema.org\",\"@graph\":[{\"@type\":\"WebPage\",\"@id\":\"https:\/\/www.chateau-montrose.com\/en\/chateau-montrose-en\/\",\"url\":\"https:\/\/www.chateau-montrose.com\/en\/chateau-montrose-en\/\",\"name\":\"Ch\u00e2teau Montrose Grand Cru Class\u00e9 in 1855 - Saint-Est\u00e8phe appellation\",\"isPartOf\":{\"@id\":\"https:\/\/www.chateau-montrose.com\/#website\"},\"primaryImageOfPage\":{\"@id\":\"https:\/\/www.chateau-montrose.com\/en\/chateau-montrose-en\/#primaryimage\"},\"image\":{\"@id\":\"https:\/\/www.chateau-montrose.com\/en\/chateau-montrose-en\/#primaryimage\"},\"thumbnailUrl\":\"https:\/\/www.chateau-montrose.com\/wp-content\/uploads\/2020\/09\/MO-sans-mill\u00e9sime-PS-d\u00e9tour\u00e9-1.png\",\"datePublished\":\"2015-09-18T10:24:25+00:00\",\"dateModified\":\"2021-02-22T13:12:09+00:00\",\"description\":\"Ch\u00e2teau Montrose Grand Cru Class\u00e9 in 1855 - Saint-Est\u00e8phe appellation. Composed mainly from the greatest Cabernet Sauvignons...\",\"breadcrumb\":{\"@id\":\"https:\/\/www.chateau-montrose.com\/en\/chateau-montrose-en\/#breadcrumb\"},\"inLanguage\":\"en-US\",\"potentialAction\":[{\"@type\":\"ReadAction\",\"target\":[\"https:\/\/www.chateau-montrose.com\/en\/chateau-montrose-en\/\"]}]},{\"@type\":\"ImageObject\",\"inLanguage\":\"en-US\",\"@id\":\"https:\/\/www.chateau-montrose.com\/en\/chateau-montrose-en\/#primaryimage\",\"url\":\"https:\/\/www.chateau-montrose.com\/wp-content\/uploads\/2020\/09\/MO-sans-mill\u00e9sime-PS-d\u00e9tour\u00e9-1.png\",\"contentUrl\":\"https:\/\/www.chateau-montrose.com\/wp-content\/uploads\/2020\/09\/MO-sans-mill\u00e9sime-PS-d\u00e9tour\u00e9-1.png\",\"width\":853,\"height\":1280},{\"@type\":\"BreadcrumbList\",\"@id\":\"https:\/\/www.chateau-montrose.com\/en\/chateau-montrose-en\/#breadcrumb\",\"itemListElement\":[{\"@type\":\"ListItem\",\"position\":1,\"name\":\"Accueil\",\"item\":\"https:\/\/www.chateau-montrose.com\/en\/\"},{\"@type\":\"ListItem\",\"position\":2,\"name\":\"Ch\u00e2teau Montrose\"}]},{\"@type\":\"WebSite\",\"@id\":\"https:\/\/www.chateau-montrose.com\/#website\",\"url\":\"https:\/\/www.chateau-montrose.com\/\",\"name\":\"Ch\u00e2teau Montrose\",\"description\":\"Un site utilisant WordPress\",\"potentialAction\":[{\"@type\":\"SearchAction\",\"target\":{\"@type\":\"EntryPoint\",\"urlTemplate\":\"https:\/\/www.chateau-montrose.com\/?s={search_term_string}\"},\"query-input\":{\"@type\":\"PropertyValueSpecification\",\"valueRequired\":true,\"valueName\":\"search_term_string\"}}],\"inLanguage\":\"en-US\"}]}<\/script>\n<!-- \/ Yoast SEO plugin. -->","yoast_head_json":{"title":"Ch\u00e2teau Montrose Grand Cru Class\u00e9 in 1855 - Saint-Est\u00e8phe appellation","description":"Ch\u00e2teau Montrose Grand Cru Class\u00e9 in 1855 - Saint-Est\u00e8phe appellation. Composed mainly from the greatest Cabernet Sauvignons...","robots":{"index":"index","follow":"follow","max-snippet":"max-snippet:-1","max-image-preview":"max-image-preview:large","max-video-preview":"max-video-preview:-1"},"canonical":"https:\/\/www.chateau-montrose.com\/en\/chateau-montrose-en\/","og_locale":"en_US","og_type":"article","og_title":"Ch\u00e2teau Montrose Grand Cru Class\u00e9 in 1855 - Saint-Est\u00e8phe appellation","og_description":"Ch\u00e2teau Montrose Grand Cru Class\u00e9 in 1855 - Saint-Est\u00e8phe appellation. Composed mainly from the greatest Cabernet Sauvignons...","og_url":"https:\/\/www.chateau-montrose.com\/en\/chateau-montrose-en\/","og_site_name":"Ch\u00e2teau Montrose","article_modified_time":"2021-02-22T13:12:09+00:00","og_image":[{"width":853,"height":1280,"url":"https:\/\/www.chateau-montrose.com\/wp-content\/uploads\/2020\/09\/MO-sans-mill\u00e9sime-PS-d\u00e9tour\u00e9-1.png","type":"image\/png"}],"twitter_card":"summary_large_image","twitter_misc":{"Est. reading time":"2 minutes"},"schema":{"@context":"https:\/\/schema.org","@graph":[{"@type":"WebPage","@id":"https:\/\/www.chateau-montrose.com\/en\/chateau-montrose-en\/","url":"https:\/\/www.chateau-montrose.com\/en\/chateau-montrose-en\/","name":"Ch\u00e2teau Montrose Grand Cru Class\u00e9 in 1855 - Saint-Est\u00e8phe appellation","isPartOf":{"@id":"https:\/\/www.chateau-montrose.com\/#website"},"primaryImageOfPage":{"@id":"https:\/\/www.chateau-montrose.com\/en\/chateau-montrose-en\/#primaryimage"},"image":{"@id":"https:\/\/www.chateau-montrose.com\/en\/chateau-montrose-en\/#primaryimage"},"thumbnailUrl":"https:\/\/www.chateau-montrose.com\/wp-content\/uploads\/2020\/09\/MO-sans-mill\u00e9sime-PS-d\u00e9tour\u00e9-1.png","datePublished":"2015-09-18T10:24:25+00:00","dateModified":"2021-02-22T13:12:09+00:00","description":"Ch\u00e2teau Montrose Grand Cru Class\u00e9 in 1855 - Saint-Est\u00e8phe appellation. Composed mainly from the greatest Cabernet Sauvignons...","breadcrumb":{"@id":"https:\/\/www.chateau-montrose.com\/en\/chateau-montrose-en\/#breadcrumb"},"inLanguage":"en-US","potentialAction":[{"@type":"ReadAction","target":["https:\/\/www.chateau-montrose.com\/en\/chateau-montrose-en\/"]}]},{"@type":"ImageObject","inLanguage":"en-US","@id":"https:\/\/www.chateau-montrose.com\/en\/chateau-montrose-en\/#primaryimage","url":"https:\/\/www.chateau-montrose.com\/wp-content\/uploads\/2020\/09\/MO-sans-mill\u00e9sime-PS-d\u00e9tour\u00e9-1.png","contentUrl":"https:\/\/www.chateau-montrose.com\/wp-content\/uploads\/2020\/09\/MO-sans-mill\u00e9sime-PS-d\u00e9tour\u00e9-1.png","width":853,"height":1280},{"@type":"BreadcrumbList","@id":"https:\/\/www.chateau-montrose.com\/en\/chateau-montrose-en\/#breadcrumb","itemListElement":[{"@type":"ListItem","position":1,"name":"Accueil","item":"https:\/\/www.chateau-montrose.com\/en\/"},{"@type":"ListItem","position":2,"name":"Ch\u00e2teau Montrose"}]},{"@type":"WebSite","@id":"https:\/\/www.chateau-montrose.com\/#website","url":"https:\/\/www.chateau-montrose.com\/","name":"Ch\u00e2teau Montrose","description":"Un site utilisant WordPress","potentialAction":[{"@type":"SearchAction","target":{"@type":"EntryPoint","urlTemplate":"https:\/\/www.chateau-montrose.com\/?s={search_term_string}"},"query-input":{"@type":"PropertyValueSpecification","valueRequired":true,"valueName":"search_term_string"}}],"inLanguage":"en-US"}]}},"_links":{"self":[{"href":"https:\/\/www.chateau-montrose.com\/en\/wp-json\/wp\/v2\/pages\/5974","targetHints":{"allow":["GET"]}}],"collection":[{"href":"https:\/\/www.chateau-montrose.com\/en\/wp-json\/wp\/v2\/pages"}],"about":[{"href":"https:\/\/www.chateau-montrose.com\/en\/wp-json\/wp\/v2\/types\/page"}],"author":[{"embeddable":true,"href":"https:\/\/www.chateau-montrose.com\/en\/wp-json\/wp\/v2\/users\/1"}],"replies":[{"embeddable":true,"href":"https:\/\/www.chateau-montrose.com\/en\/wp-json\/wp\/v2\/comments?post=5974"}],"version-history":[{"count":14,"href":"https:\/\/www.chateau-montrose.com\/en\/wp-json\/wp\/v2\/pages\/5974\/revisions"}],"predecessor-version":[{"id":10192,"href":"https:\/\/www.chateau-montrose.com\/en\/wp-json\/wp\/v2\/pages\/5974\/revisions\/10192"}],"wp:featuredmedia":[{"embeddable":true,"href":"https:\/\/www.chateau-montrose.com\/en\/wp-json\/wp\/v2\/media\/9341"}],"wp:attachment":[{"href":"https:\/\/www.chateau-montrose.com\/en\/wp-json\/wp\/v2\/media?parent=5974"}],"curies":[{"name":"wp","href":"https:\/\/api.w.org\/{rel}","templated":true}]}}