{"id":5997,"date":"2015-09-18T11:56:51","date_gmt":"2015-09-18T10:56:51","guid":{"rendered":"https:\/\/www.chateau-montrose.com\/?page_id=5997"},"modified":"2021-02-22T14:14:45","modified_gmt":"2021-02-22T13:14:45","slug":"la-dame-de-montrose","status":"publish","type":"page","link":"https:\/\/www.chateau-montrose.com\/en\/la-dame-de-montrose\/","title":{"rendered":"La Dame de Montrose"},"content":{"rendered":"\n<style type=\"text\/css\" data-created_by=\"avia_inline_auto\" id=\"style-css-av-2eqk19-729a964fd6197fc4913aba00833d3c45\">\n.avia-section.av-2eqk19-729a964fd6197fc4913aba00833d3c45{\nbackground-color:#f7f4ef;\nbackground-image:url(https:\/\/www.chateau-montrose.com\/wp-content\/uploads\/2015\/08\/entete-DM.jpg);\nbackground-repeat:no-repeat;\nbackground-position:50% 0%;\nbackground-attachment:scroll;\n}\n<\/style>\n<div id='av_section_1'  class='avia-section av-2eqk19-729a964fd6197fc4913aba00833d3c45 main_color avia-section-small avia-no-border-styling  avia-builder-el-0  el_before_av_section  avia-builder-el-first  avia-bg-style-scroll av-minimum-height av-minimum-height-custom av-height-custom  container_wrap fullsize'  data-section-bg-repeat='no-repeat' data-av_minimum_height_px='330'><div class='container av-section-cont-open' style='height:330px'><main  role=\"main\" itemprop=\"mainContentOfPage\"  class='template-page content  av-content-full alpha units'><div class='post-entry post-entry-type-page post-entry-5997'><div class='entry-content-wrapper clearfix'>\n<\/div><\/div><\/main><!-- close content main element --><\/div><\/div>\n<style type=\"text\/css\" data-created_by=\"avia_inline_auto\" id=\"style-css-av-n46bzx-70fa3cb708843fc81ec070ad5be89ea4\">\n.avia-section.av-n46bzx-70fa3cb708843fc81ec070ad5be89ea4{\nbackground-color:#f7f4ef;\nbackground-image:unset;\n}\n<\/style>\n<div id='av_section_2'  class='avia-section av-n46bzx-70fa3cb708843fc81ec070ad5be89ea4 main_color avia-section-default avia-no-border-styling  avia-builder-el-1  el_after_av_section  avia-builder-el-last  avia-bg-style-scroll container_wrap fullsize'  ><div class='container av-section-cont-open' ><div class='template-page content  av-content-full alpha units'><div class='post-entry post-entry-type-page post-entry-5997'><div class='entry-content-wrapper clearfix'>\n\n<style type=\"text\/css\" data-created_by=\"avia_inline_auto\" id=\"style-css-av-av_heading-0c6b7f6031c11807d0877801e40c242c\">\n#top .av-special-heading.av-av_heading-0c6b7f6031c11807d0877801e40c242c{\npadding-bottom:10px;\nfont-size:50px;\n}\nbody .av-special-heading.av-av_heading-0c6b7f6031c11807d0877801e40c242c .av-special-heading-tag .heading-char{\nfont-size:25px;\n}\n#top #wrap_all .av-special-heading.av-av_heading-0c6b7f6031c11807d0877801e40c242c .av-special-heading-tag{\nfont-size:50px;\n}\n.av-special-heading.av-av_heading-0c6b7f6031c11807d0877801e40c242c .av-subheading{\nfont-size:15px;\n}\n\n@media only screen and (min-width: 480px) and (max-width: 767px){ \n#top #wrap_all .av-special-heading.av-av_heading-0c6b7f6031c11807d0877801e40c242c .av-special-heading-tag{\nfont-size:0.8em;\n}\n}\n\n@media only screen and (max-width: 479px){ \n#top #wrap_all .av-special-heading.av-av_heading-0c6b7f6031c11807d0877801e40c242c .av-special-heading-tag{\nfont-size:0.8em;\n}\n}\n<\/style>\n<div  class='av-special-heading av-av_heading-0c6b7f6031c11807d0877801e40c242c av-special-heading-h2 blockquote modern-quote modern-centered  avia-builder-el-2  el_before_av_font_icon  avia-builder-el-first  av-inherit-size'><h2 class='av-special-heading-tag '  itemprop=\"headline\"  >La Dame de Montrose<\/h2><div class=\"special-heading-border\"><div class=\"special-heading-inner-border\"><\/div><\/div><\/div>\n\n<style type=\"text\/css\" data-created_by=\"avia_inline_auto\" id=\"style-css-av-jmynrh-b474b01a8ad158e5ec5669bf49d70b47\">\n.av_font_icon.av-jmynrh-b474b01a8ad158e5ec5669bf49d70b47{\ncolor:#b88a3a;\nborder-color:#b88a3a;\n}\n.avia-svg-icon.av-jmynrh-b474b01a8ad158e5ec5669bf49d70b47 svg:first-child{\nstroke:#b88a3a;\nfill:#b88a3a;\n}\n.av_font_icon.av-jmynrh-b474b01a8ad158e5ec5669bf49d70b47 .av-icon-char{\nfont-size:40px;\nline-height:40px;\n}\n<\/style>\n<span  class='av_font_icon av-jmynrh-b474b01a8ad158e5ec5669bf49d70b47 avia_animate_when_visible av-icon-style- avia-icon-pos-center avia-iconfont avia-font-entypo-fontello avia-icon-animate'><span class='av-icon-char' data-av_icon='\ue819' data-av_iconfont='entypo-fontello' aria-hidden=\"true\" ><\/span><\/span>\n\n<style type=\"text\/css\" data-created_by=\"avia_inline_auto\" id=\"style-css-av-gyhd6l-59f0b1eb247c8c9db13dfe2348745a08\">\n#top .hr.hr-invisible.av-gyhd6l-59f0b1eb247c8c9db13dfe2348745a08{\nheight:50px;\n}\n<\/style>\n<div  class='hr av-gyhd6l-59f0b1eb247c8c9db13dfe2348745a08 hr-invisible  avia-builder-el-4  el_after_av_font_icon  el_before_av_one_full '><span class='hr-inner '><span class=\"hr-inner-style\"><\/span><\/span><\/div>\n\n<style type=\"text\/css\" data-created_by=\"avia_inline_auto\" id=\"style-css-av-fag899-2e6a48339a5b9909bbca7f738a2e5918\">\n.flex_column.av-fag899-2e6a48339a5b9909bbca7f738a2e5918{\nborder-radius:0px 0px 0px 0px;\npadding:0px 0px 0px 0px;\nbackground:url(https:\/\/www.chateau-montrose.com\/wp-content\/uploads\/2015\/08\/fond-DM.jpg) 50% 0% no-repeat scroll ;\n}\n<\/style>\n<div  class='flex_column av-fag899-2e6a48339a5b9909bbca7f738a2e5918 av_one_full  avia-builder-el-5  el_after_av_hr  el_before_av_hr  first flex_column_div av-zero-column-padding  '     ><p>\n<style type=\"text\/css\" data-created_by=\"avia_inline_auto\" id=\"style-css-av-e93a1p-182de27b365a7df509060e8f5b327daa\">\n#top .hr.hr-invisible.av-e93a1p-182de27b365a7df509060e8f5b327daa{\nheight:50px;\n}\n<\/style>\n<div  class='hr av-e93a1p-182de27b365a7df509060e8f5b327daa hr-invisible  avia-builder-el-6  el_before_av_image  avia-builder-el-first '><span class='hr-inner '><span class=\"hr-inner-style\"><\/span><\/span><\/div><br \/>\n\n<style type=\"text\/css\" data-created_by=\"avia_inline_auto\" id=\"style-css-av-c26wyl-edf5bba704efad5df56c3dedab5bfcd9\">\n.avia-image-container.av-c26wyl-edf5bba704efad5df56c3dedab5bfcd9 img.avia_image{\nbox-shadow:none;\n}\n.avia-image-container.av-c26wyl-edf5bba704efad5df56c3dedab5bfcd9 .av-image-caption-overlay-center{\ncolor:#ffffff;\n}\n<\/style>\n<div  class='avia-image-container av-c26wyl-edf5bba704efad5df56c3dedab5bfcd9 av-styling- avia-align-center  avia-builder-el-7  el_after_av_hr  avia-builder-el-last '   itemprop=\"image\" itemscope=\"itemscope\" itemtype=\"https:\/\/schema.org\/ImageObject\" ><div class=\"avia-image-container-inner\"><div class=\"avia-image-overlay-wrap\"><img decoding=\"async\" fetchpriority=\"high\" class='wp-image-9380 avia-img-lazy-loading-not-9380 avia_image ' src=\"https:\/\/www.chateau-montrose.com\/wp-content\/uploads\/2020\/09\/DA-sans-mill\u00e9sime-d\u00e9tour\u00e9-2-316x1030.png\" alt='' title='DA sans mill\u00e9sime- d\u00e9tour\u00e9 2'  height=\"1030\" width=\"316\"  itemprop=\"thumbnailUrl\" srcset=\"https:\/\/www.chateau-montrose.com\/wp-content\/uploads\/2020\/09\/DA-sans-mill\u00e9sime-d\u00e9tour\u00e9-2-316x1030.png 316w, https:\/\/www.chateau-montrose.com\/wp-content\/uploads\/2020\/09\/DA-sans-mill\u00e9sime-d\u00e9tour\u00e9-2-92x300.png 92w, https:\/\/www.chateau-montrose.com\/wp-content\/uploads\/2020\/09\/DA-sans-mill\u00e9sime-d\u00e9tour\u00e9-2-216x705.png 216w, https:\/\/www.chateau-montrose.com\/wp-content\/uploads\/2020\/09\/DA-sans-mill\u00e9sime-d\u00e9tour\u00e9-2.png 347w\" sizes=\"(max-width: 316px) 100vw, 316px\" \/><\/div><\/div><\/div><\/p><\/div>\n<style type=\"text\/css\" data-created_by=\"avia_inline_auto\" id=\"style-css-av-anxact-014ade84a5896e957090bbdc7ec80f64\">\n#top .hr.hr-invisible.av-anxact-014ade84a5896e957090bbdc7ec80f64{\nheight:50px;\n}\n<\/style>\n<div  class='hr av-anxact-014ade84a5896e957090bbdc7ec80f64 hr-invisible  avia-builder-el-8  el_after_av_one_full  el_before_av_one_half '><span class='hr-inner '><span class=\"hr-inner-style\"><\/span><\/span><\/div>\n<div  class='flex_column av-9oja5p-cb0a2cda6cf39b2994b876788730b6ec av_one_half  avia-builder-el-9  el_after_av_hr  el_before_av_one_half  first flex_column_div  '     ><section  class='av_textblock_section av-kf2lcicn-ba0eba368e96c617b27585984de3d645 '   itemscope=\"itemscope\" itemtype=\"https:\/\/schema.org\/CreativeWork\" ><div class='avia_textblock'  itemprop=\"text\" ><p><span lang=\"en-GB\">Made to the same rigorous standards as the First Wine, from grapes grown in the same vineyard, La Dame de Montrose is the estate\u2019s second label. Supple and silky Merlot generally predominates in the varietal mix. Its very pronounced red fruit aromas and flavours reflect another expression of the terroir in a distinctive style which is less elaborately complex than that of the First Wine.<br \/>\n<\/span><\/p>\n<\/div><\/section><\/div>\n<style type=\"text\/css\" data-created_by=\"avia_inline_auto\" id=\"style-css-av-851wal-b819b694090bd685870342b8ce8babcd\">\n.flex_column.av-851wal-b819b694090bd685870342b8ce8babcd{\nborder-radius:0px 0px 0px 0px;\npadding:0px 0px 0px 0px;\n}\n<\/style>\n<div  class='flex_column av-851wal-b819b694090bd685870342b8ce8babcd av_one_half  avia-builder-el-11  el_after_av_one_half  el_before_av_hr  flex_column_div av-zero-column-padding  '     ><section  class='av_textblock_section av-kf2lfaum-be746d6345a88cf582cc3a27093a3d34 '   itemscope=\"itemscope\" itemtype=\"https:\/\/schema.org\/CreativeWork\" ><div class='avia_textblock'  itemprop=\"text\" ><p><span lang=\"en-GB\">Consistently reliable and reaching maturity sooner, the wine was created in 1983 in tribute to Yvonne Charmol\u00fce, who ran Ch\u00e2teau Montrose single-handedly from 1944 to 1960. <\/span>Production varies from one year to another but accounts on average for 40 \u00e0 45% of the total production of the Montrose vineyard. <span lang=\"en-GB\">Aged for 12 months in 30% new french oak barrels.<\/span><\/p>\n<\/div><\/section><\/div>\n<style type=\"text\/css\" data-created_by=\"avia_inline_auto\" id=\"style-css-av-62ahv1-c56da61f0366d04a377f2cc356dff678\">\n#top .hr.hr-invisible.av-62ahv1-c56da61f0366d04a377f2cc356dff678{\nheight:50px;\n}\n<\/style>\n<div  class='hr av-62ahv1-c56da61f0366d04a377f2cc356dff678 hr-invisible  avia-builder-el-13  el_after_av_one_half  el_before_avia_so_vintages_browser '><span class='hr-inner '><span class=\"hr-inner-style\"><\/span><\/span><\/div>\n<div class=\"so_vintages_browser_widget\" data-load-mode=\"redirection\">\n    <div class=\"swiper-container\">\n\n        <ul class=\"swiper-wrapper\" data-slide-amount=\"10\">\n            <li class=\"swiper-slide empty-slide\"><\/li>\n            <li class='swiper-slide'><a href='#' class='vintage_wrapper'><span class='vintage_year'>1970<\/span><\/a><\/li><li class='swiper-slide'><a href='#' class='vintage_wrapper'><span class='vintage_year'>1971<\/span><\/a><\/li><li class='swiper-slide'><a href='#' class='vintage_wrapper'><span class='vintage_year'>1972<\/span><\/a><\/li><li class='swiper-slide'><a href='#' class='vintage_wrapper'><span class='vintage_year'>1973<\/span><\/a><\/li><li class='swiper-slide'><a href='#' class='vintage_wrapper'><span class='vintage_year'>1974<\/span><\/a><\/li><li class='swiper-slide'><a href='#' class='vintage_wrapper'><span class='vintage_year'>1975<\/span><\/a><\/li><li class='swiper-slide'><a href='#' class='vintage_wrapper'><span class='vintage_year'>1976<\/span><\/a><\/li><li class='swiper-slide'><a href='#' class='vintage_wrapper'><span class='vintage_year'>1977<\/span><\/a><\/li><li class='swiper-slide'><a href='#' class='vintage_wrapper'><span class='vintage_year'>1978<\/span><\/a><\/li><li class='swiper-slide'><a href='#' class='vintage_wrapper'><span class='vintage_year'>1979<\/span><\/a><\/li><li class='swiper-slide'><a href='#' class='vintage_wrapper'><span class='vintage_year'>1980<\/span><\/a><\/li><li class='swiper-slide'><a href='#' class='vintage_wrapper'><span class='vintage_year'>1981<\/span><\/a><\/li><li class='swiper-slide'><a href='#' class='vintage_wrapper'><span class='vintage_year'>1982<\/span><\/a><\/li><li class='swiper-slide'><a href='#' class='vintage_wrapper'><span class='vintage_year'>1983<\/span><\/a><\/li><li class='swiper-slide'><a href='#' class='vintage_wrapper'><span class='vintage_year'>1984<\/span><\/a><\/li><li class='swiper-slide'><a href='#' class='vintage_wrapper'><span class='vintage_year'>1985<\/span><\/a><\/li><li class='swiper-slide'><a href='#' class='vintage_wrapper'><span class='vintage_year'>1986<\/span><\/a><\/li><li class='swiper-slide'><a href='#' class='vintage_wrapper'><span class='vintage_year'>1987<\/span><\/a><\/li><li class='swiper-slide'><a href='#' class='vintage_wrapper'><span class='vintage_year'>1988<\/span><\/a><\/li><li class='swiper-slide'><a href='#' class='vintage_wrapper'><span class='vintage_year'>1989<\/span><\/a><\/li><li class='swiper-slide'><a href='#' class='vintage_wrapper'><span class='vintage_year'>1990<\/span><\/a><\/li><li class='swiper-slide'><a href='#' class='vintage_wrapper'><span class='vintage_year'>1991<\/span><\/a><\/li><li class='swiper-slide'><a href='#' class='vintage_wrapper'><span class='vintage_year'>1992<\/span><\/a><\/li><li class='swiper-slide'><a href='#' class='vintage_wrapper'><span class='vintage_year'>1993<\/span><\/a><\/li><li class='swiper-slide'><a href='#' class='vintage_wrapper'><span class='vintage_year'>1994<\/span><\/a><\/li><li class='swiper-slide'><a href='#' class='vintage_wrapper'><span class='vintage_year'>1995<\/span><\/a><\/li><li class='swiper-slide'><a href='#' class='vintage_wrapper'><span class='vintage_year'>1996<\/span><\/a><\/li><li class='swiper-slide'><a href='#' class='vintage_wrapper'><span class='vintage_year'>1997<\/span><\/a><\/li><li class='swiper-slide'><a href='#' class='vintage_wrapper'><span class='vintage_year'>1998<\/span><\/a><\/li><li class='swiper-slide'><a href='#' class='vintage_wrapper'><span class='vintage_year'>1999<\/span><\/a><\/li><li class='swiper-slide'><a href='#' class='vintage_wrapper'><span class='vintage_year'>2000<\/span><\/a><\/li><li class='swiper-slide'><a href='#' class='vintage_wrapper'><span class='vintage_year'>2001<\/span><\/a><\/li><li class='swiper-slide'><a href='#' class='vintage_wrapper'><span class='vintage_year'>2002<\/span><\/a><\/li><li class='swiper-slide'><a href='#' class='vintage_wrapper'><span class='vintage_year'>2003<\/span><\/a><\/li><li class='swiper-slide'><a href='#' class='vintage_wrapper'><span class='vintage_year'>2004<\/span><\/a><\/li><li class='swiper-slide'><a href='#' class='vintage_wrapper'><span class='vintage_year'>2005<\/span><\/a><\/li><li class='swiper-slide'><a href='#' class='vintage_wrapper'><span class='vintage_year'>2006<\/span><\/a><\/li><li class='swiper-slide'><a href='#' class='vintage_wrapper'><span class='vintage_year'>2007<\/span><\/a><\/li><li class='swiper-slide'><a href='#' class='vintage_wrapper'><span class='vintage_year'>2008<\/span><\/a><\/li><li class='swiper-slide'><a href='#' class='vintage_wrapper'><span class='vintage_year'>2009<\/span><\/a><\/li><li class='swiper-slide'><a href='#' class='vintage_wrapper'><span class='vintage_year'>2010<\/span><\/a><\/li><li class='swiper-slide'><a href='#' class='vintage_wrapper'><span class='vintage_year'>2011<\/span><\/a><\/li><li class='swiper-slide'><a href='#' class='vintage_wrapper'><span class='vintage_year'>2012<\/span><\/a><\/li><li class='swiper-slide'><a href='#' class='vintage_wrapper'><span class='vintage_year'>2013<\/span><\/a><\/li><li class='swiper-slide'><a href='#' class='vintage_wrapper'><span class='vintage_year'>2014<\/span><\/a><\/li><li class='swiper-slide'><a href='#' class='vintage_wrapper'><span class='vintage_year'>2015<\/span><\/a><\/li><li class='swiper-slide'><a href='#' class='vintage_wrapper'><span class='vintage_year'>2016<\/span><\/a><\/li><li class='swiper-slide'><a href='#' class='vintage_wrapper'><span class='vintage_year'>2017<\/span><\/a><\/li><li class='swiper-slide'><a href='#' class='vintage_wrapper'><span class='vintage_year'>2018<\/span><\/a><\/li><li class='swiper-slide'><a href='#' class='vintage_wrapper'><span class='vintage_year'>2019<\/span><\/a><\/li><li class='swiper-slide'><a href='#' class='vintage_wrapper'><span class='vintage_year'>2020<\/span><\/a><\/li><li class='swiper-slide'><a href='#' class='vintage_wrapper'><span class='vintage_year'>2021<\/span><\/a><\/li><li class='swiper-slide'><a href='#' class='vintage_wrapper'><span class='vintage_year'>2022<\/span><\/a><\/li><li class='swiper-slide'><a href='https:\/\/www.chateau-montrose.com\/en\/millesimes\/http-www-chateau-montrose-com-millesimes-la-dame-de-montrose-2018-2-2-2-2-2\/' class='vintage_wrapper active'><span class='vintage_title_wrapper'><span class='vintage_title'>La Dame de Montrose 2023<\/span><\/span><span class='vintage_year'>2023<\/span><\/a><\/li><li class='swiper-slide'><a href='#' class='vintage_wrapper'><span class='vintage_year'>2024<\/span><\/a><\/li><li class='swiper-slide'><a href='#' class='vintage_wrapper'><span class='vintage_year'>2025<\/span><\/a><\/li>            <li class=\"swiper-slide empty-slide\"><\/li>\n        <\/ul>\n    <\/div>\n\n    <div class=\"swiper-button-prev\"><\/div>\n    <div class=\"swiper-button-next\"><\/div>\n<\/div>\n\n<div class=\"so_vintages_browser_widget_mobile\">\n    <label for=\"vintages\">Vintages<\/label>\n    <select class=\"vintages\">\n        <option value=\"\">- Select -<\/option>\n        <option value='https:\/\/www.chateau-montrose.com\/en\/millesimes\/http-www-chateau-montrose-com-millesimes-la-dame-de-montrose-2018-2-2-2-2-2\/'>2023<\/option>    <\/select>\n<\/div>\n\n<style type=\"text\/css\" data-created_by=\"avia_inline_auto\" id=\"style-css-av-2slizx-96be28e0dbf7beafae3198578af48aa5\">\n#top .hr.hr-invisible.av-2slizx-96be28e0dbf7beafae3198578af48aa5{\nheight:50px;\n}\n<\/style>\n<div  class='hr av-2slizx-96be28e0dbf7beafae3198578af48aa5 hr-invisible  avia-builder-el-15  el_after_avia_so_vintages_browser  avia-builder-el-last '><span class='hr-inner '><span class=\"hr-inner-style\"><\/span><\/span><\/div>\n\n","protected":false},"excerpt":{"rendered":"","protected":false},"author":1,"featured_media":9380,"parent":0,"menu_order":0,"comment_status":"open","ping_status":"open","template":"","meta":{"footnotes":""},"class_list":["post-5997","page","type-page","status-publish","has-post-thumbnail","hentry"],"yoast_head":"<!-- This site is optimized with the Yoast SEO plugin v26.7 - https:\/\/yoast.com\/wordpress\/plugins\/seo\/ -->\n<title>La\u00a0Dame de Montrose Wine - Ch\u00e2teau Montrose<\/title>\n<meta name=\"description\" content=\"Discover La Dame de Montrose, the second selection from the Ch\u00e2teau Montrose.\" \/>\n<meta name=\"robots\" content=\"index, follow, max-snippet:-1, max-image-preview:large, max-video-preview:-1\" \/>\n<link rel=\"canonical\" href=\"https:\/\/www.chateau-montrose.com\/en\/la-dame-de-montrose\/\" \/>\n<meta property=\"og:locale\" content=\"en_US\" \/>\n<meta property=\"og:type\" content=\"article\" \/>\n<meta property=\"og:title\" content=\"La\u00a0Dame de Montrose Wine - Ch\u00e2teau Montrose\" \/>\n<meta property=\"og:description\" content=\"Discover La Dame de Montrose, the second selection from the Ch\u00e2teau Montrose.\" \/>\n<meta property=\"og:url\" content=\"https:\/\/www.chateau-montrose.com\/en\/la-dame-de-montrose\/\" \/>\n<meta property=\"og:site_name\" content=\"Ch\u00e2teau Montrose\" \/>\n<meta property=\"article:modified_time\" content=\"2021-02-22T13:14:45+00:00\" \/>\n<meta property=\"og:image\" content=\"https:\/\/www.chateau-montrose.com\/wp-content\/uploads\/2020\/09\/DA-sans-mill\u00e9sime-d\u00e9tour\u00e9-2.png\" \/>\n\t<meta property=\"og:image:width\" content=\"347\" \/>\n\t<meta property=\"og:image:height\" content=\"1130\" \/>\n\t<meta property=\"og:image:type\" content=\"image\/png\" \/>\n<meta name=\"twitter:card\" content=\"summary_large_image\" \/>\n<meta name=\"twitter:label1\" content=\"Est. reading time\" \/>\n\t<meta name=\"twitter:data1\" content=\"2 minutes\" \/>\n<script type=\"application\/ld+json\" class=\"yoast-schema-graph\">{\"@context\":\"https:\/\/schema.org\",\"@graph\":[{\"@type\":\"WebPage\",\"@id\":\"https:\/\/www.chateau-montrose.com\/en\/la-dame-de-montrose\/\",\"url\":\"https:\/\/www.chateau-montrose.com\/en\/la-dame-de-montrose\/\",\"name\":\"La\u00a0Dame de Montrose Wine - Ch\u00e2teau Montrose\",\"isPartOf\":{\"@id\":\"https:\/\/www.chateau-montrose.com\/#website\"},\"primaryImageOfPage\":{\"@id\":\"https:\/\/www.chateau-montrose.com\/en\/la-dame-de-montrose\/#primaryimage\"},\"image\":{\"@id\":\"https:\/\/www.chateau-montrose.com\/en\/la-dame-de-montrose\/#primaryimage\"},\"thumbnailUrl\":\"https:\/\/www.chateau-montrose.com\/wp-content\/uploads\/2020\/09\/DA-sans-mill\u00e9sime-d\u00e9tour\u00e9-2.png\",\"datePublished\":\"2015-09-18T10:56:51+00:00\",\"dateModified\":\"2021-02-22T13:14:45+00:00\",\"description\":\"Discover La Dame de Montrose, the second selection from the Ch\u00e2teau Montrose.\",\"breadcrumb\":{\"@id\":\"https:\/\/www.chateau-montrose.com\/en\/la-dame-de-montrose\/#breadcrumb\"},\"inLanguage\":\"en-US\",\"potentialAction\":[{\"@type\":\"ReadAction\",\"target\":[\"https:\/\/www.chateau-montrose.com\/en\/la-dame-de-montrose\/\"]}]},{\"@type\":\"ImageObject\",\"inLanguage\":\"en-US\",\"@id\":\"https:\/\/www.chateau-montrose.com\/en\/la-dame-de-montrose\/#primaryimage\",\"url\":\"https:\/\/www.chateau-montrose.com\/wp-content\/uploads\/2020\/09\/DA-sans-mill\u00e9sime-d\u00e9tour\u00e9-2.png\",\"contentUrl\":\"https:\/\/www.chateau-montrose.com\/wp-content\/uploads\/2020\/09\/DA-sans-mill\u00e9sime-d\u00e9tour\u00e9-2.png\",\"width\":347,\"height\":1130},{\"@type\":\"BreadcrumbList\",\"@id\":\"https:\/\/www.chateau-montrose.com\/en\/la-dame-de-montrose\/#breadcrumb\",\"itemListElement\":[{\"@type\":\"ListItem\",\"position\":1,\"name\":\"Accueil\",\"item\":\"https:\/\/www.chateau-montrose.com\/en\/\"},{\"@type\":\"ListItem\",\"position\":2,\"name\":\"La Dame de Montrose\"}]},{\"@type\":\"WebSite\",\"@id\":\"https:\/\/www.chateau-montrose.com\/#website\",\"url\":\"https:\/\/www.chateau-montrose.com\/\",\"name\":\"Ch\u00e2teau Montrose\",\"description\":\"Un site utilisant WordPress\",\"potentialAction\":[{\"@type\":\"SearchAction\",\"target\":{\"@type\":\"EntryPoint\",\"urlTemplate\":\"https:\/\/www.chateau-montrose.com\/?s={search_term_string}\"},\"query-input\":{\"@type\":\"PropertyValueSpecification\",\"valueRequired\":true,\"valueName\":\"search_term_string\"}}],\"inLanguage\":\"en-US\"}]}<\/script>\n<!-- \/ Yoast SEO plugin. -->","yoast_head_json":{"title":"La\u00a0Dame de Montrose Wine - Ch\u00e2teau Montrose","description":"Discover La Dame de Montrose, the second selection from the Ch\u00e2teau Montrose.","robots":{"index":"index","follow":"follow","max-snippet":"max-snippet:-1","max-image-preview":"max-image-preview:large","max-video-preview":"max-video-preview:-1"},"canonical":"https:\/\/www.chateau-montrose.com\/en\/la-dame-de-montrose\/","og_locale":"en_US","og_type":"article","og_title":"La\u00a0Dame de Montrose Wine - Ch\u00e2teau Montrose","og_description":"Discover La Dame de Montrose, the second selection from the Ch\u00e2teau Montrose.","og_url":"https:\/\/www.chateau-montrose.com\/en\/la-dame-de-montrose\/","og_site_name":"Ch\u00e2teau Montrose","article_modified_time":"2021-02-22T13:14:45+00:00","og_image":[{"width":347,"height":1130,"url":"https:\/\/www.chateau-montrose.com\/wp-content\/uploads\/2020\/09\/DA-sans-mill\u00e9sime-d\u00e9tour\u00e9-2.png","type":"image\/png"}],"twitter_card":"summary_large_image","twitter_misc":{"Est. reading time":"2 minutes"},"schema":{"@context":"https:\/\/schema.org","@graph":[{"@type":"WebPage","@id":"https:\/\/www.chateau-montrose.com\/en\/la-dame-de-montrose\/","url":"https:\/\/www.chateau-montrose.com\/en\/la-dame-de-montrose\/","name":"La\u00a0Dame de Montrose Wine - Ch\u00e2teau Montrose","isPartOf":{"@id":"https:\/\/www.chateau-montrose.com\/#website"},"primaryImageOfPage":{"@id":"https:\/\/www.chateau-montrose.com\/en\/la-dame-de-montrose\/#primaryimage"},"image":{"@id":"https:\/\/www.chateau-montrose.com\/en\/la-dame-de-montrose\/#primaryimage"},"thumbnailUrl":"https:\/\/www.chateau-montrose.com\/wp-content\/uploads\/2020\/09\/DA-sans-mill\u00e9sime-d\u00e9tour\u00e9-2.png","datePublished":"2015-09-18T10:56:51+00:00","dateModified":"2021-02-22T13:14:45+00:00","description":"Discover La Dame de Montrose, the second selection from the Ch\u00e2teau Montrose.","breadcrumb":{"@id":"https:\/\/www.chateau-montrose.com\/en\/la-dame-de-montrose\/#breadcrumb"},"inLanguage":"en-US","potentialAction":[{"@type":"ReadAction","target":["https:\/\/www.chateau-montrose.com\/en\/la-dame-de-montrose\/"]}]},{"@type":"ImageObject","inLanguage":"en-US","@id":"https:\/\/www.chateau-montrose.com\/en\/la-dame-de-montrose\/#primaryimage","url":"https:\/\/www.chateau-montrose.com\/wp-content\/uploads\/2020\/09\/DA-sans-mill\u00e9sime-d\u00e9tour\u00e9-2.png","contentUrl":"https:\/\/www.chateau-montrose.com\/wp-content\/uploads\/2020\/09\/DA-sans-mill\u00e9sime-d\u00e9tour\u00e9-2.png","width":347,"height":1130},{"@type":"BreadcrumbList","@id":"https:\/\/www.chateau-montrose.com\/en\/la-dame-de-montrose\/#breadcrumb","itemListElement":[{"@type":"ListItem","position":1,"name":"Accueil","item":"https:\/\/www.chateau-montrose.com\/en\/"},{"@type":"ListItem","position":2,"name":"La Dame de Montrose"}]},{"@type":"WebSite","@id":"https:\/\/www.chateau-montrose.com\/#website","url":"https:\/\/www.chateau-montrose.com\/","name":"Ch\u00e2teau Montrose","description":"Un site utilisant WordPress","potentialAction":[{"@type":"SearchAction","target":{"@type":"EntryPoint","urlTemplate":"https:\/\/www.chateau-montrose.com\/?s={search_term_string}"},"query-input":{"@type":"PropertyValueSpecification","valueRequired":true,"valueName":"search_term_string"}}],"inLanguage":"en-US"}]}},"_links":{"self":[{"href":"https:\/\/www.chateau-montrose.com\/en\/wp-json\/wp\/v2\/pages\/5997","targetHints":{"allow":["GET"]}}],"collection":[{"href":"https:\/\/www.chateau-montrose.com\/en\/wp-json\/wp\/v2\/pages"}],"about":[{"href":"https:\/\/www.chateau-montrose.com\/en\/wp-json\/wp\/v2\/types\/page"}],"author":[{"embeddable":true,"href":"https:\/\/www.chateau-montrose.com\/en\/wp-json\/wp\/v2\/users\/1"}],"replies":[{"embeddable":true,"href":"https:\/\/www.chateau-montrose.com\/en\/wp-json\/wp\/v2\/comments?post=5997"}],"version-history":[{"count":18,"href":"https:\/\/www.chateau-montrose.com\/en\/wp-json\/wp\/v2\/pages\/5997\/revisions"}],"predecessor-version":[{"id":10194,"href":"https:\/\/www.chateau-montrose.com\/en\/wp-json\/wp\/v2\/pages\/5997\/revisions\/10194"}],"wp:featuredmedia":[{"embeddable":true,"href":"https:\/\/www.chateau-montrose.com\/en\/wp-json\/wp\/v2\/media\/9380"}],"wp:attachment":[{"href":"https:\/\/www.chateau-montrose.com\/en\/wp-json\/wp\/v2\/media?parent=5997"}],"curies":[{"name":"wp","href":"https:\/\/api.w.org\/{rel}","templated":true}]}}