{"id":7270,"date":"2015-12-02T14:28:20","date_gmt":"2015-12-02T13:28:20","guid":{"rendered":"https:\/\/www.chateau-montrose.com\/?page_id=7270"},"modified":"2021-02-22T14:16:24","modified_gmt":"2021-02-22T13:16:24","slug":"%e7%8e%ab%e7%91%b0%e9%85%92%e5%ba%84","status":"publish","type":"page","link":"https:\/\/www.chateau-montrose.com\/zh-hans\/%e7%8e%ab%e7%91%b0%e9%85%92%e5%ba%84\/","title":{"rendered":"\u73ab\u7470\u9152\u5e84"},"content":{"rendered":"\n<style type=\"text\/css\" data-created_by=\"avia_inline_auto\" id=\"style-css-av-2n3q2e-29a4d1c678cd476ffa12679052bb64df\">\n.avia-section.av-2n3q2e-29a4d1c678cd476ffa12679052bb64df{\nbackground-color:#f7f4ef;\nbackground-image:url(https:\/\/www.chateau-montrose.com\/wp-content\/uploads\/2015\/05\/chateau-montrose.jpg);\nbackground-repeat:no-repeat;\nbackground-position:50% 0%;\nbackground-attachment:scroll;\n}\n<\/style>\n<div id='av_section_1'  class='avia-section av-2n3q2e-29a4d1c678cd476ffa12679052bb64df main_color avia-section-small avia-no-border-styling  avia-builder-el-0  el_before_av_section  avia-builder-el-first  avia-bg-style-scroll av-minimum-height av-minimum-height-custom av-height-custom  container_wrap fullsize'  data-section-bg-repeat='no-repeat' data-av_minimum_height_px='330'><div class='container av-section-cont-open' style='height:330px'><main  role=\"main\" itemprop=\"mainContentOfPage\"  class='template-page content  av-content-full alpha units'><div class='post-entry post-entry-type-page post-entry-7270'><div class='entry-content-wrapper clearfix'>\n<\/div><\/div><\/main><!-- close content main element --><\/div><\/div>\n<style type=\"text\/css\" data-created_by=\"avia_inline_auto\" id=\"style-css-av-ntc506-2d87559e27776000473e2223ca85cde1\">\n.avia-section.av-ntc506-2d87559e27776000473e2223ca85cde1{\nbackground-color:#f7f4ef;\nbackground-image:unset;\n}\n<\/style>\n<div id='av_section_2'  class='avia-section av-ntc506-2d87559e27776000473e2223ca85cde1 main_color avia-section-default avia-no-border-styling  avia-builder-el-1  el_after_av_section  avia-builder-el-last  avia-bg-style-scroll container_wrap fullsize'  ><div class='container av-section-cont-open' ><div class='template-page content  av-content-full alpha units'><div class='post-entry post-entry-type-page post-entry-7270'><div class='entry-content-wrapper clearfix'>\n\n<style type=\"text\/css\" data-created_by=\"avia_inline_auto\" id=\"style-css-av-av_heading-eca2962d306e7261e4b11933974164c0\">\n#top .av-special-heading.av-av_heading-eca2962d306e7261e4b11933974164c0{\npadding-bottom:10px;\nfont-size:50px;\n}\nbody .av-special-heading.av-av_heading-eca2962d306e7261e4b11933974164c0 .av-special-heading-tag .heading-char{\nfont-size:25px;\n}\n#top #wrap_all .av-special-heading.av-av_heading-eca2962d306e7261e4b11933974164c0 .av-special-heading-tag{\nfont-size:50px;\n}\n.av-special-heading.av-av_heading-eca2962d306e7261e4b11933974164c0 .av-subheading{\nfont-size:15px;\n}\n\n@media only screen and (min-width: 480px) and (max-width: 767px){ \n#top #wrap_all .av-special-heading.av-av_heading-eca2962d306e7261e4b11933974164c0 .av-special-heading-tag{\nfont-size:0.8em;\n}\n}\n\n@media only screen and (max-width: 479px){ \n#top #wrap_all .av-special-heading.av-av_heading-eca2962d306e7261e4b11933974164c0 .av-special-heading-tag{\nfont-size:0.8em;\n}\n}\n<\/style>\n<div  class='av-special-heading av-av_heading-eca2962d306e7261e4b11933974164c0 av-special-heading-h2 blockquote modern-quote modern-centered  avia-builder-el-2  el_before_av_font_icon  avia-builder-el-first  av-inherit-size'><h2 class='av-special-heading-tag '  itemprop=\"headline\"  >\u73ab\u7470\u9152\u5e84<\/h2><div class=\"special-heading-border\"><div class=\"special-heading-inner-border\"><\/div><\/div><\/div>\n\n<style type=\"text\/css\" data-created_by=\"avia_inline_auto\" id=\"style-css-av-l8ail2-b5974ca3c732c7c4e0a4cf6407be8795\">\n.av_font_icon.av-l8ail2-b5974ca3c732c7c4e0a4cf6407be8795{\ncolor:#b88a3a;\nborder-color:#b88a3a;\n}\n.avia-svg-icon.av-l8ail2-b5974ca3c732c7c4e0a4cf6407be8795 svg:first-child{\nstroke:#b88a3a;\nfill:#b88a3a;\n}\n.av_font_icon.av-l8ail2-b5974ca3c732c7c4e0a4cf6407be8795 .av-icon-char{\nfont-size:40px;\nline-height:40px;\n}\n<\/style>\n<span  class='av_font_icon av-l8ail2-b5974ca3c732c7c4e0a4cf6407be8795 avia_animate_when_visible av-icon-style- avia-icon-pos-center avia-iconfont avia-font-entypo-fontello avia-icon-animate'><span class='av-icon-char' data-av_icon='\ue819' data-av_iconfont='entypo-fontello' aria-hidden=\"true\" ><\/span><\/span>\n\n<style type=\"text\/css\" data-created_by=\"avia_inline_auto\" id=\"style-css-av-im4t9i-7e21449755d798b2f1562ef5908f6905\">\n#top .hr.hr-invisible.av-im4t9i-7e21449755d798b2f1562ef5908f6905{\nheight:50px;\n}\n<\/style>\n<div  class='hr av-im4t9i-7e21449755d798b2f1562ef5908f6905 hr-invisible  avia-builder-el-4  el_after_av_font_icon  el_before_av_one_full '><span class='hr-inner '><span class=\"hr-inner-style\"><\/span><\/span><\/div>\n\n<style type=\"text\/css\" data-created_by=\"avia_inline_auto\" id=\"style-css-av-h8q9hi-bf5a4abb916825c4f3f92f72f1d0e0d9\">\n.flex_column.av-h8q9hi-bf5a4abb916825c4f3f92f72f1d0e0d9{\nborder-radius:0px 0px 0px 0px;\npadding:0px 0px 0px 0px;\nbackground:url(https:\/\/www.chateau-montrose.com\/wp-content\/uploads\/2015\/05\/fond-CM.png) 50% 0% no-repeat scroll ;\n}\n<\/style>\n<div  class='flex_column av-h8q9hi-bf5a4abb916825c4f3f92f72f1d0e0d9 av_one_full  avia-builder-el-5  el_after_av_hr  el_before_av_hr  first flex_column_div av-zero-column-padding  '     ><p>\n<style type=\"text\/css\" data-created_by=\"avia_inline_auto\" id=\"style-css-av-g91brq-c718f66b174e532bdc76fe5e0129f845\">\n#top .hr.hr-invisible.av-g91brq-c718f66b174e532bdc76fe5e0129f845{\nheight:50px;\n}\n<\/style>\n<div  class='hr av-g91brq-c718f66b174e532bdc76fe5e0129f845 hr-invisible  avia-builder-el-6  el_before_av_image  avia-builder-el-first '><span class='hr-inner '><span class=\"hr-inner-style\"><\/span><\/span><\/div><br \/>\n\n<style type=\"text\/css\" data-created_by=\"avia_inline_auto\" id=\"style-css-av-kg7z7d7p-88271bc03b5f288cb1a18872288abd85\">\n.avia-image-container.av-kg7z7d7p-88271bc03b5f288cb1a18872288abd85 img.avia_image{\nbox-shadow:none;\n}\n.avia-image-container.av-kg7z7d7p-88271bc03b5f288cb1a18872288abd85 .av-image-caption-overlay-center{\ncolor:#ffffff;\n}\n<\/style>\n<div  class='avia-image-container av-kg7z7d7p-88271bc03b5f288cb1a18872288abd85 av-styling- avia-align-center  avia-builder-el-7  el_after_av_hr  avia-builder-el-last '   itemprop=\"image\" itemscope=\"itemscope\" itemtype=\"https:\/\/schema.org\/ImageObject\" ><div class=\"avia-image-container-inner\"><div class=\"avia-image-overlay-wrap\"><img decoding=\"async\" fetchpriority=\"high\" class='wp-image-9340 avia-img-lazy-loading-not-9340 avia_image ' src=\"https:\/\/www.chateau-montrose.com\/wp-content\/uploads\/2020\/09\/MO-sans-mill\u00e9sime-PS-d\u00e9tour\u00e9-1-686x1030.png\" alt='' title='MO-sans mill\u00e9sime - PS d\u00e9tour\u00e9'  height=\"1030\" width=\"686\"  itemprop=\"thumbnailUrl\" srcset=\"https:\/\/www.chateau-montrose.com\/wp-content\/uploads\/2020\/09\/MO-sans-mill\u00e9sime-PS-d\u00e9tour\u00e9-1-686x1030.png 686w, https:\/\/www.chateau-montrose.com\/wp-content\/uploads\/2020\/09\/MO-sans-mill\u00e9sime-PS-d\u00e9tour\u00e9-1-200x300.png 200w, https:\/\/www.chateau-montrose.com\/wp-content\/uploads\/2020\/09\/MO-sans-mill\u00e9sime-PS-d\u00e9tour\u00e9-1-768x1152.png 768w, https:\/\/www.chateau-montrose.com\/wp-content\/uploads\/2020\/09\/MO-sans-mill\u00e9sime-PS-d\u00e9tour\u00e9-1-470x705.png 470w, https:\/\/www.chateau-montrose.com\/wp-content\/uploads\/2020\/09\/MO-sans-mill\u00e9sime-PS-d\u00e9tour\u00e9-1.png 853w\" sizes=\"(max-width: 686px) 100vw, 686px\" \/><\/div><\/div><\/div><\/p><\/div>\n<style type=\"text\/css\" data-created_by=\"avia_inline_auto\" id=\"style-css-av-e7oaly-716de65c3b91cccaf2104d387902017d\">\n#top .hr.hr-invisible.av-e7oaly-716de65c3b91cccaf2104d387902017d{\nheight:50px;\n}\n<\/style>\n<div  class='hr av-e7oaly-716de65c3b91cccaf2104d387902017d hr-invisible  avia-builder-el-8  el_after_av_one_full  el_before_av_one_half '><span class='hr-inner '><span class=\"hr-inner-style\"><\/span><\/span><\/div>\n<div  class='flex_column av-ce66mu-d98d9b8ec139b0f6b9d8e4bd6d31cb3b av_one_half  avia-builder-el-9  el_after_av_hr  el_before_av_one_half  first flex_column_div  '     ><section  class='av_textblock_section av-afuodi-5c1fe47b65098db717711f79c0cd4e03 '   itemscope=\"itemscope\" itemtype=\"https:\/\/schema.org\/CreativeWork\" ><div class='avia_textblock'  itemprop=\"text\" ><p style=\"text-align: justify;\" align=\"JUSTIFY\"><span style=\"font-weight: 400;\">\u8fd9\u662f\u4e00\u6b3e\u7531\u6770\u51fa\u8d64\u971e\u73e0\u5b55\u80b2\u7684\u6770\u51fa\u4f73\u917f\uff0c\u65e0\u8bba\u662f\u8461\u8404\u56ed\u8fd8\u662f\u9152\u7a96\u4e2d\uff0c\u5404\u4e2a\u751f\u4ea7\u9636\u6bb5\u5747\u7ecf\u5386\u4e25\u683c\u7b5b\u6361\uff0c\u7edd\u5bf9\u662f\u201c\u5723\u7231\u65af\u6cf0\u592b\u201d\u4ea7\u533a\u7684\u5178\u578b\u7f8e\u9152\uff1a\u867d\u7136\u7ed3\u6784\u5206\u660e\u3001\u5355\u5b81\u663e\u8457\uff0c\u4f46\u5b8c\u5168\u4e0d\u4e4f\u4e00\u6b3e\u5217\u7ea7\u540d\u9152\u7684\u7ec6\u817b\u4e0e\u4f18\u96c5\u3002\u968f\u7740\u9648\u5e74\uff0c\u8fd9\u6b3e\u9152\u4f1a\u6c89\u6dc0\u51fa\u7cbe\u81f4\u53c8\u99a5\u90c1\u7684\u82ac\u82b3\uff0c<\/span><\/p>\n<\/div><\/section><\/div>\n<style type=\"text\/css\" data-created_by=\"avia_inline_auto\" id=\"style-css-av-8touae-1bf63ab1d77473d7bcee482aadcd9d8b\">\n.flex_column.av-8touae-1bf63ab1d77473d7bcee482aadcd9d8b{\nborder-radius:0px 0px 0px 0px;\npadding:0px 0px 0px 0px;\n}\n<\/style>\n<div  class='flex_column av-8touae-1bf63ab1d77473d7bcee482aadcd9d8b av_one_half  avia-builder-el-11  el_after_av_one_half  el_before_av_hr  flex_column_div av-zero-column-padding  '     ><section  class='av_textblock_section av-7g6nc6-7cb0219d902ce3b9c620af58c69207b4 '   itemscope=\"itemscope\" itemtype=\"https:\/\/schema.org\/CreativeWork\" ><div class='avia_textblock'  itemprop=\"text\" ><p><span style=\"font-weight: 400;\">\u8fd8\u62e5\u6709\u4e0d\u540c\u5bfb\u5e38\u7684\u5f3a\u52bf\u9648\u653e\u6f5c\u529b\u3002\u4e00\u4e9b\u5e74\u4efd\u751a\u81f3\u88ab\u516c\u8ba4\u4e3a\u4f20\u5947\u4f73\u917f\uff081921-1929-1982-1990-2009\uff09\u3002<\/span><br \/>\n<span style=\"font-weight: 400;\">\u6b63\u724c\u8461\u8404\u9152\u65b0\u6a61\u6728\u6876\u7684\u4f7f\u7528\u6bd4\u4f8b\u4e3a60%\uff0c\u9648\u917f\u671f\u4e3a18\u4e2a\u6708\uff0c\u4e00\u822c\u800c\u8a00\uff0c\u5360\u9152\u5e84\u603b\u4ea7\u91cf\u768455%\u3002<\/span><\/p>\n<\/div><\/section><\/div>\n<style type=\"text\/css\" data-created_by=\"avia_inline_auto\" id=\"style-css-av-66lp9i-23831cc2b91ae42cfa2cbb806a2ce785\">\n#top .hr.hr-invisible.av-66lp9i-23831cc2b91ae42cfa2cbb806a2ce785{\nheight:50px;\n}\n<\/style>\n<div  class='hr av-66lp9i-23831cc2b91ae42cfa2cbb806a2ce785 hr-invisible  avia-builder-el-13  el_after_av_one_half  el_before_avia_so_vintages_browser '><span class='hr-inner '><span class=\"hr-inner-style\"><\/span><\/span><\/div>\n<div class=\"so_vintages_browser_widget\" data-load-mode=\"redirection\">\n    <div class=\"swiper-container\">\n\n        <ul class=\"swiper-wrapper\" data-slide-amount=\"10\">\n            <li class=\"swiper-slide empty-slide\"><\/li>\n            <li class='swiper-slide'><a href='#' class='vintage_wrapper'><span class='vintage_year'>1970<\/span><\/a><\/li><li class='swiper-slide'><a href='#' class='vintage_wrapper'><span class='vintage_year'>1971<\/span><\/a><\/li><li class='swiper-slide'><a href='#' class='vintage_wrapper'><span class='vintage_year'>1972<\/span><\/a><\/li><li class='swiper-slide'><a href='#' class='vintage_wrapper'><span class='vintage_year'>1973<\/span><\/a><\/li><li class='swiper-slide'><a href='#' class='vintage_wrapper'><span class='vintage_year'>1974<\/span><\/a><\/li><li class='swiper-slide'><a href='#' class='vintage_wrapper'><span class='vintage_year'>1975<\/span><\/a><\/li><li class='swiper-slide'><a href='#' class='vintage_wrapper'><span class='vintage_year'>1976<\/span><\/a><\/li><li class='swiper-slide'><a href='#' class='vintage_wrapper'><span class='vintage_year'>1977<\/span><\/a><\/li><li class='swiper-slide'><a href='#' class='vintage_wrapper'><span class='vintage_year'>1978<\/span><\/a><\/li><li class='swiper-slide'><a href='#' class='vintage_wrapper'><span class='vintage_year'>1979<\/span><\/a><\/li><li class='swiper-slide'><a href='#' class='vintage_wrapper'><span class='vintage_year'>1980<\/span><\/a><\/li><li class='swiper-slide'><a href='#' class='vintage_wrapper'><span class='vintage_year'>1981<\/span><\/a><\/li><li class='swiper-slide'><a href='#' class='vintage_wrapper'><span class='vintage_year'>1982<\/span><\/a><\/li><li class='swiper-slide'><a href='#' class='vintage_wrapper'><span class='vintage_year'>1983<\/span><\/a><\/li><li class='swiper-slide'><a href='#' class='vintage_wrapper'><span class='vintage_year'>1984<\/span><\/a><\/li><li class='swiper-slide'><a href='#' class='vintage_wrapper'><span class='vintage_year'>1985<\/span><\/a><\/li><li class='swiper-slide'><a href='#' class='vintage_wrapper'><span class='vintage_year'>1986<\/span><\/a><\/li><li class='swiper-slide'><a href='#' class='vintage_wrapper'><span class='vintage_year'>1987<\/span><\/a><\/li><li class='swiper-slide'><a href='#' class='vintage_wrapper'><span class='vintage_year'>1988<\/span><\/a><\/li><li class='swiper-slide'><a href='#' class='vintage_wrapper'><span class='vintage_year'>1989<\/span><\/a><\/li><li class='swiper-slide'><a href='#' class='vintage_wrapper'><span class='vintage_year'>1990<\/span><\/a><\/li><li class='swiper-slide'><a href='#' class='vintage_wrapper'><span class='vintage_year'>1991<\/span><\/a><\/li><li class='swiper-slide'><a href='#' class='vintage_wrapper'><span class='vintage_year'>1992<\/span><\/a><\/li><li class='swiper-slide'><a href='#' class='vintage_wrapper'><span class='vintage_year'>1993<\/span><\/a><\/li><li class='swiper-slide'><a href='#' class='vintage_wrapper'><span class='vintage_year'>1994<\/span><\/a><\/li><li class='swiper-slide'><a href='#' class='vintage_wrapper'><span class='vintage_year'>1995<\/span><\/a><\/li><li class='swiper-slide'><a href='#' class='vintage_wrapper'><span class='vintage_year'>1996<\/span><\/a><\/li><li class='swiper-slide'><a href='#' class='vintage_wrapper'><span class='vintage_year'>1997<\/span><\/a><\/li><li class='swiper-slide'><a href='#' class='vintage_wrapper'><span class='vintage_year'>1998<\/span><\/a><\/li><li class='swiper-slide'><a href='#' class='vintage_wrapper'><span class='vintage_year'>1999<\/span><\/a><\/li><li class='swiper-slide'><a href='#' class='vintage_wrapper'><span class='vintage_year'>2000<\/span><\/a><\/li><li class='swiper-slide'><a href='#' class='vintage_wrapper'><span class='vintage_year'>2001<\/span><\/a><\/li><li class='swiper-slide'><a href='#' class='vintage_wrapper'><span class='vintage_year'>2002<\/span><\/a><\/li><li class='swiper-slide'><a href='#' class='vintage_wrapper'><span class='vintage_year'>2003<\/span><\/a><\/li><li class='swiper-slide'><a href='#' class='vintage_wrapper'><span class='vintage_year'>2004<\/span><\/a><\/li><li class='swiper-slide'><a href='#' class='vintage_wrapper'><span class='vintage_year'>2005<\/span><\/a><\/li><li class='swiper-slide'><a href='#' class='vintage_wrapper'><span class='vintage_year'>2006<\/span><\/a><\/li><li class='swiper-slide'><a href='#' class='vintage_wrapper'><span class='vintage_year'>2007<\/span><\/a><\/li><li class='swiper-slide'><a href='#' class='vintage_wrapper'><span class='vintage_year'>2008<\/span><\/a><\/li><li class='swiper-slide'><a href='#' class='vintage_wrapper'><span class='vintage_year'>2009<\/span><\/a><\/li><li class='swiper-slide'><a href='#' class='vintage_wrapper'><span class='vintage_year'>2010<\/span><\/a><\/li><li class='swiper-slide'><a href='#' class='vintage_wrapper'><span class='vintage_year'>2011<\/span><\/a><\/li><li class='swiper-slide'><a href='#' class='vintage_wrapper'><span class='vintage_year'>2012<\/span><\/a><\/li><li class='swiper-slide'><a href='#' class='vintage_wrapper'><span class='vintage_year'>2013<\/span><\/a><\/li><li class='swiper-slide'><a href='#' class='vintage_wrapper'><span class='vintage_year'>2014<\/span><\/a><\/li><li class='swiper-slide'><a href='#' class='vintage_wrapper'><span class='vintage_year'>2015<\/span><\/a><\/li><li class='swiper-slide'><a href='#' class='vintage_wrapper'><span class='vintage_year'>2016<\/span><\/a><\/li><li class='swiper-slide'><a href='#' class='vintage_wrapper'><span class='vintage_year'>2017<\/span><\/a><\/li><li class='swiper-slide'><a href='#' class='vintage_wrapper'><span class='vintage_year'>2018<\/span><\/a><\/li><li class='swiper-slide'><a href='#' class='vintage_wrapper'><span class='vintage_year'>2019<\/span><\/a><\/li><li class='swiper-slide'><a href='#' class='vintage_wrapper'><span class='vintage_year'>2020<\/span><\/a><\/li><li class='swiper-slide'><a href='#' class='vintage_wrapper'><span class='vintage_year'>2021<\/span><\/a><\/li><li class='swiper-slide'><a href='#' class='vintage_wrapper'><span class='vintage_year'>2022<\/span><\/a><\/li><li class='swiper-slide'><a href='#' class='vintage_wrapper'><span class='vintage_year'>2023<\/span><\/a><\/li><li class='swiper-slide'><a href='#' class='vintage_wrapper'><span class='vintage_year'>2024<\/span><\/a><\/li><li class='swiper-slide'><a href='#' class='vintage_wrapper'><span class='vintage_year'>2025<\/span><\/a><\/li>            <li class=\"swiper-slide empty-slide\"><\/li>\n        <\/ul>\n    <\/div>\n\n    <div class=\"swiper-button-prev\"><\/div>\n    <div class=\"swiper-button-next\"><\/div>\n<\/div>\n\n<div class=\"so_vintages_browser_widget_mobile\">\n    <label for=\"vintages\">Vintages<\/label>\n    <select class=\"vintages\">\n        <option value=\"\">- Select -<\/option>\n            <\/select>\n<\/div>\n\n<style type=\"text\/css\" data-created_by=\"avia_inline_auto\" id=\"style-css-av-27a8iu-5fa6192daf726b2e0ee0d43e028c34cf\">\n#top .hr.hr-invisible.av-27a8iu-5fa6192daf726b2e0ee0d43e028c34cf{\nheight:50px;\n}\n<\/style>\n<div  class='hr av-27a8iu-5fa6192daf726b2e0ee0d43e028c34cf hr-invisible  avia-builder-el-15  el_after_avia_so_vintages_browser  avia-builder-el-last '><span class='hr-inner '><span class=\"hr-inner-style\"><\/span><\/span><\/div>\n\n","protected":false},"excerpt":{"rendered":"","protected":false},"author":1,"featured_media":9340,"parent":0,"menu_order":0,"comment_status":"open","ping_status":"open","template":"","meta":{"footnotes":""},"class_list":["post-7270","page","type-page","status-publish","has-post-thumbnail","hentry"],"yoast_head":"<!-- This site is optimized with the Yoast SEO plugin v26.7 - https:\/\/yoast.com\/wordpress\/plugins\/seo\/ -->\n<title>\u73ab\u7470\u9152\u5e84 - Ch\u00e2teau Montrose<\/title>\n<meta name=\"robots\" content=\"index, follow, max-snippet:-1, max-image-preview:large, max-video-preview:-1\" \/>\n<link rel=\"canonical\" href=\"https:\/\/www.chateau-montrose.com\/zh-hans\/\u73ab\u7470\u9152\u5e84\/\" \/>\n<meta property=\"og:locale\" content=\"zh_CN\" \/>\n<meta property=\"og:type\" content=\"article\" \/>\n<meta property=\"og:title\" content=\"\u73ab\u7470\u9152\u5e84 - Ch\u00e2teau Montrose\" \/>\n<meta property=\"og:url\" content=\"https:\/\/www.chateau-montrose.com\/zh-hans\/\u73ab\u7470\u9152\u5e84\/\" \/>\n<meta property=\"og:site_name\" content=\"Ch\u00e2teau Montrose\" \/>\n<meta property=\"article:modified_time\" content=\"2021-02-22T13:16:24+00:00\" \/>\n<meta property=\"og:image\" content=\"https:\/\/www.chateau-montrose.com\/wp-content\/uploads\/2020\/09\/MO-sans-mill\u00e9sime-PS-d\u00e9tour\u00e9-1.png\" \/>\n\t<meta property=\"og:image:width\" content=\"853\" \/>\n\t<meta property=\"og:image:height\" content=\"1280\" \/>\n\t<meta property=\"og:image:type\" content=\"image\/png\" \/>\n<meta name=\"twitter:card\" content=\"summary_large_image\" \/>\n<meta name=\"twitter:label1\" content=\"\u9884\u8ba1\u9605\u8bfb\u65f6\u95f4\" \/>\n\t<meta name=\"twitter:data1\" content=\"2 \u5206\" \/>\n<script type=\"application\/ld+json\" class=\"yoast-schema-graph\">{\"@context\":\"https:\/\/schema.org\",\"@graph\":[{\"@type\":\"WebPage\",\"@id\":\"https:\/\/www.chateau-montrose.com\/zh-hans\/%e7%8e%ab%e7%91%b0%e9%85%92%e5%ba%84\/\",\"url\":\"https:\/\/www.chateau-montrose.com\/zh-hans\/%e7%8e%ab%e7%91%b0%e9%85%92%e5%ba%84\/\",\"name\":\"\u73ab\u7470\u9152\u5e84 - Ch\u00e2teau Montrose\",\"isPartOf\":{\"@id\":\"https:\/\/www.chateau-montrose.com\/#website\"},\"primaryImageOfPage\":{\"@id\":\"https:\/\/www.chateau-montrose.com\/zh-hans\/%e7%8e%ab%e7%91%b0%e9%85%92%e5%ba%84\/#primaryimage\"},\"image\":{\"@id\":\"https:\/\/www.chateau-montrose.com\/zh-hans\/%e7%8e%ab%e7%91%b0%e9%85%92%e5%ba%84\/#primaryimage\"},\"thumbnailUrl\":\"https:\/\/www.chateau-montrose.com\/wp-content\/uploads\/2020\/09\/MO-sans-mill\u00e9sime-PS-d\u00e9tour\u00e9-1.png\",\"datePublished\":\"2015-12-02T13:28:20+00:00\",\"dateModified\":\"2021-02-22T13:16:24+00:00\",\"breadcrumb\":{\"@id\":\"https:\/\/www.chateau-montrose.com\/zh-hans\/%e7%8e%ab%e7%91%b0%e9%85%92%e5%ba%84\/#breadcrumb\"},\"inLanguage\":\"zh-Hans\",\"potentialAction\":[{\"@type\":\"ReadAction\",\"target\":[\"https:\/\/www.chateau-montrose.com\/zh-hans\/%e7%8e%ab%e7%91%b0%e9%85%92%e5%ba%84\/\"]}]},{\"@type\":\"ImageObject\",\"inLanguage\":\"zh-Hans\",\"@id\":\"https:\/\/www.chateau-montrose.com\/zh-hans\/%e7%8e%ab%e7%91%b0%e9%85%92%e5%ba%84\/#primaryimage\",\"url\":\"https:\/\/www.chateau-montrose.com\/wp-content\/uploads\/2020\/09\/MO-sans-mill\u00e9sime-PS-d\u00e9tour\u00e9-1.png\",\"contentUrl\":\"https:\/\/www.chateau-montrose.com\/wp-content\/uploads\/2020\/09\/MO-sans-mill\u00e9sime-PS-d\u00e9tour\u00e9-1.png\",\"width\":853,\"height\":1280},{\"@type\":\"BreadcrumbList\",\"@id\":\"https:\/\/www.chateau-montrose.com\/zh-hans\/%e7%8e%ab%e7%91%b0%e9%85%92%e5%ba%84\/#breadcrumb\",\"itemListElement\":[{\"@type\":\"ListItem\",\"position\":1,\"name\":\"Accueil\",\"item\":\"https:\/\/www.chateau-montrose.com\/zh-hans\/\"},{\"@type\":\"ListItem\",\"position\":2,\"name\":\"\u73ab\u7470\u9152\u5e84\"}]},{\"@type\":\"WebSite\",\"@id\":\"https:\/\/www.chateau-montrose.com\/#website\",\"url\":\"https:\/\/www.chateau-montrose.com\/\",\"name\":\"Ch\u00e2teau Montrose\",\"description\":\"Un site utilisant WordPress\",\"potentialAction\":[{\"@type\":\"SearchAction\",\"target\":{\"@type\":\"EntryPoint\",\"urlTemplate\":\"https:\/\/www.chateau-montrose.com\/?s={search_term_string}\"},\"query-input\":{\"@type\":\"PropertyValueSpecification\",\"valueRequired\":true,\"valueName\":\"search_term_string\"}}],\"inLanguage\":\"zh-Hans\"}]}<\/script>\n<!-- \/ Yoast SEO plugin. -->","yoast_head_json":{"title":"\u73ab\u7470\u9152\u5e84 - Ch\u00e2teau Montrose","robots":{"index":"index","follow":"follow","max-snippet":"max-snippet:-1","max-image-preview":"max-image-preview:large","max-video-preview":"max-video-preview:-1"},"canonical":"https:\/\/www.chateau-montrose.com\/zh-hans\/\u73ab\u7470\u9152\u5e84\/","og_locale":"zh_CN","og_type":"article","og_title":"\u73ab\u7470\u9152\u5e84 - Ch\u00e2teau Montrose","og_url":"https:\/\/www.chateau-montrose.com\/zh-hans\/\u73ab\u7470\u9152\u5e84\/","og_site_name":"Ch\u00e2teau Montrose","article_modified_time":"2021-02-22T13:16:24+00:00","og_image":[{"width":853,"height":1280,"url":"https:\/\/www.chateau-montrose.com\/wp-content\/uploads\/2020\/09\/MO-sans-mill\u00e9sime-PS-d\u00e9tour\u00e9-1.png","type":"image\/png"}],"twitter_card":"summary_large_image","twitter_misc":{"\u9884\u8ba1\u9605\u8bfb\u65f6\u95f4":"2 \u5206"},"schema":{"@context":"https:\/\/schema.org","@graph":[{"@type":"WebPage","@id":"https:\/\/www.chateau-montrose.com\/zh-hans\/%e7%8e%ab%e7%91%b0%e9%85%92%e5%ba%84\/","url":"https:\/\/www.chateau-montrose.com\/zh-hans\/%e7%8e%ab%e7%91%b0%e9%85%92%e5%ba%84\/","name":"\u73ab\u7470\u9152\u5e84 - Ch\u00e2teau Montrose","isPartOf":{"@id":"https:\/\/www.chateau-montrose.com\/#website"},"primaryImageOfPage":{"@id":"https:\/\/www.chateau-montrose.com\/zh-hans\/%e7%8e%ab%e7%91%b0%e9%85%92%e5%ba%84\/#primaryimage"},"image":{"@id":"https:\/\/www.chateau-montrose.com\/zh-hans\/%e7%8e%ab%e7%91%b0%e9%85%92%e5%ba%84\/#primaryimage"},"thumbnailUrl":"https:\/\/www.chateau-montrose.com\/wp-content\/uploads\/2020\/09\/MO-sans-mill\u00e9sime-PS-d\u00e9tour\u00e9-1.png","datePublished":"2015-12-02T13:28:20+00:00","dateModified":"2021-02-22T13:16:24+00:00","breadcrumb":{"@id":"https:\/\/www.chateau-montrose.com\/zh-hans\/%e7%8e%ab%e7%91%b0%e9%85%92%e5%ba%84\/#breadcrumb"},"inLanguage":"zh-Hans","potentialAction":[{"@type":"ReadAction","target":["https:\/\/www.chateau-montrose.com\/zh-hans\/%e7%8e%ab%e7%91%b0%e9%85%92%e5%ba%84\/"]}]},{"@type":"ImageObject","inLanguage":"zh-Hans","@id":"https:\/\/www.chateau-montrose.com\/zh-hans\/%e7%8e%ab%e7%91%b0%e9%85%92%e5%ba%84\/#primaryimage","url":"https:\/\/www.chateau-montrose.com\/wp-content\/uploads\/2020\/09\/MO-sans-mill\u00e9sime-PS-d\u00e9tour\u00e9-1.png","contentUrl":"https:\/\/www.chateau-montrose.com\/wp-content\/uploads\/2020\/09\/MO-sans-mill\u00e9sime-PS-d\u00e9tour\u00e9-1.png","width":853,"height":1280},{"@type":"BreadcrumbList","@id":"https:\/\/www.chateau-montrose.com\/zh-hans\/%e7%8e%ab%e7%91%b0%e9%85%92%e5%ba%84\/#breadcrumb","itemListElement":[{"@type":"ListItem","position":1,"name":"Accueil","item":"https:\/\/www.chateau-montrose.com\/zh-hans\/"},{"@type":"ListItem","position":2,"name":"\u73ab\u7470\u9152\u5e84"}]},{"@type":"WebSite","@id":"https:\/\/www.chateau-montrose.com\/#website","url":"https:\/\/www.chateau-montrose.com\/","name":"Ch\u00e2teau Montrose","description":"Un site utilisant WordPress","potentialAction":[{"@type":"SearchAction","target":{"@type":"EntryPoint","urlTemplate":"https:\/\/www.chateau-montrose.com\/?s={search_term_string}"},"query-input":{"@type":"PropertyValueSpecification","valueRequired":true,"valueName":"search_term_string"}}],"inLanguage":"zh-Hans"}]}},"_links":{"self":[{"href":"https:\/\/www.chateau-montrose.com\/zh-hans\/wp-json\/wp\/v2\/pages\/7270","targetHints":{"allow":["GET"]}}],"collection":[{"href":"https:\/\/www.chateau-montrose.com\/zh-hans\/wp-json\/wp\/v2\/pages"}],"about":[{"href":"https:\/\/www.chateau-montrose.com\/zh-hans\/wp-json\/wp\/v2\/types\/page"}],"author":[{"embeddable":true,"href":"https:\/\/www.chateau-montrose.com\/zh-hans\/wp-json\/wp\/v2\/users\/1"}],"replies":[{"embeddable":true,"href":"https:\/\/www.chateau-montrose.com\/zh-hans\/wp-json\/wp\/v2\/comments?post=7270"}],"version-history":[{"count":11,"href":"https:\/\/www.chateau-montrose.com\/zh-hans\/wp-json\/wp\/v2\/pages\/7270\/revisions"}],"predecessor-version":[{"id":10195,"href":"https:\/\/www.chateau-montrose.com\/zh-hans\/wp-json\/wp\/v2\/pages\/7270\/revisions\/10195"}],"wp:featuredmedia":[{"embeddable":true,"href":"https:\/\/www.chateau-montrose.com\/zh-hans\/wp-json\/wp\/v2\/media\/9340"}],"wp:attachment":[{"href":"https:\/\/www.chateau-montrose.com\/zh-hans\/wp-json\/wp\/v2\/media?parent=7270"}],"curies":[{"name":"wp","href":"https:\/\/api.w.org\/{rel}","templated":true}]}}