{"id":7307,"date":"2015-12-02T15:11:00","date_gmt":"2015-12-02T14:11:00","guid":{"rendered":"https:\/\/www.chateau-montrose.com\/?page_id=7307"},"modified":"2021-02-22T14:17:38","modified_gmt":"2021-02-22T13:17:38","slug":"%e7%8e%ab%e7%91%b0%e5%b1%b1%e5%ba%84%e5%a4%ab%e4%ba%ba","status":"publish","type":"page","link":"https:\/\/www.chateau-montrose.com\/zh-hans\/%e7%8e%ab%e7%91%b0%e5%b1%b1%e5%ba%84%e5%a4%ab%e4%ba%ba\/","title":{"rendered":"\u73ab\u7470\u5c71\u5e84\u592b\u4eba"},"content":{"rendered":"\n<style type=\"text\/css\" data-created_by=\"avia_inline_auto\" id=\"style-css-av-p4k10r-29e3fb78e0d3272e22b76980a38f35ed\">\n.avia-section.av-p4k10r-29e3fb78e0d3272e22b76980a38f35ed{\nbackground-color:#f7f4ef;\nbackground-image:url(https:\/\/www.chateau-montrose.com\/wp-content\/uploads\/2015\/08\/entete-DM.jpg);\nbackground-repeat:no-repeat;\nbackground-position:50% 0%;\nbackground-attachment:scroll;\n}\n<\/style>\n<div id='av_section_1'  class='avia-section av-p4k10r-29e3fb78e0d3272e22b76980a38f35ed main_color avia-section-small avia-no-border-styling  avia-builder-el-0  el_before_av_section  avia-builder-el-first  avia-bg-style-scroll av-minimum-height av-minimum-height-custom av-height-custom  container_wrap fullsize'  data-section-bg-repeat='no-repeat' data-av_minimum_height_px='330'><div class='container av-section-cont-open' style='height:330px'><main  role=\"main\" itemprop=\"mainContentOfPage\"  class='template-page content  av-content-full alpha units'><div class='post-entry post-entry-type-page post-entry-7307'><div class='entry-content-wrapper clearfix'>\n<\/div><\/div><\/main><!-- close content main element --><\/div><\/div>\n<style type=\"text\/css\" data-created_by=\"avia_inline_auto\" id=\"style-css-av-nt82ff-61bd0da92864f587780286b545fcf419\">\n.avia-section.av-nt82ff-61bd0da92864f587780286b545fcf419{\nbackground-color:#f7f4ef;\nbackground-image:unset;\n}\n<\/style>\n<div id='av_section_2'  class='avia-section av-nt82ff-61bd0da92864f587780286b545fcf419 main_color avia-section-default avia-no-border-styling  avia-builder-el-1  el_after_av_section  avia-builder-el-last  avia-bg-style-scroll container_wrap fullsize'  ><div class='container av-section-cont-open' ><div class='template-page content  av-content-full alpha units'><div class='post-entry post-entry-type-page post-entry-7307'><div class='entry-content-wrapper clearfix'>\n\n<style type=\"text\/css\" data-created_by=\"avia_inline_auto\" id=\"style-css-av-av_heading-ba0fd5bff82666cca7dd5cb0deab89d5\">\n#top .av-special-heading.av-av_heading-ba0fd5bff82666cca7dd5cb0deab89d5{\npadding-bottom:10px;\nfont-size:50px;\n}\nbody .av-special-heading.av-av_heading-ba0fd5bff82666cca7dd5cb0deab89d5 .av-special-heading-tag .heading-char{\nfont-size:25px;\n}\n#top #wrap_all .av-special-heading.av-av_heading-ba0fd5bff82666cca7dd5cb0deab89d5 .av-special-heading-tag{\nfont-size:50px;\n}\n.av-special-heading.av-av_heading-ba0fd5bff82666cca7dd5cb0deab89d5 .av-subheading{\nfont-size:15px;\n}\n\n@media only screen and (min-width: 480px) and (max-width: 767px){ \n#top #wrap_all .av-special-heading.av-av_heading-ba0fd5bff82666cca7dd5cb0deab89d5 .av-special-heading-tag{\nfont-size:0.8em;\n}\n}\n\n@media only screen and (max-width: 479px){ \n#top #wrap_all .av-special-heading.av-av_heading-ba0fd5bff82666cca7dd5cb0deab89d5 .av-special-heading-tag{\nfont-size:0.8em;\n}\n}\n<\/style>\n<div  class='av-special-heading av-av_heading-ba0fd5bff82666cca7dd5cb0deab89d5 av-special-heading-h2 blockquote modern-quote modern-centered  avia-builder-el-2  el_before_av_font_icon  avia-builder-el-first  av-inherit-size'><h2 class='av-special-heading-tag '  itemprop=\"headline\"  >\u73ab\u7470\u5c71\u5e84\u592b\u4eba<\/h2><div class=\"special-heading-border\"><div class=\"special-heading-inner-border\"><\/div><\/div><\/div>\n\n<style type=\"text\/css\" data-created_by=\"avia_inline_auto\" id=\"style-css-av-kx77m3-3e8c72966d25450311890e9db4bb1cf0\">\n.av_font_icon.av-kx77m3-3e8c72966d25450311890e9db4bb1cf0{\ncolor:#b88a3a;\nborder-color:#b88a3a;\n}\n.avia-svg-icon.av-kx77m3-3e8c72966d25450311890e9db4bb1cf0 svg:first-child{\nstroke:#b88a3a;\nfill:#b88a3a;\n}\n.av_font_icon.av-kx77m3-3e8c72966d25450311890e9db4bb1cf0 .av-icon-char{\nfont-size:40px;\nline-height:40px;\n}\n<\/style>\n<span  class='av_font_icon av-kx77m3-3e8c72966d25450311890e9db4bb1cf0 avia_animate_when_visible av-icon-style- avia-icon-pos-center avia-iconfont avia-font-entypo-fontello avia-icon-animate'><span class='av-icon-char' data-av_icon='\ue819' data-av_iconfont='entypo-fontello' aria-hidden=\"true\" ><\/span><\/span>\n\n<style type=\"text\/css\" data-created_by=\"avia_inline_auto\" id=\"style-css-av-jg4f17-e57f4c203c3d6983471175e10d177b64\">\n#top .hr.hr-invisible.av-jg4f17-e57f4c203c3d6983471175e10d177b64{\nheight:50px;\n}\n<\/style>\n<div  class='hr av-jg4f17-e57f4c203c3d6983471175e10d177b64 hr-invisible  avia-builder-el-4  el_after_av_font_icon  el_before_av_one_full '><span class='hr-inner '><span class=\"hr-inner-style\"><\/span><\/span><\/div>\n\n<style type=\"text\/css\" data-created_by=\"avia_inline_auto\" id=\"style-css-av-h6rbi3-0bb4fc139c7670c1f5c996af7fc2069d\">\n.flex_column.av-h6rbi3-0bb4fc139c7670c1f5c996af7fc2069d{\nborder-radius:0px 0px 0px 0px;\npadding:0px 0px 0px 0px;\nbackground:url(https:\/\/www.chateau-montrose.com\/wp-content\/uploads\/2015\/08\/fond-DM.jpg) 50% 0% no-repeat scroll ;\n}\n<\/style>\n<div  class='flex_column av-h6rbi3-0bb4fc139c7670c1f5c996af7fc2069d av_one_full  avia-builder-el-5  el_after_av_hr  el_before_av_hr  first flex_column_div av-zero-column-padding  '     ><p>\n<style type=\"text\/css\" data-created_by=\"avia_inline_auto\" id=\"style-css-av-kg7zbt45-033bc44fb27a045796a5e02629d250e9\">\n.avia-image-container.av-kg7zbt45-033bc44fb27a045796a5e02629d250e9 img.avia_image{\nbox-shadow:none;\n}\n.avia-image-container.av-kg7zbt45-033bc44fb27a045796a5e02629d250e9 .av-image-caption-overlay-center{\ncolor:#ffffff;\n}\n<\/style>\n<div  class='avia-image-container av-kg7zbt45-033bc44fb27a045796a5e02629d250e9 av-styling- avia-align-center  avia-builder-el-6  el_before_av_hr  avia-builder-el-first '   itemprop=\"image\" itemscope=\"itemscope\" itemtype=\"https:\/\/schema.org\/ImageObject\" ><div class=\"avia-image-container-inner\"><div class=\"avia-image-overlay-wrap\"><img decoding=\"async\" fetchpriority=\"high\" class='wp-image-9379 avia-img-lazy-loading-not-9379 avia_image ' src=\"https:\/\/www.chateau-montrose.com\/wp-content\/uploads\/2020\/09\/DA-sans-mill\u00e9sime-d\u00e9tour\u00e9-2-316x1030.png\" alt='' title='DA sans mill\u00e9sime- d\u00e9tour\u00e9 2'  height=\"1030\" width=\"316\"  itemprop=\"thumbnailUrl\" srcset=\"https:\/\/www.chateau-montrose.com\/wp-content\/uploads\/2020\/09\/DA-sans-mill\u00e9sime-d\u00e9tour\u00e9-2-316x1030.png 316w, https:\/\/www.chateau-montrose.com\/wp-content\/uploads\/2020\/09\/DA-sans-mill\u00e9sime-d\u00e9tour\u00e9-2-92x300.png 92w, https:\/\/www.chateau-montrose.com\/wp-content\/uploads\/2020\/09\/DA-sans-mill\u00e9sime-d\u00e9tour\u00e9-2-216x705.png 216w, https:\/\/www.chateau-montrose.com\/wp-content\/uploads\/2020\/09\/DA-sans-mill\u00e9sime-d\u00e9tour\u00e9-2.png 347w\" sizes=\"(max-width: 316px) 100vw, 316px\" \/><\/div><\/div><\/div><br \/>\n\n<style type=\"text\/css\" data-created_by=\"avia_inline_auto\" id=\"style-css-av-fzn3vf-78bfa67fdf1d6977c147d99a734b6004\">\n#top .hr.hr-invisible.av-fzn3vf-78bfa67fdf1d6977c147d99a734b6004{\nheight:50px;\n}\n<\/style>\n<div  class='hr av-fzn3vf-78bfa67fdf1d6977c147d99a734b6004 hr-invisible  avia-builder-el-7  el_after_av_image  avia-builder-el-last '><span class='hr-inner '><span class=\"hr-inner-style\"><\/span><\/span><\/div><\/p><\/div>\n<style type=\"text\/css\" data-created_by=\"avia_inline_auto\" id=\"style-css-av-dfwmzf-28efa40bfb5a8d4ca562863dbed854ed\">\n#top .hr.hr-invisible.av-dfwmzf-28efa40bfb5a8d4ca562863dbed854ed{\nheight:50px;\n}\n<\/style>\n<div  class='hr av-dfwmzf-28efa40bfb5a8d4ca562863dbed854ed hr-invisible  avia-builder-el-8  el_after_av_one_full  el_before_av_one_half '><span class='hr-inner '><span class=\"hr-inner-style\"><\/span><\/span><\/div>\n<div  class='flex_column av-c8ta7v-1d016dfcf2d22879d359ba789101d48f av_one_half  avia-builder-el-9  el_after_av_hr  el_before_av_one_half  first flex_column_div  '     ><section  class='av_textblock_section av-bhyf4b-59d94c64dbbb8940fa8fa9af59587cfb '   itemscope=\"itemscope\" itemtype=\"https:\/\/schema.org\/CreativeWork\" ><div class='avia_textblock'  itemprop=\"text\" ><p>\u73ab\u7470\u5c71\u5e84\u592b\u4eba\u4e0e\u6b63\u724c\u8461\u8404\u9152\u76f8\u6bd4\uff0c\u6e90\u81ea\u540c\u6837\u7684\u8461\u8404\u56ed\uff0c\u9075\u5faa\u76f8\u540c\u7684\u4e25\u683c\u6807\u51c6\uff0c\u4ee5\u7b2c\u4e8c\u6279\u7cbe\u9009\u7684\u8461\u8404\u9152\u4e3a\u57fa\u7840\u5b55\u80b2\u800c\u5f97\uff0c\u7f8e\u4e50\u54c1\u79cd\u5360\u4e3b\u5bfc\u5730\u4f4d\uff0c\u67d4\u548c\u3001\u6ed1\u6da6\u3002\u9152\u4e2d\u7684\u7ea2\u679c\u82ac\u82b3\u6781\u4e3a\u6d53\u90c1\uff0c\u642d\u5efa\u51fa\u53e6\u4e00\u79cd\u98ce\u571f\u7684\u8868\u8fbe\u65b9\u5f0f\uff0c\u8be0\u91ca\u51fa\u4e00\u79cd\u72ec\u6211\u7684\u98ce\u683c\u3002<\/p>\n<\/div><\/section><\/div>\n<style type=\"text\/css\" data-created_by=\"avia_inline_auto\" id=\"style-css-av-9mwkyz-fe8ee43e7d7e53d9a1f3e07ebb1040a2\">\n.flex_column.av-9mwkyz-fe8ee43e7d7e53d9a1f3e07ebb1040a2{\nborder-radius:0px 0px 0px 0px;\npadding:0px 0px 0px 0px;\n}\n<\/style>\n<div  class='flex_column av-9mwkyz-fe8ee43e7d7e53d9a1f3e07ebb1040a2 av_one_half  avia-builder-el-11  el_after_av_one_half  el_before_av_hr  flex_column_div av-zero-column-padding  '     ><section  class='av_textblock_section av-pnxt7-884a1d947c20a676d27abeebff69eb8b '   itemscope=\"itemscope\" itemtype=\"https:\/\/schema.org\/CreativeWork\" ><div class='avia_textblock'  itemprop=\"text\" ><p>\u8fd9\u6b3e\u9152\u54c1\u8d28\u53ef\u9760\uff0c\u53ef\u66f4\u5feb\u5730\u5c55\u73b0\u51fa\u6210\u719f\u4e00\u9762\u3002\u9996\u917f\u5e74\u4efd\u4e3a1983\u5e74\uff0c\u4ee5\u7eaa\u5ff5\u57281944\u81f31960\u5e74\u95f4\u72ec\u638c\u73ab\u7470\u9152\u5e84\u7684\u4f0a\u51af\u00b7\u590f\u6728\u4e50\uff08Yvonne Charmolue\uff09\u3002\u526f\u724c\u9152\u7684\u4ea7\u91cf\u4e00\u822c\u7ea6\u5360\u73ab\u7470\u8461\u8404\u56ed\u603b\u4ea7\u768430%\u3002\u9648\u917f\u6301\u7eed12\u4e2a\u6708\uff0c\u4f7f\u752830%\u7684\u65b0\u6a61\u6728\u6876\u3002<\/p>\n<\/div><\/section><\/div>\n<style type=\"text\/css\" data-created_by=\"avia_inline_auto\" id=\"style-css-av-muk4b-9cc16b58f530d113073081c93d20f31a\">\n#top .hr.hr-invisible.av-muk4b-9cc16b58f530d113073081c93d20f31a{\nheight:50px;\n}\n<\/style>\n<div  class='hr av-muk4b-9cc16b58f530d113073081c93d20f31a hr-invisible  avia-builder-el-13  el_after_av_one_half  el_before_avia_so_vintages_browser '><span class='hr-inner '><span class=\"hr-inner-style\"><\/span><\/span><\/div>\n<div class=\"so_vintages_browser_widget\" data-load-mode=\"redirection\">\n    <div class=\"swiper-container\">\n\n        <ul class=\"swiper-wrapper\" data-slide-amount=\"10\">\n            <li class=\"swiper-slide empty-slide\"><\/li>\n            <li class='swiper-slide'><a href='#' class='vintage_wrapper'><span class='vintage_year'>1970<\/span><\/a><\/li><li class='swiper-slide'><a href='#' class='vintage_wrapper'><span class='vintage_year'>1971<\/span><\/a><\/li><li class='swiper-slide'><a href='#' class='vintage_wrapper'><span class='vintage_year'>1972<\/span><\/a><\/li><li class='swiper-slide'><a href='#' class='vintage_wrapper'><span class='vintage_year'>1973<\/span><\/a><\/li><li class='swiper-slide'><a href='#' class='vintage_wrapper'><span class='vintage_year'>1974<\/span><\/a><\/li><li class='swiper-slide'><a href='#' class='vintage_wrapper'><span class='vintage_year'>1975<\/span><\/a><\/li><li class='swiper-slide'><a href='#' class='vintage_wrapper'><span class='vintage_year'>1976<\/span><\/a><\/li><li class='swiper-slide'><a href='#' class='vintage_wrapper'><span class='vintage_year'>1977<\/span><\/a><\/li><li class='swiper-slide'><a href='#' class='vintage_wrapper'><span class='vintage_year'>1978<\/span><\/a><\/li><li class='swiper-slide'><a href='#' class='vintage_wrapper'><span class='vintage_year'>1979<\/span><\/a><\/li><li class='swiper-slide'><a href='#' class='vintage_wrapper'><span class='vintage_year'>1980<\/span><\/a><\/li><li class='swiper-slide'><a href='#' class='vintage_wrapper'><span class='vintage_year'>1981<\/span><\/a><\/li><li class='swiper-slide'><a href='#' class='vintage_wrapper'><span class='vintage_year'>1982<\/span><\/a><\/li><li class='swiper-slide'><a href='#' class='vintage_wrapper'><span class='vintage_year'>1983<\/span><\/a><\/li><li class='swiper-slide'><a href='#' class='vintage_wrapper'><span class='vintage_year'>1984<\/span><\/a><\/li><li class='swiper-slide'><a href='#' class='vintage_wrapper'><span class='vintage_year'>1985<\/span><\/a><\/li><li class='swiper-slide'><a href='#' class='vintage_wrapper'><span class='vintage_year'>1986<\/span><\/a><\/li><li class='swiper-slide'><a href='#' class='vintage_wrapper'><span class='vintage_year'>1987<\/span><\/a><\/li><li class='swiper-slide'><a href='#' class='vintage_wrapper'><span class='vintage_year'>1988<\/span><\/a><\/li><li class='swiper-slide'><a href='#' class='vintage_wrapper'><span class='vintage_year'>1989<\/span><\/a><\/li><li class='swiper-slide'><a href='#' class='vintage_wrapper'><span class='vintage_year'>1990<\/span><\/a><\/li><li class='swiper-slide'><a href='#' class='vintage_wrapper'><span class='vintage_year'>1991<\/span><\/a><\/li><li class='swiper-slide'><a href='#' class='vintage_wrapper'><span class='vintage_year'>1992<\/span><\/a><\/li><li class='swiper-slide'><a href='#' class='vintage_wrapper'><span class='vintage_year'>1993<\/span><\/a><\/li><li class='swiper-slide'><a href='#' class='vintage_wrapper'><span class='vintage_year'>1994<\/span><\/a><\/li><li class='swiper-slide'><a href='#' class='vintage_wrapper'><span class='vintage_year'>1995<\/span><\/a><\/li><li class='swiper-slide'><a href='#' class='vintage_wrapper'><span class='vintage_year'>1996<\/span><\/a><\/li><li class='swiper-slide'><a href='#' class='vintage_wrapper'><span class='vintage_year'>1997<\/span><\/a><\/li><li class='swiper-slide'><a href='#' class='vintage_wrapper'><span class='vintage_year'>1998<\/span><\/a><\/li><li class='swiper-slide'><a href='#' class='vintage_wrapper'><span class='vintage_year'>1999<\/span><\/a><\/li><li class='swiper-slide'><a href='#' class='vintage_wrapper'><span class='vintage_year'>2000<\/span><\/a><\/li><li class='swiper-slide'><a href='#' class='vintage_wrapper'><span class='vintage_year'>2001<\/span><\/a><\/li><li class='swiper-slide'><a href='#' class='vintage_wrapper'><span class='vintage_year'>2002<\/span><\/a><\/li><li class='swiper-slide'><a href='#' class='vintage_wrapper'><span class='vintage_year'>2003<\/span><\/a><\/li><li class='swiper-slide'><a href='#' class='vintage_wrapper'><span class='vintage_year'>2004<\/span><\/a><\/li><li class='swiper-slide'><a href='#' class='vintage_wrapper'><span class='vintage_year'>2005<\/span><\/a><\/li><li class='swiper-slide'><a href='#' class='vintage_wrapper'><span class='vintage_year'>2006<\/span><\/a><\/li><li class='swiper-slide'><a href='#' class='vintage_wrapper'><span class='vintage_year'>2007<\/span><\/a><\/li><li class='swiper-slide'><a href='#' class='vintage_wrapper'><span class='vintage_year'>2008<\/span><\/a><\/li><li class='swiper-slide'><a href='#' class='vintage_wrapper'><span class='vintage_year'>2009<\/span><\/a><\/li><li class='swiper-slide'><a href='#' class='vintage_wrapper'><span class='vintage_year'>2010<\/span><\/a><\/li><li class='swiper-slide'><a href='#' class='vintage_wrapper'><span class='vintage_year'>2011<\/span><\/a><\/li><li class='swiper-slide'><a href='#' class='vintage_wrapper'><span class='vintage_year'>2012<\/span><\/a><\/li><li class='swiper-slide'><a href='#' class='vintage_wrapper'><span class='vintage_year'>2013<\/span><\/a><\/li><li class='swiper-slide'><a href='#' class='vintage_wrapper'><span class='vintage_year'>2014<\/span><\/a><\/li><li class='swiper-slide'><a href='#' class='vintage_wrapper'><span class='vintage_year'>2015<\/span><\/a><\/li><li class='swiper-slide'><a href='#' class='vintage_wrapper'><span class='vintage_year'>2016<\/span><\/a><\/li><li class='swiper-slide'><a href='#' class='vintage_wrapper'><span class='vintage_year'>2017<\/span><\/a><\/li><li class='swiper-slide'><a href='#' class='vintage_wrapper'><span class='vintage_year'>2018<\/span><\/a><\/li><li class='swiper-slide'><a href='#' class='vintage_wrapper'><span class='vintage_year'>2019<\/span><\/a><\/li><li class='swiper-slide'><a href='#' class='vintage_wrapper'><span class='vintage_year'>2020<\/span><\/a><\/li><li class='swiper-slide'><a href='#' class='vintage_wrapper'><span class='vintage_year'>2021<\/span><\/a><\/li><li class='swiper-slide'><a href='#' class='vintage_wrapper'><span class='vintage_year'>2022<\/span><\/a><\/li><li class='swiper-slide'><a href='#' class='vintage_wrapper'><span class='vintage_year'>2023<\/span><\/a><\/li><li class='swiper-slide'><a href='#' class='vintage_wrapper'><span class='vintage_year'>2024<\/span><\/a><\/li><li class='swiper-slide'><a href='#' class='vintage_wrapper'><span class='vintage_year'>2025<\/span><\/a><\/li>            <li class=\"swiper-slide empty-slide\"><\/li>\n        <\/ul>\n    <\/div>\n\n    <div class=\"swiper-button-prev\"><\/div>\n    <div class=\"swiper-button-next\"><\/div>\n<\/div>\n\n<div class=\"so_vintages_browser_widget_mobile\">\n    <label for=\"vintages\">Vintages<\/label>\n    <select class=\"vintages\">\n        <option value=\"\">- Select -<\/option>\n            <\/select>\n<\/div>\n\n<style type=\"text\/css\" data-created_by=\"avia_inline_auto\" id=\"style-css-av-296e97-9dd27478a109e081ba4f0e933818161f\">\n#top .hr.hr-invisible.av-296e97-9dd27478a109e081ba4f0e933818161f{\nheight:50px;\n}\n<\/style>\n<div  class='hr av-296e97-9dd27478a109e081ba4f0e933818161f hr-invisible  avia-builder-el-15  el_after_avia_so_vintages_browser  avia-builder-el-last '><span class='hr-inner '><span class=\"hr-inner-style\"><\/span><\/span><\/div>\n\n","protected":false},"excerpt":{"rendered":"","protected":false},"author":1,"featured_media":9343,"parent":0,"menu_order":0,"comment_status":"open","ping_status":"open","template":"","meta":{"footnotes":""},"class_list":["post-7307","page","type-page","status-publish","has-post-thumbnail","hentry"],"yoast_head":"<!-- This site is optimized with the Yoast SEO plugin v26.7 - https:\/\/yoast.com\/wordpress\/plugins\/seo\/ -->\n<title>\u73ab\u7470\u5c71\u5e84\u592b\u4eba - Ch\u00e2teau Montrose<\/title>\n<meta name=\"robots\" content=\"index, follow, max-snippet:-1, max-image-preview:large, max-video-preview:-1\" \/>\n<link rel=\"canonical\" href=\"https:\/\/www.chateau-montrose.com\/zh-hans\/\u73ab\u7470\u5c71\u5e84\u592b\u4eba\/\" \/>\n<meta property=\"og:locale\" content=\"zh_CN\" \/>\n<meta property=\"og:type\" content=\"article\" \/>\n<meta property=\"og:title\" content=\"\u73ab\u7470\u5c71\u5e84\u592b\u4eba - Ch\u00e2teau Montrose\" \/>\n<meta property=\"og:url\" content=\"https:\/\/www.chateau-montrose.com\/zh-hans\/\u73ab\u7470\u5c71\u5e84\u592b\u4eba\/\" \/>\n<meta property=\"og:site_name\" content=\"Ch\u00e2teau Montrose\" \/>\n<meta property=\"article:modified_time\" content=\"2021-02-22T13:17:38+00:00\" \/>\n<meta property=\"og:image\" content=\"https:\/\/www.chateau-montrose.com\/wp-content\/uploads\/2020\/09\/DA-sans-mill\u00e9sime-nouvelle-\u00e9tiquette-PS-d\u00e9tour\u00e9.jpg\" \/>\n\t<meta property=\"og:image:width\" content=\"1708\" \/>\n\t<meta property=\"og:image:height\" content=\"2560\" \/>\n\t<meta property=\"og:image:type\" content=\"image\/jpeg\" \/>\n<meta name=\"twitter:card\" content=\"summary_large_image\" \/>\n<meta name=\"twitter:label1\" content=\"\u9884\u8ba1\u9605\u8bfb\u65f6\u95f4\" \/>\n\t<meta name=\"twitter:data1\" content=\"2 \u5206\" \/>\n<script type=\"application\/ld+json\" class=\"yoast-schema-graph\">{\"@context\":\"https:\/\/schema.org\",\"@graph\":[{\"@type\":\"WebPage\",\"@id\":\"https:\/\/www.chateau-montrose.com\/zh-hans\/%e7%8e%ab%e7%91%b0%e5%b1%b1%e5%ba%84%e5%a4%ab%e4%ba%ba\/\",\"url\":\"https:\/\/www.chateau-montrose.com\/zh-hans\/%e7%8e%ab%e7%91%b0%e5%b1%b1%e5%ba%84%e5%a4%ab%e4%ba%ba\/\",\"name\":\"\u73ab\u7470\u5c71\u5e84\u592b\u4eba - Ch\u00e2teau Montrose\",\"isPartOf\":{\"@id\":\"https:\/\/www.chateau-montrose.com\/#website\"},\"primaryImageOfPage\":{\"@id\":\"https:\/\/www.chateau-montrose.com\/zh-hans\/%e7%8e%ab%e7%91%b0%e5%b1%b1%e5%ba%84%e5%a4%ab%e4%ba%ba\/#primaryimage\"},\"image\":{\"@id\":\"https:\/\/www.chateau-montrose.com\/zh-hans\/%e7%8e%ab%e7%91%b0%e5%b1%b1%e5%ba%84%e5%a4%ab%e4%ba%ba\/#primaryimage\"},\"thumbnailUrl\":\"https:\/\/www.chateau-montrose.com\/wp-content\/uploads\/2020\/09\/DA-sans-mill\u00e9sime-nouvelle-\u00e9tiquette-PS-d\u00e9tour\u00e9.jpg\",\"datePublished\":\"2015-12-02T14:11:00+00:00\",\"dateModified\":\"2021-02-22T13:17:38+00:00\",\"breadcrumb\":{\"@id\":\"https:\/\/www.chateau-montrose.com\/zh-hans\/%e7%8e%ab%e7%91%b0%e5%b1%b1%e5%ba%84%e5%a4%ab%e4%ba%ba\/#breadcrumb\"},\"inLanguage\":\"zh-Hans\",\"potentialAction\":[{\"@type\":\"ReadAction\",\"target\":[\"https:\/\/www.chateau-montrose.com\/zh-hans\/%e7%8e%ab%e7%91%b0%e5%b1%b1%e5%ba%84%e5%a4%ab%e4%ba%ba\/\"]}]},{\"@type\":\"ImageObject\",\"inLanguage\":\"zh-Hans\",\"@id\":\"https:\/\/www.chateau-montrose.com\/zh-hans\/%e7%8e%ab%e7%91%b0%e5%b1%b1%e5%ba%84%e5%a4%ab%e4%ba%ba\/#primaryimage\",\"url\":\"https:\/\/www.chateau-montrose.com\/wp-content\/uploads\/2020\/09\/DA-sans-mill\u00e9sime-nouvelle-\u00e9tiquette-PS-d\u00e9tour\u00e9.jpg\",\"contentUrl\":\"https:\/\/www.chateau-montrose.com\/wp-content\/uploads\/2020\/09\/DA-sans-mill\u00e9sime-nouvelle-\u00e9tiquette-PS-d\u00e9tour\u00e9.jpg\",\"width\":1708,\"height\":2560},{\"@type\":\"BreadcrumbList\",\"@id\":\"https:\/\/www.chateau-montrose.com\/zh-hans\/%e7%8e%ab%e7%91%b0%e5%b1%b1%e5%ba%84%e5%a4%ab%e4%ba%ba\/#breadcrumb\",\"itemListElement\":[{\"@type\":\"ListItem\",\"position\":1,\"name\":\"Accueil\",\"item\":\"https:\/\/www.chateau-montrose.com\/zh-hans\/\"},{\"@type\":\"ListItem\",\"position\":2,\"name\":\"\u73ab\u7470\u5c71\u5e84\u592b\u4eba\"}]},{\"@type\":\"WebSite\",\"@id\":\"https:\/\/www.chateau-montrose.com\/#website\",\"url\":\"https:\/\/www.chateau-montrose.com\/\",\"name\":\"Ch\u00e2teau Montrose\",\"description\":\"Un site utilisant WordPress\",\"potentialAction\":[{\"@type\":\"SearchAction\",\"target\":{\"@type\":\"EntryPoint\",\"urlTemplate\":\"https:\/\/www.chateau-montrose.com\/?s={search_term_string}\"},\"query-input\":{\"@type\":\"PropertyValueSpecification\",\"valueRequired\":true,\"valueName\":\"search_term_string\"}}],\"inLanguage\":\"zh-Hans\"}]}<\/script>\n<!-- \/ Yoast SEO plugin. -->","yoast_head_json":{"title":"\u73ab\u7470\u5c71\u5e84\u592b\u4eba - Ch\u00e2teau Montrose","robots":{"index":"index","follow":"follow","max-snippet":"max-snippet:-1","max-image-preview":"max-image-preview:large","max-video-preview":"max-video-preview:-1"},"canonical":"https:\/\/www.chateau-montrose.com\/zh-hans\/\u73ab\u7470\u5c71\u5e84\u592b\u4eba\/","og_locale":"zh_CN","og_type":"article","og_title":"\u73ab\u7470\u5c71\u5e84\u592b\u4eba - Ch\u00e2teau Montrose","og_url":"https:\/\/www.chateau-montrose.com\/zh-hans\/\u73ab\u7470\u5c71\u5e84\u592b\u4eba\/","og_site_name":"Ch\u00e2teau Montrose","article_modified_time":"2021-02-22T13:17:38+00:00","og_image":[{"width":1708,"height":2560,"url":"https:\/\/www.chateau-montrose.com\/wp-content\/uploads\/2020\/09\/DA-sans-mill\u00e9sime-nouvelle-\u00e9tiquette-PS-d\u00e9tour\u00e9.jpg","type":"image\/jpeg"}],"twitter_card":"summary_large_image","twitter_misc":{"\u9884\u8ba1\u9605\u8bfb\u65f6\u95f4":"2 \u5206"},"schema":{"@context":"https:\/\/schema.org","@graph":[{"@type":"WebPage","@id":"https:\/\/www.chateau-montrose.com\/zh-hans\/%e7%8e%ab%e7%91%b0%e5%b1%b1%e5%ba%84%e5%a4%ab%e4%ba%ba\/","url":"https:\/\/www.chateau-montrose.com\/zh-hans\/%e7%8e%ab%e7%91%b0%e5%b1%b1%e5%ba%84%e5%a4%ab%e4%ba%ba\/","name":"\u73ab\u7470\u5c71\u5e84\u592b\u4eba - Ch\u00e2teau Montrose","isPartOf":{"@id":"https:\/\/www.chateau-montrose.com\/#website"},"primaryImageOfPage":{"@id":"https:\/\/www.chateau-montrose.com\/zh-hans\/%e7%8e%ab%e7%91%b0%e5%b1%b1%e5%ba%84%e5%a4%ab%e4%ba%ba\/#primaryimage"},"image":{"@id":"https:\/\/www.chateau-montrose.com\/zh-hans\/%e7%8e%ab%e7%91%b0%e5%b1%b1%e5%ba%84%e5%a4%ab%e4%ba%ba\/#primaryimage"},"thumbnailUrl":"https:\/\/www.chateau-montrose.com\/wp-content\/uploads\/2020\/09\/DA-sans-mill\u00e9sime-nouvelle-\u00e9tiquette-PS-d\u00e9tour\u00e9.jpg","datePublished":"2015-12-02T14:11:00+00:00","dateModified":"2021-02-22T13:17:38+00:00","breadcrumb":{"@id":"https:\/\/www.chateau-montrose.com\/zh-hans\/%e7%8e%ab%e7%91%b0%e5%b1%b1%e5%ba%84%e5%a4%ab%e4%ba%ba\/#breadcrumb"},"inLanguage":"zh-Hans","potentialAction":[{"@type":"ReadAction","target":["https:\/\/www.chateau-montrose.com\/zh-hans\/%e7%8e%ab%e7%91%b0%e5%b1%b1%e5%ba%84%e5%a4%ab%e4%ba%ba\/"]}]},{"@type":"ImageObject","inLanguage":"zh-Hans","@id":"https:\/\/www.chateau-montrose.com\/zh-hans\/%e7%8e%ab%e7%91%b0%e5%b1%b1%e5%ba%84%e5%a4%ab%e4%ba%ba\/#primaryimage","url":"https:\/\/www.chateau-montrose.com\/wp-content\/uploads\/2020\/09\/DA-sans-mill\u00e9sime-nouvelle-\u00e9tiquette-PS-d\u00e9tour\u00e9.jpg","contentUrl":"https:\/\/www.chateau-montrose.com\/wp-content\/uploads\/2020\/09\/DA-sans-mill\u00e9sime-nouvelle-\u00e9tiquette-PS-d\u00e9tour\u00e9.jpg","width":1708,"height":2560},{"@type":"BreadcrumbList","@id":"https:\/\/www.chateau-montrose.com\/zh-hans\/%e7%8e%ab%e7%91%b0%e5%b1%b1%e5%ba%84%e5%a4%ab%e4%ba%ba\/#breadcrumb","itemListElement":[{"@type":"ListItem","position":1,"name":"Accueil","item":"https:\/\/www.chateau-montrose.com\/zh-hans\/"},{"@type":"ListItem","position":2,"name":"\u73ab\u7470\u5c71\u5e84\u592b\u4eba"}]},{"@type":"WebSite","@id":"https:\/\/www.chateau-montrose.com\/#website","url":"https:\/\/www.chateau-montrose.com\/","name":"Ch\u00e2teau Montrose","description":"Un site utilisant WordPress","potentialAction":[{"@type":"SearchAction","target":{"@type":"EntryPoint","urlTemplate":"https:\/\/www.chateau-montrose.com\/?s={search_term_string}"},"query-input":{"@type":"PropertyValueSpecification","valueRequired":true,"valueName":"search_term_string"}}],"inLanguage":"zh-Hans"}]}},"_links":{"self":[{"href":"https:\/\/www.chateau-montrose.com\/zh-hans\/wp-json\/wp\/v2\/pages\/7307","targetHints":{"allow":["GET"]}}],"collection":[{"href":"https:\/\/www.chateau-montrose.com\/zh-hans\/wp-json\/wp\/v2\/pages"}],"about":[{"href":"https:\/\/www.chateau-montrose.com\/zh-hans\/wp-json\/wp\/v2\/types\/page"}],"author":[{"embeddable":true,"href":"https:\/\/www.chateau-montrose.com\/zh-hans\/wp-json\/wp\/v2\/users\/1"}],"replies":[{"embeddable":true,"href":"https:\/\/www.chateau-montrose.com\/zh-hans\/wp-json\/wp\/v2\/comments?post=7307"}],"version-history":[{"count":10,"href":"https:\/\/www.chateau-montrose.com\/zh-hans\/wp-json\/wp\/v2\/pages\/7307\/revisions"}],"predecessor-version":[{"id":10196,"href":"https:\/\/www.chateau-montrose.com\/zh-hans\/wp-json\/wp\/v2\/pages\/7307\/revisions\/10196"}],"wp:featuredmedia":[{"embeddable":true,"href":"https:\/\/www.chateau-montrose.com\/zh-hans\/wp-json\/wp\/v2\/media\/9343"}],"wp:attachment":[{"href":"https:\/\/www.chateau-montrose.com\/zh-hans\/wp-json\/wp\/v2\/media?parent=7307"}],"curies":[{"name":"wp","href":"https:\/\/api.w.org\/{rel}","templated":true}]}}