{"id":8839,"date":"2018-07-04T08:02:16","date_gmt":"2018-07-04T07:02:16","guid":{"rendered":"https:\/\/www.chateau-montrose.com\/protection-donnees-personnelles\/"},"modified":"2025-02-04T14:44:23","modified_gmt":"2025-02-04T13:44:23","slug":"protection-donnees-personnelles","status":"publish","type":"page","link":"https:\/\/www.chateau-montrose.com\/zh-hans\/protection-donnees-personnelles\/","title":{"rendered":"Protection des donn\u00e9es personnelles"},"content":{"rendered":"<h2 style=\"text-align: center;\"><strong><u>Politique de protection des donn\u00e9es personnelles <\/u><\/strong><\/h2>\n<p>\u00a0<\/p>\n<p>La pr\u00e9sente politique de protection des donn\u00e9es personnelles (ci-apr\u00e8s, la \u00ab\u00a0<strong>Politique<\/strong>\u00a0\u00bb) a pour objet de vous informer sur la mani\u00e8re dont Ch\u00e2teau Montrose traite vos donn\u00e9es personnelles collect\u00e9es dans le cadre de votre utilisation du site <a href=\"https:\/\/www.chateau-montrose.com\/\">https:\/\/www.chateau-montrose.com\/<\/a> (ci-apr\u00e8s le \u00ab <strong>Site<\/strong> \u00bb).<\/p>\n<p>Cette Politique vous informe \u00e9galement de vos droits relativement au traitement des donn\u00e9es personnelles vous concernant.<\/p>\n<h2><strong>Article 1\u00a0: Qui collecte vos donn\u00e9es\u00a0?<\/strong><\/h2>\n<p>Vos donn\u00e9es personnelles sont collect\u00e9es et trait\u00e9es par SCEA du Ch\u00e2teau Montrose &#8211; en qualit\u00e9 de responsable de traitement \u2013 SCEA au capital social de 306\u00a0000 \u20ac , enregistr\u00e9e au RCS de Bordeaux sous le num\u00e9ro 399\u00a0847 532, et dont les coordonn\u00e9es sont les suivantes :<\/p>\n<p>Adresse du si\u00e8ge social : Ch\u00e2teau Montrose, 33180 SAINT ESTEPHE<\/p>\n<p>Num\u00e9ro de t\u00e9l\u00e9phone : 05 56 59 30 12<\/p>\n<p>Adresse e-mail : <a href=\"mailto:chateau@chateau-montrose.com\">chateau@chateau-montrose.com<\/a><\/p>\n<p>Vos donn\u00e9es personnelles sont collect\u00e9es et trait\u00e9es, en qualit\u00e9 de responsables conjoints de traitement par\u00a0:<\/p>\n<p style=\"padding-left: 40px;\">Ch\u00e2teau Montrose, SCEA au capital social de 306\u00a0000 \u20ac, immatricul\u00e9e au RCS de Bordeaux sous le num\u00e9ro 399\u00a0847 532, et dont les coordonn\u00e9es sont les suivantes :<\/p>\n<p style=\"padding-left: 40px;\">Adresse du si\u00e8ge social : Ch\u00e2teau Montrose, 33180 SAINT ESTEPHE<\/p>\n<p style=\"padding-left: 40px;\">Num\u00e9ro de t\u00e9l\u00e9phone : 05 56 59 30 12<\/p>\n<p style=\"padding-left: 40px;\">Adresse e-mail : <a href=\"mailto:chateau@chateau-montrose.com\">chateau@chateau-montrose.com<\/a><\/p>\n<p>Et<\/p>\n<p style=\"padding-left: 40px;\">SCDM DOMAINES, soci\u00e9t\u00e9 par actions simplifi\u00e9e au capital social de 30 000 000 d\u2019euros enregistr\u00e9e au RCS de Paris sous le num\u00e9ro 489 955 179, et dont les coordonn\u00e9es sont les suivantes :<\/p>\n<p style=\"padding-left: 40px;\">Adresse du si\u00e8ge social\u00a0: 32 avenue Hoche, 750008 Paris<\/p>\n<h2><strong>Article 2 : Quelles sont les donn\u00e9es trait\u00e9es par Ch\u00e2teau Montrose et SCDM DOMAINES ?<\/strong><\/h2>\n<p>Dans le cadre de votre utilisation du Site, vous pouvez \u00eatre amen\u00e9s \u00e0 communiquer un certain nombre de donn\u00e9es personnelles vous concernant.<br \/>Certaines informations qui peuvent vous \u00eatre demand\u00e9es sont obligatoires et seront alors indiqu\u00e9es comme telles, notamment par la pr\u00e9sence d\u2019un ast\u00e9risque, d\u2019autres sont facultatives.<br \/>Si vous choisissez de ne pas communiquer ces informations qui sont obligatoires, il est possible que vous ne puissiez pas b\u00e9n\u00e9ficier du service souhait\u00e9 ou qu\u2019il ne soit pas possible de r\u00e9pondre \u00e0 votre demande.<br \/>Ch\u00e2teau Montrose peut \u00eatre amen\u00e9 \u00e0 collecter les donn\u00e9es suivantes vous concernant :<\/p>\n<ul>\n<li>Nom et pr\u00e9nom\u00a0;<\/li>\n<li>Adresse e-mail\u00a0;<\/li>\n<li>Num\u00e9ro de t\u00e9l\u00e9phone\u00a0;<\/li>\n<li>Profession\u00a0;<\/li>\n<li>Toute donn\u00e9e personnelle transmise de mani\u00e8re facultative et spontan\u00e9e au sein des formulaires.<\/li>\n<\/ul>\n<p>Nous collectons \u00e9galement certaines donn\u00e9es techniques via l\u2019utilisation de cookies et autres technologies similaires.<\/p>\n<h2><strong>Article 3 : Comment vos donn\u00e9es sont-elles trait\u00e9es ?<\/strong><\/h2>\n<p>Le traitement de vos donn\u00e9es personnelles a pour finalit\u00e9(s)\u00a0de\u00a0:<\/p>\n<ul>\n<li>r\u00e9pondre \u00e0 vos questions et demandes adress\u00e9es via notre formulaire de contact\u00a0;<\/li>\n<li>r\u00e9pondre \u00e0 vos demandes de visite adress\u00e9es via notre formulaire \u00ab\u00a0Demande de visite\u00a0\u00bb<\/li>\n<\/ul>\n<p>La base l\u00e9gale du traitement de vos donn\u00e9es personnelles est votre consentement.<\/p>\n<h2><strong>Article 4\u00a0: A qui vos donn\u00e9es sont-elles communiqu\u00e9es\u00a0? <\/strong><\/h2>\n<p>Nous ne communiquons jamais vos donn\u00e9es personnelles \u00e0 des tiers sans votre accord pr\u00e9alable et expr\u00e8s, except\u00e9 les cas limitativement pr\u00e9cis\u00e9s ci-dessous :<\/p>\n<ul>\n<li>Ch\u00e2teau Montrose peut \u00eatre amen\u00e9 \u00e0 communiquer vos donn\u00e9es personnelles aux soci\u00e9t\u00e9s affili\u00e9es du groupe SCDM Domaines pour vous proposer du contenu et des communications adapt\u00e9s \u00e0 vos attentes et pour connaitre vos pr\u00e9f\u00e9rences et historique d\u2019achats de nos produits.<\/li>\n<li>Ch\u00e2teau Montrose peut \u00eatre amen\u00e9 \u00e0 communiquer vos donn\u00e9es personnelles aux tiers intervenant pour son compte, pour les seuls besoins du fonctionnement du Site, et notamment \u00e0 nos prestataires ou sous-traitants, charg\u00e9s d\u2019assurer l\u2019h\u00e9bergement, la maintenance et l\u2019administration du Site.<\/li>\n<\/ul>\n<p>Vos donn\u00e9es personnelles seront communiqu\u00e9es dans le respect des dispositions du R\u00e8glement G\u00e9n\u00e9ral sur la Protection des Donn\u00e9es personnelles (n\u00b02016\/679) et dans le cadre de contrats permettant d\u2019assurer le respect de la pr\u00e9sente Politique.<\/p>\n<p>Par ailleurs, nous pouvons \u00eatre contraints de communiquer vos donn\u00e9es personnelles dans le cadre d\u2019une loi ou d\u2019une r\u00e9glementation en vigueur, d\u2019une d\u00e9cision judiciaire, ou si cette divulgation est n\u00e9cessaire dans le cadre d\u2019une enqu\u00eate ou d\u2019une proc\u00e9dure.<\/p>\n<p>Ch\u00e2teau Montrose ne proc\u00e8de \u00e0 aucun transfert de vos donn\u00e9es personnelles vers un pays tiers \u00e0 l\u2019Union europ\u00e9enne.<\/p>\n<h2><strong>Article 5\u00a0: Quels sont vos droits et comment les exercer\u00a0? <\/strong><\/h2>\n<p>Dans le cadre du traitement que nous effectuons vous disposez :<\/p>\n<ul>\n<li>d\u2019un droit d\u2019acc\u00e8s : vous disposez du droit de prendre connaissance des donn\u00e9es personnelles vous concernant que nous traitons et de demander que l\u2019on vous en communique une copie ;<\/li>\n<li>d\u2019un droit de rectification : vous pouvez demander \u00e0 corriger vos donn\u00e9es personnelles notamment en cas de changement de situation ;<\/li>\n<li>d\u2019un droit d\u2019effacement : vous pouvez nous demander la suppression de vos donn\u00e9es personnelles dans les conditions pr\u00e9vues \u00e0 l\u2019article 17 du r\u00e8glement g\u00e9n\u00e9ral sur la protection des donn\u00e9es personnelles (n\u00b0 2016\/679) notamment lorsque ces derni\u00e8res ne sont plus n\u00e9cessaires ;<\/li>\n<li>d\u2019un droit \u00e0 la limitation du traitement : vous pouvez nous demander de limiter le traitement de vos donn\u00e9es personnelles dans les conditions pr\u00e9vues \u00e0 l\u2019article 18 du r\u00e8glement g\u00e9n\u00e9ral sur la protection des donn\u00e9es (n\u00b0 2016\/679) ;<\/li>\n<li>d\u2019un droit \u00e0 la portabilit\u00e9 des donn\u00e9es : vous pouvez r\u00e9cup\u00e9rer dans un format structur\u00e9 les donn\u00e9es que vous nous avez fournies lorsque vous avez consenti \u00e0 l\u2019utilisation de ces donn\u00e9es ;<\/li>\n<li>d\u2019un droit de retrait : vous avez le droit de retirer le consentement donn\u00e9 pour le traitement de vos donn\u00e9es sur le Site. Ce retrait vaut pour l\u2019avenir et ne remet pas en cause la lic\u00e9it\u00e9 des traitements d\u00e9j\u00e0 effectu\u00e9s ;<\/li>\n<li>d\u2019un droit d\u2019opposition : vous pouvez vous opposer au traitement de vos donn\u00e9es personnelles pour un objectif pr\u00e9cis.<\/li>\n<\/ul>\n<p>Vous pouvez exercer ces droits\u00a0:<\/p>\n<ul>\n<li>en nous envoyant un message \u00e0 l\u2019adresse e-mail suivante: <a href=\"mailto:chateau@chateau-montrose.com\">chateau@chateau-montrose.com<\/a><\/li>\n<li>en nous contactant par courrier postal \u00e0 l\u2019adresse suivante\u00a0: Ch\u00e2teau Montrose, 33180 SAINT ESTPEHE.<\/li>\n<\/ul>\n<p>Si vous pensez que vos donn\u00e9es ne sont pas trait\u00e9es conform\u00e9ment \u00e0 la pr\u00e9sente Politique ou \u00e0 la r\u00e8glementation applicable en mati\u00e8re de protection des donn\u00e9es personnelles, vous pouvez introduire une r\u00e9clamation aupr\u00e8s de la Commission Nationale Informatique et Libert\u00e9s (CNIL).<\/p>\n<h2><strong>Article 6\u00a0: Combien de temps conservons-nous vos donn\u00e9es personnelles\u00a0?<\/strong><\/h2>\n<p>Conform\u00e9ment \u00e0 la r\u00e9glementation applicable, nous conservons vos donn\u00e9es personnelles pour une dur\u00e9e n\u2019exc\u00e9dant pas celle n\u00e9cessaire au regard des finalit\u00e9s pour lesquelles elles sont trait\u00e9es.<\/p>\n<h2><strong>Article 7\u00a0: Modification de la pr\u00e9sente Politique <\/strong><\/h2>\n<p>Dans le cas o\u00f9 cette Politique serait modifi\u00e9e, Ch\u00e2teau Montrose prendrait les mesures appropri\u00e9es afin de vous permettre de prendre connaissance de la derni\u00e8re version de cette Politique. La pr\u00e9sente politique a \u00e9t\u00e9 modifi\u00e9e pour la derni\u00e8re fois le 4 f\u00e9vrier 2025.<\/p>\n\n\n<p><\/p>\n","protected":false},"excerpt":{"rendered":"<p>Politique de protection des donn\u00e9es personnelles \u00a0 La p [&hellip;]<\/p>\n","protected":false},"author":1,"featured_media":0,"parent":0,"menu_order":0,"comment_status":"closed","ping_status":"closed","template":"","meta":{"footnotes":""},"class_list":["post-8839","page","type-page","status-publish","hentry"],"yoast_head":"<!-- This site is optimized with the Yoast SEO plugin v26.7 - https:\/\/yoast.com\/wordpress\/plugins\/seo\/ -->\n<title>Protection des donn\u00e9es personnelles - Ch\u00e2teau Montrose<\/title>\n<meta name=\"robots\" content=\"index, follow, max-snippet:-1, max-image-preview:large, max-video-preview:-1\" \/>\n<link rel=\"canonical\" href=\"https:\/\/www.chateau-montrose.com\/zh-hans\/protection-donnees-personnelles\/\" \/>\n<meta property=\"og:locale\" content=\"zh_CN\" \/>\n<meta property=\"og:type\" content=\"article\" \/>\n<meta property=\"og:title\" content=\"Protection des donn\u00e9es personnelles - Ch\u00e2teau Montrose\" \/>\n<meta property=\"og:description\" content=\"Politique de protection des donn\u00e9es personnelles \u00a0 La p [&hellip;]\" \/>\n<meta property=\"og:url\" content=\"https:\/\/www.chateau-montrose.com\/zh-hans\/protection-donnees-personnelles\/\" \/>\n<meta property=\"og:site_name\" content=\"Ch\u00e2teau Montrose\" \/>\n<meta property=\"article:modified_time\" content=\"2025-02-04T13:44:23+00:00\" \/>\n<meta name=\"twitter:card\" content=\"summary_large_image\" \/>\n<meta name=\"twitter:label1\" content=\"\u9884\u8ba1\u9605\u8bfb\u65f6\u95f4\" \/>\n\t<meta name=\"twitter:data1\" content=\"6 \u5206\" \/>\n<script type=\"application\/ld+json\" class=\"yoast-schema-graph\">{\"@context\":\"https:\/\/schema.org\",\"@graph\":[{\"@type\":\"WebPage\",\"@id\":\"https:\/\/www.chateau-montrose.com\/zh-hans\/protection-donnees-personnelles\/\",\"url\":\"https:\/\/www.chateau-montrose.com\/zh-hans\/protection-donnees-personnelles\/\",\"name\":\"Protection des donn\u00e9es personnelles - Ch\u00e2teau Montrose\",\"isPartOf\":{\"@id\":\"https:\/\/www.chateau-montrose.com\/#website\"},\"datePublished\":\"2018-07-04T07:02:16+00:00\",\"dateModified\":\"2025-02-04T13:44:23+00:00\",\"breadcrumb\":{\"@id\":\"https:\/\/www.chateau-montrose.com\/zh-hans\/protection-donnees-personnelles\/#breadcrumb\"},\"inLanguage\":\"zh-Hans\",\"potentialAction\":[{\"@type\":\"ReadAction\",\"target\":[\"https:\/\/www.chateau-montrose.com\/zh-hans\/protection-donnees-personnelles\/\"]}]},{\"@type\":\"BreadcrumbList\",\"@id\":\"https:\/\/www.chateau-montrose.com\/zh-hans\/protection-donnees-personnelles\/#breadcrumb\",\"itemListElement\":[{\"@type\":\"ListItem\",\"position\":1,\"name\":\"Accueil\",\"item\":\"https:\/\/www.chateau-montrose.com\/zh-hans\/\"},{\"@type\":\"ListItem\",\"position\":2,\"name\":\"Protection des donn\u00e9es personnelles\"}]},{\"@type\":\"WebSite\",\"@id\":\"https:\/\/www.chateau-montrose.com\/#website\",\"url\":\"https:\/\/www.chateau-montrose.com\/\",\"name\":\"Ch\u00e2teau Montrose\",\"description\":\"Un site utilisant WordPress\",\"potentialAction\":[{\"@type\":\"SearchAction\",\"target\":{\"@type\":\"EntryPoint\",\"urlTemplate\":\"https:\/\/www.chateau-montrose.com\/?s={search_term_string}\"},\"query-input\":{\"@type\":\"PropertyValueSpecification\",\"valueRequired\":true,\"valueName\":\"search_term_string\"}}],\"inLanguage\":\"zh-Hans\"}]}<\/script>\n<!-- \/ Yoast SEO plugin. -->","yoast_head_json":{"title":"Protection des donn\u00e9es personnelles - Ch\u00e2teau Montrose","robots":{"index":"index","follow":"follow","max-snippet":"max-snippet:-1","max-image-preview":"max-image-preview:large","max-video-preview":"max-video-preview:-1"},"canonical":"https:\/\/www.chateau-montrose.com\/zh-hans\/protection-donnees-personnelles\/","og_locale":"zh_CN","og_type":"article","og_title":"Protection des donn\u00e9es personnelles - Ch\u00e2teau Montrose","og_description":"Politique de protection des donn\u00e9es personnelles \u00a0 La p [&hellip;]","og_url":"https:\/\/www.chateau-montrose.com\/zh-hans\/protection-donnees-personnelles\/","og_site_name":"Ch\u00e2teau Montrose","article_modified_time":"2025-02-04T13:44:23+00:00","twitter_card":"summary_large_image","twitter_misc":{"\u9884\u8ba1\u9605\u8bfb\u65f6\u95f4":"6 \u5206"},"schema":{"@context":"https:\/\/schema.org","@graph":[{"@type":"WebPage","@id":"https:\/\/www.chateau-montrose.com\/zh-hans\/protection-donnees-personnelles\/","url":"https:\/\/www.chateau-montrose.com\/zh-hans\/protection-donnees-personnelles\/","name":"Protection des donn\u00e9es personnelles - Ch\u00e2teau Montrose","isPartOf":{"@id":"https:\/\/www.chateau-montrose.com\/#website"},"datePublished":"2018-07-04T07:02:16+00:00","dateModified":"2025-02-04T13:44:23+00:00","breadcrumb":{"@id":"https:\/\/www.chateau-montrose.com\/zh-hans\/protection-donnees-personnelles\/#breadcrumb"},"inLanguage":"zh-Hans","potentialAction":[{"@type":"ReadAction","target":["https:\/\/www.chateau-montrose.com\/zh-hans\/protection-donnees-personnelles\/"]}]},{"@type":"BreadcrumbList","@id":"https:\/\/www.chateau-montrose.com\/zh-hans\/protection-donnees-personnelles\/#breadcrumb","itemListElement":[{"@type":"ListItem","position":1,"name":"Accueil","item":"https:\/\/www.chateau-montrose.com\/zh-hans\/"},{"@type":"ListItem","position":2,"name":"Protection des donn\u00e9es personnelles"}]},{"@type":"WebSite","@id":"https:\/\/www.chateau-montrose.com\/#website","url":"https:\/\/www.chateau-montrose.com\/","name":"Ch\u00e2teau Montrose","description":"Un site utilisant WordPress","potentialAction":[{"@type":"SearchAction","target":{"@type":"EntryPoint","urlTemplate":"https:\/\/www.chateau-montrose.com\/?s={search_term_string}"},"query-input":{"@type":"PropertyValueSpecification","valueRequired":true,"valueName":"search_term_string"}}],"inLanguage":"zh-Hans"}]}},"_links":{"self":[{"href":"https:\/\/www.chateau-montrose.com\/zh-hans\/wp-json\/wp\/v2\/pages\/8839","targetHints":{"allow":["GET"]}}],"collection":[{"href":"https:\/\/www.chateau-montrose.com\/zh-hans\/wp-json\/wp\/v2\/pages"}],"about":[{"href":"https:\/\/www.chateau-montrose.com\/zh-hans\/wp-json\/wp\/v2\/types\/page"}],"author":[{"embeddable":true,"href":"https:\/\/www.chateau-montrose.com\/zh-hans\/wp-json\/wp\/v2\/users\/1"}],"replies":[{"embeddable":true,"href":"https:\/\/www.chateau-montrose.com\/zh-hans\/wp-json\/wp\/v2\/comments?post=8839"}],"version-history":[{"count":3,"href":"https:\/\/www.chateau-montrose.com\/zh-hans\/wp-json\/wp\/v2\/pages\/8839\/revisions"}],"predecessor-version":[{"id":11340,"href":"https:\/\/www.chateau-montrose.com\/zh-hans\/wp-json\/wp\/v2\/pages\/8839\/revisions\/11340"}],"wp:attachment":[{"href":"https:\/\/www.chateau-montrose.com\/zh-hans\/wp-json\/wp\/v2\/media?parent=8839"}],"curies":[{"name":"wp","href":"https:\/\/api.w.org\/{rel}","templated":true}]}}